{"id":5051,"date":"2025-03-13T10:07:56","date_gmt":"2025-03-13T14:07:56","guid":{"rendered":"https:\/\/darmes.ca\/?post_type=product&#038;p=5051"},"modified":"2026-01-30T13:54:44","modified_gmt":"2026-01-30T18:54:44","slug":"1979-pendant","status":"publish","type":"product","link":"https:\/\/darmes.ca\/fr\/produit\/1979-pendant\/","title":{"rendered":"1979 Pendant"},"content":{"rendered":"<p><span style=\"font-weight: 400;\">La collection 1979, issue de la collaboration entre Darmes et<\/span><a href=\"https:\/\/willchoui.com\/fr\/\"> <b>Will Choui<\/b><\/a><span style=\"font-weight: 400;\">, designer montr\u00e9alais, capture l\u2019essence brute d\u2019une \u00e9poque \u00e0 travers la lumi\u00e8re et les mat\u00e9riaux. Inspir\u00e9s par l\u2019<\/span><b>architecture brutaliste<\/b><span style=\"font-weight: 400;\"> de la fin des ann\u00e9es 1970 \u00e0 Montr\u00e9al, \u00e9mergeant comme une ode visuelle \u00e0 la beaut\u00e9 brute et \u00e0 la simplicit\u00e9. Un module <\/span><b>carr\u00e9 en aluminium<\/b><span style=\"font-weight: 400;\">, \u00e0 la fois structur\u00e9 et raffin\u00e9, diffuse une <\/span><b>lumi\u00e8re indirecte<\/b><span style=\"font-weight: 400;\"> \u00e0 travers une <\/span><b>grille<\/b><span style=\"font-weight: 400;\">, m\u00ealant ombre et \u00e9clat.<\/span><\/p>\n<p><span style=\"font-weight: 400;\">\u00ab Gr\u00e2ce \u00e0 la collaboration, nous encourageons les <\/span><b>talents \u00e9mergents<\/b><span style=\"font-weight: 400;\"> et optimisons notre <\/span><b>expertise en mati\u00e8re de design d&#8217;\u00e9clairage<\/b><span style=\"font-weight: 400;\"> \u00bb, explique Alexandre Joncas, designer en chef chez darmes.<\/span><\/p>\n<p><span style=\"font-weight: 400;\">Will Choui apporte une approche contemporaine a\u0300 l&#8217;esthe\u0301tique brutaliste avec un sens de l&#8217;\u00e9quilibre, transformant le luminaire en un artefact de m\u00e9moire. La collection se pre\u0301sente comme une expression artistique fusionnant deux mondes contraste\u0301s, celui du brutalisme et du <\/span><b>design contemporain<\/b><span style=\"font-weight: 400;\">, offrant ainsi une vision unique entre nostalgie et innovation faisant revivre la beaut\u00e9 d&#8217;une \u00e9poque r\u00e9volue. D\u00e9pouill\u00e9e de tout exc\u00e8s, la collection 1979 r\u00e9duit la lumi\u00e8re \u00e0 sa forme la plus pure.<\/span><\/p>\n<p><span style=\"font-weight: 400;\">&#8220;Ma collection est une ode a\u0300 la beaute\u0301 inexplore\u0301e du brutalisme, fusionnant les frontie\u0300res du passe\u0301 et du pre\u0301sent. J&#8217;ai voulu montrer comment la simplicite\u0301 et l&#8217;audace de l&#8217;architecture brutaliste peuvent se re\u0301inventer dans le contexte du design contemporain.&#8221; -Will Choui.<\/span><\/p>\n<p><span style=\"font-weight: 400;\">La collection 1979 a \u00e9t\u00e9 pr\u00e9sent\u00e9 pour la premi\u00e8re fois \u00e0 l\u2019<\/span><a href=\"https:\/\/icff.com\/\"><b>International Contemporary Furniture Fair (ICFF)<\/b><\/a><span style=\"font-weight: 400;\"> 2024 \u00e0 New York et \u00e0 <\/span><a href=\"https:\/\/www.alcova.xyz\/\"><b>Alcova<\/b><\/a><span style=\"font-weight: 400;\"> 2025 \u00e0 Milan.<\/span><\/p>\n<p><span style=\"font-weight: 400;\">1979 est disponible en diff\u00e9rentes configurations, permettant une vari\u00e9t\u00e9 de configurations : <\/span><b>triple,<\/b><a href=\"https:\/\/darmes.ca\/fr\/produit\/1979-pendant\/\"> <b>simple<\/b><\/a><b> ou au sol<\/b><span style=\"font-weight: 400;\">, elles s&#8217;adapteront <\/span><b>\u00e0 votre int\u00e9rieur<\/b><span style=\"font-weight: 400;\">. Les mod\u00e8les suspendus restent r\u00e9glables apr\u00e8s leur montage.<\/span><\/p>\n<p><span style=\"font-weight: 400;\">Les luminaires sont <\/span><b>assembl\u00e9s dans l\u2019atelier darmes<\/b><span style=\"font-weight: 400;\"> au Canada, utilisant de <\/span><b>l\u2019aluminium recyclables<\/b><span style=\"font-weight: 400;\">, en partenariat avec des <\/span><b>fournisseurs locaux<\/b><span style=\"font-weight: 400;\">. Ces collections sont exp\u00e9di\u00e9es dans le monde entier avec des mesures de <\/span><a href=\"https:\/\/darmes.ca\/fr\/livraison\/\"><b>compensation carbone<\/b><\/a><span style=\"font-weight: 400;\">.<\/span><\/p>\n<p><span style=\"font-weight: 400;\">Plusieurs finis sont disponibles :<\/span><\/p>\n<ul>\n<li style=\"font-weight: 400;\" aria-level=\"1\"><span style=\"font-weight: 400;\">Bronze Mat<\/span><\/li>\n<li style=\"font-weight: 400;\" aria-level=\"1\"><span style=\"font-weight: 400;\">Ivoire Mat<\/span><\/li>\n<li style=\"font-weight: 400;\" aria-level=\"1\"><span style=\"font-weight: 400;\">Noir Mat<\/span><\/li>\n<\/ul>\n","protected":false},"excerpt":{"rendered":"<p>La collection 1979, issue de la collaboration entre Darmes et Will Choui, designer montr\u00e9alais, capture l\u2019essence brute d\u2019une \u00e9poque \u00e0 travers la lumi\u00e8re et les mat\u00e9riaux. Inspir\u00e9s par l\u2019architecture brutaliste de la fin des ann\u00e9es 1970 \u00e0 Montr\u00e9al, \u00e9mergeant comme une ode visuelle \u00e0 la beaut\u00e9 brute et \u00e0 la simplicit\u00e9. Un module carr\u00e9 en [&#8230;]<\/p>\n<p><a class=\"btn btn-secondary understrap-read-more-link\" href=\"https:\/\/darmes.ca\/fr\/produit\/1979-pendant\/\">Lire plus&#8230;<\/a><\/p>\n","protected":false},"featured_media":5067,"template":"","meta":{"_acf_changed":false,"content-type":""},"product_brand":[],"product_cat":[58],"product_tag":[],"class_list":{"0":"post-5051","1":"product","2":"type-product","3":"status-publish","4":"has-post-thumbnail","6":"product_cat-plafond","7":"series-1979-fr","8":"madeinlocation-canada-fr","9":"certification-ada-fr","10":"certification-ul-fr-2","12":"first","13":"instock","14":"taxable","15":"shipping-taxable","16":"purchasable","17":"product-type-variable","18":"has-default-attributes"},"acf":[],"yoast_head":"<!-- This site is optimized with the Yoast SEO plugin v27.2 - https:\/\/yoast.com\/product\/yoast-seo-wordpress\/ -->\n<title>1979 Pendant - Designers et fabricants de luminaires au Canada<\/title>\n<meta name=\"description\" content=\"DARMES et Will Choui collaborent pour cr\u00e9er la collection de luminaires 1979. Disponible en version simple, triple suspendu ou au sol, fabriqu\u00e9e au Canada.\" \/>\n<meta name=\"robots\" content=\"index, follow, max-snippet:-1, max-image-preview:large, max-video-preview:-1\" \/>\n<link rel=\"canonical\" href=\"https:\/\/darmes.ca\/fr\/produit\/1979-pendant\/\" \/>\n<meta property=\"og:locale\" content=\"fr_FR\" \/>\n<meta property=\"og:type\" content=\"article\" \/>\n<meta property=\"og:title\" content=\"1979 Pendant - Designers et fabricants de luminaires au Canada\" \/>\n<meta property=\"og:description\" content=\"DARMES et Will Choui collaborent pour cr\u00e9er la collection de luminaires 1979. Disponible en version simple, triple suspendu ou au sol, fabriqu\u00e9e au Canada.\" \/>\n<meta property=\"og:url\" content=\"https:\/\/darmes.ca\/fr\/produit\/1979-pendant\/\" \/>\n<meta property=\"og:site_name\" content=\"Designers et fabricants de luminaires au Canada\" \/>\n<meta property=\"article:modified_time\" content=\"2026-01-30T18:54:44+00:00\" \/>\n<meta property=\"og:image\" content=\"https:\/\/darmes.ca\/wp-content\/uploads\/2025\/03\/1979_Rendu-Light-Ivory-3000x3000.png\" \/>\n\t<meta property=\"og:image:width\" content=\"3000\" \/>\n\t<meta property=\"og:image:height\" content=\"3000\" \/>\n\t<meta property=\"og:image:type\" content=\"image\/png\" \/>\n<meta name=\"twitter:card\" content=\"summary_large_image\" \/>\n<meta name=\"twitter:label1\" content=\"Dur\u00e9e de lecture estim\u00e9e\" \/>\n\t<meta name=\"twitter:data1\" content=\"2 minutes\" \/>\n<script type=\"application\/ld+json\" class=\"yoast-schema-graph\">{\"@context\":\"https:\/\/schema.org\",\"@graph\":[{\"@type\":\"WebPage\",\"@id\":\"https:\/\/darmes.ca\/fr\/produit\/1979-pendant\/\",\"url\":\"https:\/\/darmes.ca\/fr\/produit\/1979-pendant\/\",\"name\":\"1979 Pendant - Designers et fabricants de luminaires au Canada\",\"isPartOf\":{\"@id\":\"https:\/\/darmes.ca\/fr\/#website\"},\"primaryImageOfPage\":{\"@id\":\"https:\/\/darmes.ca\/fr\/produit\/1979-pendant\/#primaryimage\"},\"image\":{\"@id\":\"https:\/\/darmes.ca\/fr\/produit\/1979-pendant\/#primaryimage\"},\"thumbnailUrl\":\"https:\/\/darmes.ca\/wp-content\/uploads\/2025\/03\/1979_Rendu-Light-Ivory.png\",\"datePublished\":\"2025-03-13T14:07:56+00:00\",\"dateModified\":\"2026-01-30T18:54:44+00:00\",\"description\":\"DARMES et Will Choui collaborent pour cr\u00e9er la collection de luminaires 1979. Disponible en version simple, triple suspendu ou au sol, fabriqu\u00e9e au Canada.\",\"breadcrumb\":{\"@id\":\"https:\/\/darmes.ca\/fr\/produit\/1979-pendant\/#breadcrumb\"},\"inLanguage\":\"fr-FR\",\"potentialAction\":[{\"@type\":\"ReadAction\",\"target\":[\"https:\/\/darmes.ca\/fr\/produit\/1979-pendant\/\"]}]},{\"@type\":\"ImageObject\",\"inLanguage\":\"fr-FR\",\"@id\":\"https:\/\/darmes.ca\/fr\/produit\/1979-pendant\/#primaryimage\",\"url\":\"https:\/\/darmes.ca\/wp-content\/uploads\/2025\/03\/1979_Rendu-Light-Ivory.png\",\"contentUrl\":\"https:\/\/darmes.ca\/wp-content\/uploads\/2025\/03\/1979_Rendu-Light-Ivory.png\",\"width\":7680,\"height\":7680},{\"@type\":\"BreadcrumbList\",\"@id\":\"https:\/\/darmes.ca\/fr\/produit\/1979-pendant\/#breadcrumb\",\"itemListElement\":[{\"@type\":\"ListItem\",\"position\":1,\"name\":\"Home\",\"item\":\"https:\/\/darmes.ca\/fr\/\"},{\"@type\":\"ListItem\",\"position\":2,\"name\":\"Darmes\",\"item\":\"https:\/\/darmes.ca\/fr\/\"},{\"@type\":\"ListItem\",\"position\":3,\"name\":\"1979 Pendant\"}]},{\"@type\":\"WebSite\",\"@id\":\"https:\/\/darmes.ca\/fr\/#website\",\"url\":\"https:\/\/darmes.ca\/fr\/\",\"name\":\"Designers et fabricants de luminaires au Canada\",\"description\":\"\",\"publisher\":{\"@id\":\"https:\/\/darmes.ca\/fr\/#organization\"},\"potentialAction\":[{\"@type\":\"SearchAction\",\"target\":{\"@type\":\"EntryPoint\",\"urlTemplate\":\"https:\/\/darmes.ca\/fr\/?s={search_term_string}\"},\"query-input\":{\"@type\":\"PropertyValueSpecification\",\"valueRequired\":true,\"valueName\":\"search_term_string\"}}],\"inLanguage\":\"fr-FR\"},{\"@type\":\"Organization\",\"@id\":\"https:\/\/darmes.ca\/fr\/#organization\",\"name\":\"d'Armes\",\"url\":\"https:\/\/darmes.ca\/fr\/\",\"logo\":{\"@type\":\"ImageObject\",\"inLanguage\":\"fr-FR\",\"@id\":\"https:\/\/darmes.ca\/fr\/#\/schema\/logo\/image\/\",\"url\":\"https:\/\/darmes.ca\/wp-content\/uploads\/2021\/07\/darmes-logo.png\",\"contentUrl\":\"https:\/\/darmes.ca\/wp-content\/uploads\/2021\/07\/darmes-logo.png\",\"width\":250,\"height\":258,\"caption\":\"d'Armes\"},\"image\":{\"@id\":\"https:\/\/darmes.ca\/fr\/#\/schema\/logo\/image\/\"}}]}<\/script>\n<!-- \/ Yoast SEO plugin. -->","yoast_head_json":{"title":"1979 Pendant - Designers et fabricants de luminaires au Canada","description":"DARMES et Will Choui collaborent pour cr\u00e9er la collection de luminaires 1979. Disponible en version simple, triple suspendu ou au sol, fabriqu\u00e9e au Canada.","robots":{"index":"index","follow":"follow","max-snippet":"max-snippet:-1","max-image-preview":"max-image-preview:large","max-video-preview":"max-video-preview:-1"},"canonical":"https:\/\/darmes.ca\/fr\/produit\/1979-pendant\/","og_locale":"fr_FR","og_type":"article","og_title":"1979 Pendant - Designers et fabricants de luminaires au Canada","og_description":"DARMES et Will Choui collaborent pour cr\u00e9er la collection de luminaires 1979. Disponible en version simple, triple suspendu ou au sol, fabriqu\u00e9e au Canada.","og_url":"https:\/\/darmes.ca\/fr\/produit\/1979-pendant\/","og_site_name":"Designers et fabricants de luminaires au Canada","article_modified_time":"2026-01-30T18:54:44+00:00","og_image":[{"width":3000,"height":3000,"url":"https:\/\/darmes.ca\/wp-content\/uploads\/2025\/03\/1979_Rendu-Light-Ivory-3000x3000.png","type":"image\/png"}],"twitter_card":"summary_large_image","twitter_misc":{"Dur\u00e9e de lecture estim\u00e9e":"2 minutes"},"schema":{"@context":"https:\/\/schema.org","@graph":[{"@type":"WebPage","@id":"https:\/\/darmes.ca\/fr\/produit\/1979-pendant\/","url":"https:\/\/darmes.ca\/fr\/produit\/1979-pendant\/","name":"1979 Pendant - Designers et fabricants de luminaires au Canada","isPartOf":{"@id":"https:\/\/darmes.ca\/fr\/#website"},"primaryImageOfPage":{"@id":"https:\/\/darmes.ca\/fr\/produit\/1979-pendant\/#primaryimage"},"image":{"@id":"https:\/\/darmes.ca\/fr\/produit\/1979-pendant\/#primaryimage"},"thumbnailUrl":"https:\/\/darmes.ca\/wp-content\/uploads\/2025\/03\/1979_Rendu-Light-Ivory.png","datePublished":"2025-03-13T14:07:56+00:00","dateModified":"2026-01-30T18:54:44+00:00","description":"DARMES et Will Choui collaborent pour cr\u00e9er la collection de luminaires 1979. Disponible en version simple, triple suspendu ou au sol, fabriqu\u00e9e au Canada.","breadcrumb":{"@id":"https:\/\/darmes.ca\/fr\/produit\/1979-pendant\/#breadcrumb"},"inLanguage":"fr-FR","potentialAction":[{"@type":"ReadAction","target":["https:\/\/darmes.ca\/fr\/produit\/1979-pendant\/"]}]},{"@type":"ImageObject","inLanguage":"fr-FR","@id":"https:\/\/darmes.ca\/fr\/produit\/1979-pendant\/#primaryimage","url":"https:\/\/darmes.ca\/wp-content\/uploads\/2025\/03\/1979_Rendu-Light-Ivory.png","contentUrl":"https:\/\/darmes.ca\/wp-content\/uploads\/2025\/03\/1979_Rendu-Light-Ivory.png","width":7680,"height":7680},{"@type":"BreadcrumbList","@id":"https:\/\/darmes.ca\/fr\/produit\/1979-pendant\/#breadcrumb","itemListElement":[{"@type":"ListItem","position":1,"name":"Home","item":"https:\/\/darmes.ca\/fr\/"},{"@type":"ListItem","position":2,"name":"Darmes","item":"https:\/\/darmes.ca\/fr\/"},{"@type":"ListItem","position":3,"name":"1979 Pendant"}]},{"@type":"WebSite","@id":"https:\/\/darmes.ca\/fr\/#website","url":"https:\/\/darmes.ca\/fr\/","name":"Designers et fabricants de luminaires au Canada","description":"","publisher":{"@id":"https:\/\/darmes.ca\/fr\/#organization"},"potentialAction":[{"@type":"SearchAction","target":{"@type":"EntryPoint","urlTemplate":"https:\/\/darmes.ca\/fr\/?s={search_term_string}"},"query-input":{"@type":"PropertyValueSpecification","valueRequired":true,"valueName":"search_term_string"}}],"inLanguage":"fr-FR"},{"@type":"Organization","@id":"https:\/\/darmes.ca\/fr\/#organization","name":"d'Armes","url":"https:\/\/darmes.ca\/fr\/","logo":{"@type":"ImageObject","inLanguage":"fr-FR","@id":"https:\/\/darmes.ca\/fr\/#\/schema\/logo\/image\/","url":"https:\/\/darmes.ca\/wp-content\/uploads\/2021\/07\/darmes-logo.png","contentUrl":"https:\/\/darmes.ca\/wp-content\/uploads\/2021\/07\/darmes-logo.png","width":250,"height":258,"caption":"d'Armes"},"image":{"@id":"https:\/\/darmes.ca\/fr\/#\/schema\/logo\/image\/"}}]}},"_links":{"self":[{"href":"https:\/\/darmes.ca\/fr\/wp-json\/wp\/v2\/product\/5051","targetHints":{"allow":["GET"]}}],"collection":[{"href":"https:\/\/darmes.ca\/fr\/wp-json\/wp\/v2\/product"}],"about":[{"href":"https:\/\/darmes.ca\/fr\/wp-json\/wp\/v2\/types\/product"}],"wp:featuredmedia":[{"embeddable":true,"href":"https:\/\/darmes.ca\/fr\/wp-json\/wp\/v2\/media\/5067"}],"wp:attachment":[{"href":"https:\/\/darmes.ca\/fr\/wp-json\/wp\/v2\/media?parent=5051"}],"wp:term":[{"taxonomy":"product_brand","embeddable":true,"href":"https:\/\/darmes.ca\/fr\/wp-json\/wp\/v2\/product_brand?post=5051"},{"taxonomy":"product_cat","embeddable":true,"href":"https:\/\/darmes.ca\/fr\/wp-json\/wp\/v2\/product_cat?post=5051"},{"taxonomy":"product_tag","embeddable":true,"href":"https:\/\/darmes.ca\/fr\/wp-json\/wp\/v2\/product_tag?post=5051"}],"curies":[{"name":"wp","href":"https:\/\/api.w.org\/{rel}","templated":true}]}}