{"id":5020,"date":"2025-01-20T16:14:26","date_gmt":"2025-01-20T21:14:26","guid":{"rendered":"https:\/\/darmes.ca\/product\/doppler-tripple-2\/"},"modified":"2026-01-09T04:26:26","modified_gmt":"2026-01-09T09:26:26","slug":"doppler-tripple","status":"publish","type":"product","link":"https:\/\/darmes.ca\/fr\/produit\/doppler-tripple\/","title":{"rendered":"Doppler Triple"},"content":{"rendered":"<p><span style=\"font-weight: 400;\">La collection, Doppler, s\u2019inspire de l\u2019eau et se distingue par des pi\u00e8ces fluides et captivantes gr\u00e2ce \u00e0 leur \u00e9clat brillant et \u00e0 leurs reflets surprenants. Un \u00e9clat brillant associ\u00e9 \u00e0 la fluidit\u00e9 et \u00e0 des reflets de lumi\u00e8re surprenants. Apr\u00e8s plusieurs mois de partage artistique et de connaissance, le designer<\/span><a href=\"https:\/\/www.finkrstudio.com\/about\"> <span style=\"font-weight: 400;\">Florian Martin<\/span><\/a><span style=\"font-weight: 400;\"> et DARMES ont d\u00e9velopp\u00e9 cette collection. Que ce soit sous forme de suspension <\/span><b>simple ou triple, de lampe de sol<\/b><span style=\"font-weight: 400;\"> ou d&#8217;applique murale, chaque pi\u00e8ce Doppler invite \u00e0 explorer la forme et la perspective, d\u00e9verrouillant un monde de possibilit\u00e9s cr\u00e9atives.<\/span><\/p>\n<p><span style=\"font-weight: 400;\">\u00c0 propos de la vision et de la motivation de darmes dans cette collaboration, le <\/span><b>designer en chef Alexandre Joncas<\/b><span style=\"font-weight: 400;\"> a d\u00e9clar\u00e9 : \u00ab Par la collaboration, nous valorisons les <\/span><b>talents \u00e9mergents<\/b><span style=\"font-weight: 400;\"> en leur apportant notre <\/span><b>expertise de l\u2019\u00e9clairage.<\/b><span style=\"font-weight: 400;\"> Notre concentration sur un design authentique refl\u00e8te nos valeurs fondamentales et stimule nos efforts. Partager nos visions et prendre plaisir \u00e0 cr\u00e9er ensemble : un \u00e9tat d&#8217;esprit qui permet l&#8217;<\/span><b>innovation en design<\/b><span style=\"font-weight: 400;\">. \u00bb<\/span><\/p>\n<p><span style=\"font-weight: 400;\">La collection Doppler a \u00e9t\u00e9 pr\u00e9sent\u00e9 pour la premi\u00e8re fois \u00e0 l\u2019<\/span><a href=\"https:\/\/icff.com\/\"><b>International Contemporary Furniture Fair (ICFF)<\/b><\/a><span style=\"font-weight: 400;\"> 2024 \u00e0 New York et \u00e0<\/span><a href=\"https:\/\/www.alcova.xyz\/\"> <b>Alcova<\/b><\/a><span style=\"font-weight: 400;\"> 2025 \u00e0 Milan.<\/span><\/p>\n<p><span style=\"font-weight: 400;\">Doppler est disponible en diff\u00e9rentes configurations, permettant une vari\u00e9t\u00e9 d&#8217;agencements spatiaux <\/span><b>adapt\u00e9s \u00e0 votre int\u00e9rieur<\/b><span style=\"font-weight: 400;\">. Chaque <\/span><b>t\u00eate peut \u00eatre pivot\u00e9e<\/b><span style=\"font-weight: 400;\"> lors de l&#8217;installation afin de s\u00e9lectionner le meilleur angle d&#8217;\u00e9clairage avec la version <a href=\"https:\/\/darmes.ca\/fr\/produit\/doppler-wall\/\" target=\"_blank\" rel=\"noopener\">murale<\/a>, <a href=\"https:\/\/darmes.ca\/fr\/produit\/doppler-tripple\/\" target=\"_blank\" rel=\"noopener\">triple<\/a> ou <a href=\"https:\/\/darmes.ca\/fr\/produit\/doppler-pendant\/\" target=\"_blank\" rel=\"noopener\">simple<\/a>. Les<\/span> <span style=\"font-weight: 400;\">mod\u00e8les suspendus<\/span><span style=\"font-weight: 400;\"> restent r\u00e9glables apr\u00e8s leur montage.<\/span><\/p>\n<p><span style=\"font-weight: 400;\">La collection Doppler sont <\/span><b>assembl\u00e9s dans l&#8217;atelier darmes<\/b><span style=\"font-weight: 400;\"> au Canada, utilisant de <\/span><b>l&#8217;aluminium et de l&#8217;acier recyclables<\/b><span style=\"font-weight: 400;\">, en partenariat avec des <\/span><b>fournisseurs locaux<\/b><span style=\"font-weight: 400;\">. Ces collections sont exp\u00e9di\u00e9es dans le monde entier avec des mesures de<\/span><a href=\"https:\/\/darmes.ca\/fr\/livraison\/\"> <b>compensation carbone<\/b><\/a><span style=\"font-weight: 400;\">.<\/span><\/p>\n<p><span style=\"font-weight: 400;\">Finis disponibles :<\/span><\/p>\n<ul>\n<li style=\"font-weight: 400;\" aria-level=\"1\"><span style=\"font-weight: 400;\">Ivoire Brillant<\/span><\/li>\n<li style=\"font-weight: 400;\" aria-level=\"1\"><span style=\"font-weight: 400;\">Noir brillant<\/span><\/li>\n<li style=\"font-weight: 400;\" aria-level=\"1\"><span style=\"font-weight: 400;\">Chrome<\/span><\/li>\n<li style=\"font-weight: 400;\" aria-level=\"1\"><span style=\"font-weight: 400;\">Or 12k<\/span><\/li>\n<\/ul>\n","protected":false},"excerpt":{"rendered":"<p>La collection, Doppler, s\u2019inspire de l\u2019eau et se distingue par des pi\u00e8ces fluides et captivantes gr\u00e2ce \u00e0 leur \u00e9clat brillant et \u00e0 leurs reflets surprenants. Un \u00e9clat brillant associ\u00e9 \u00e0 la fluidit\u00e9 et \u00e0 des reflets de lumi\u00e8re surprenants. Apr\u00e8s plusieurs mois de partage artistique et de connaissance, le designer Florian Martin et DARMES ont [&#8230;]<\/p>\n<p><a class=\"btn btn-secondary understrap-read-more-link\" href=\"https:\/\/darmes.ca\/fr\/produit\/doppler-tripple\/\">Lire plus&#8230;<\/a><\/p>\n","protected":false},"featured_media":4981,"template":"","meta":{"_acf_changed":false,"content-type":""},"product_brand":[],"product_cat":[58],"product_tag":[],"class_list":{"0":"post-5020","1":"product","2":"type-product","3":"status-publish","4":"has-post-thumbnail","6":"product_cat-plafond","7":"series-doppler-2-fr","8":"madeinlocation-canada-fr","9":"certification-ce-fr-2","10":"certification-ul-fr-2","12":"first","13":"instock","14":"taxable","15":"shipping-taxable","16":"purchasable","17":"product-type-variable"},"acf":[],"yoast_head":"<!-- This site is optimized with the Yoast SEO plugin v27.2 - https:\/\/yoast.com\/product\/yoast-seo-wordpress\/ -->\n<title>Doppler Triple - Designers et fabricants de luminaires au Canada<\/title>\n<meta name=\"description\" content=\"DARMES et Florian Martin ont collabor\u00e9 pour cr\u00e9er la collection de luminaires Doppler. Disponible en version suspendu ou murale, fabriqu\u00e9e au Canada.\" \/>\n<meta name=\"robots\" content=\"index, follow, max-snippet:-1, max-image-preview:large, max-video-preview:-1\" \/>\n<link rel=\"canonical\" href=\"https:\/\/darmes.ca\/fr\/produit\/doppler-tripple\/\" \/>\n<meta property=\"og:locale\" content=\"fr_FR\" \/>\n<meta property=\"og:type\" content=\"article\" \/>\n<meta property=\"og:title\" content=\"Doppler Triple - Designers et fabricants de luminaires au Canada\" \/>\n<meta property=\"og:description\" content=\"DARMES et Florian Martin ont collabor\u00e9 pour cr\u00e9er la collection de luminaires Doppler. Disponible en version suspendu ou murale, fabriqu\u00e9e au Canada.\" \/>\n<meta property=\"og:url\" content=\"https:\/\/darmes.ca\/fr\/produit\/doppler-tripple\/\" \/>\n<meta property=\"og:site_name\" content=\"Designers et fabricants de luminaires au Canada\" \/>\n<meta property=\"article:modified_time\" content=\"2026-01-09T09:26:26+00:00\" \/>\n<meta property=\"og:image\" content=\"https:\/\/darmes.ca\/wp-content\/uploads\/2025\/01\/DOTR_Rendu-Shiny-Black-1.png\" \/>\n\t<meta property=\"og:image:width\" content=\"2825\" \/>\n\t<meta property=\"og:image:height\" content=\"2385\" \/>\n\t<meta property=\"og:image:type\" content=\"image\/png\" \/>\n<meta name=\"twitter:card\" content=\"summary_large_image\" \/>\n<meta name=\"twitter:label1\" content=\"Dur\u00e9e de lecture estim\u00e9e\" \/>\n\t<meta name=\"twitter:data1\" content=\"2 minutes\" \/>\n<script type=\"application\/ld+json\" class=\"yoast-schema-graph\">{\"@context\":\"https:\/\/schema.org\",\"@graph\":[{\"@type\":\"WebPage\",\"@id\":\"https:\/\/darmes.ca\/fr\/produit\/doppler-tripple\/\",\"url\":\"https:\/\/darmes.ca\/fr\/produit\/doppler-tripple\/\",\"name\":\"Doppler Triple - Designers et fabricants de luminaires au Canada\",\"isPartOf\":{\"@id\":\"https:\/\/darmes.ca\/fr\/#website\"},\"primaryImageOfPage\":{\"@id\":\"https:\/\/darmes.ca\/fr\/produit\/doppler-tripple\/#primaryimage\"},\"image\":{\"@id\":\"https:\/\/darmes.ca\/fr\/produit\/doppler-tripple\/#primaryimage\"},\"thumbnailUrl\":\"https:\/\/darmes.ca\/wp-content\/uploads\/2025\/01\/DOTR_Rendu-Shiny-Black-1.png\",\"datePublished\":\"2025-01-20T21:14:26+00:00\",\"dateModified\":\"2026-01-09T09:26:26+00:00\",\"description\":\"DARMES et Florian Martin ont collabor\u00e9 pour cr\u00e9er la collection de luminaires Doppler. Disponible en version suspendu ou murale, fabriqu\u00e9e au Canada.\",\"breadcrumb\":{\"@id\":\"https:\/\/darmes.ca\/fr\/produit\/doppler-tripple\/#breadcrumb\"},\"inLanguage\":\"fr-FR\",\"potentialAction\":[{\"@type\":\"ReadAction\",\"target\":[\"https:\/\/darmes.ca\/fr\/produit\/doppler-tripple\/\"]}]},{\"@type\":\"ImageObject\",\"inLanguage\":\"fr-FR\",\"@id\":\"https:\/\/darmes.ca\/fr\/produit\/doppler-tripple\/#primaryimage\",\"url\":\"https:\/\/darmes.ca\/wp-content\/uploads\/2025\/01\/DOTR_Rendu-Shiny-Black-1.png\",\"contentUrl\":\"https:\/\/darmes.ca\/wp-content\/uploads\/2025\/01\/DOTR_Rendu-Shiny-Black-1.png\",\"width\":2825,\"height\":2385},{\"@type\":\"BreadcrumbList\",\"@id\":\"https:\/\/darmes.ca\/fr\/produit\/doppler-tripple\/#breadcrumb\",\"itemListElement\":[{\"@type\":\"ListItem\",\"position\":1,\"name\":\"Home\",\"item\":\"https:\/\/darmes.ca\/fr\/\"},{\"@type\":\"ListItem\",\"position\":2,\"name\":\"Darmes\",\"item\":\"https:\/\/darmes.ca\/fr\/\"},{\"@type\":\"ListItem\",\"position\":3,\"name\":\"Doppler Triple\"}]},{\"@type\":\"WebSite\",\"@id\":\"https:\/\/darmes.ca\/fr\/#website\",\"url\":\"https:\/\/darmes.ca\/fr\/\",\"name\":\"Designers et fabricants de luminaires au Canada\",\"description\":\"\",\"publisher\":{\"@id\":\"https:\/\/darmes.ca\/fr\/#organization\"},\"potentialAction\":[{\"@type\":\"SearchAction\",\"target\":{\"@type\":\"EntryPoint\",\"urlTemplate\":\"https:\/\/darmes.ca\/fr\/?s={search_term_string}\"},\"query-input\":{\"@type\":\"PropertyValueSpecification\",\"valueRequired\":true,\"valueName\":\"search_term_string\"}}],\"inLanguage\":\"fr-FR\"},{\"@type\":\"Organization\",\"@id\":\"https:\/\/darmes.ca\/fr\/#organization\",\"name\":\"d'Armes\",\"url\":\"https:\/\/darmes.ca\/fr\/\",\"logo\":{\"@type\":\"ImageObject\",\"inLanguage\":\"fr-FR\",\"@id\":\"https:\/\/darmes.ca\/fr\/#\/schema\/logo\/image\/\",\"url\":\"https:\/\/darmes.ca\/wp-content\/uploads\/2021\/07\/darmes-logo.png\",\"contentUrl\":\"https:\/\/darmes.ca\/wp-content\/uploads\/2021\/07\/darmes-logo.png\",\"width\":250,\"height\":258,\"caption\":\"d'Armes\"},\"image\":{\"@id\":\"https:\/\/darmes.ca\/fr\/#\/schema\/logo\/image\/\"}}]}<\/script>\n<!-- \/ Yoast SEO plugin. -->","yoast_head_json":{"title":"Doppler Triple - Designers et fabricants de luminaires au Canada","description":"DARMES et Florian Martin ont collabor\u00e9 pour cr\u00e9er la collection de luminaires Doppler. Disponible en version suspendu ou murale, fabriqu\u00e9e au Canada.","robots":{"index":"index","follow":"follow","max-snippet":"max-snippet:-1","max-image-preview":"max-image-preview:large","max-video-preview":"max-video-preview:-1"},"canonical":"https:\/\/darmes.ca\/fr\/produit\/doppler-tripple\/","og_locale":"fr_FR","og_type":"article","og_title":"Doppler Triple - Designers et fabricants de luminaires au Canada","og_description":"DARMES et Florian Martin ont collabor\u00e9 pour cr\u00e9er la collection de luminaires Doppler. Disponible en version suspendu ou murale, fabriqu\u00e9e au Canada.","og_url":"https:\/\/darmes.ca\/fr\/produit\/doppler-tripple\/","og_site_name":"Designers et fabricants de luminaires au Canada","article_modified_time":"2026-01-09T09:26:26+00:00","og_image":[{"width":2825,"height":2385,"url":"https:\/\/darmes.ca\/wp-content\/uploads\/2025\/01\/DOTR_Rendu-Shiny-Black-1.png","type":"image\/png"}],"twitter_card":"summary_large_image","twitter_misc":{"Dur\u00e9e de lecture estim\u00e9e":"2 minutes"},"schema":{"@context":"https:\/\/schema.org","@graph":[{"@type":"WebPage","@id":"https:\/\/darmes.ca\/fr\/produit\/doppler-tripple\/","url":"https:\/\/darmes.ca\/fr\/produit\/doppler-tripple\/","name":"Doppler Triple - Designers et fabricants de luminaires au Canada","isPartOf":{"@id":"https:\/\/darmes.ca\/fr\/#website"},"primaryImageOfPage":{"@id":"https:\/\/darmes.ca\/fr\/produit\/doppler-tripple\/#primaryimage"},"image":{"@id":"https:\/\/darmes.ca\/fr\/produit\/doppler-tripple\/#primaryimage"},"thumbnailUrl":"https:\/\/darmes.ca\/wp-content\/uploads\/2025\/01\/DOTR_Rendu-Shiny-Black-1.png","datePublished":"2025-01-20T21:14:26+00:00","dateModified":"2026-01-09T09:26:26+00:00","description":"DARMES et Florian Martin ont collabor\u00e9 pour cr\u00e9er la collection de luminaires Doppler. Disponible en version suspendu ou murale, fabriqu\u00e9e au Canada.","breadcrumb":{"@id":"https:\/\/darmes.ca\/fr\/produit\/doppler-tripple\/#breadcrumb"},"inLanguage":"fr-FR","potentialAction":[{"@type":"ReadAction","target":["https:\/\/darmes.ca\/fr\/produit\/doppler-tripple\/"]}]},{"@type":"ImageObject","inLanguage":"fr-FR","@id":"https:\/\/darmes.ca\/fr\/produit\/doppler-tripple\/#primaryimage","url":"https:\/\/darmes.ca\/wp-content\/uploads\/2025\/01\/DOTR_Rendu-Shiny-Black-1.png","contentUrl":"https:\/\/darmes.ca\/wp-content\/uploads\/2025\/01\/DOTR_Rendu-Shiny-Black-1.png","width":2825,"height":2385},{"@type":"BreadcrumbList","@id":"https:\/\/darmes.ca\/fr\/produit\/doppler-tripple\/#breadcrumb","itemListElement":[{"@type":"ListItem","position":1,"name":"Home","item":"https:\/\/darmes.ca\/fr\/"},{"@type":"ListItem","position":2,"name":"Darmes","item":"https:\/\/darmes.ca\/fr\/"},{"@type":"ListItem","position":3,"name":"Doppler Triple"}]},{"@type":"WebSite","@id":"https:\/\/darmes.ca\/fr\/#website","url":"https:\/\/darmes.ca\/fr\/","name":"Designers et fabricants de luminaires au Canada","description":"","publisher":{"@id":"https:\/\/darmes.ca\/fr\/#organization"},"potentialAction":[{"@type":"SearchAction","target":{"@type":"EntryPoint","urlTemplate":"https:\/\/darmes.ca\/fr\/?s={search_term_string}"},"query-input":{"@type":"PropertyValueSpecification","valueRequired":true,"valueName":"search_term_string"}}],"inLanguage":"fr-FR"},{"@type":"Organization","@id":"https:\/\/darmes.ca\/fr\/#organization","name":"d'Armes","url":"https:\/\/darmes.ca\/fr\/","logo":{"@type":"ImageObject","inLanguage":"fr-FR","@id":"https:\/\/darmes.ca\/fr\/#\/schema\/logo\/image\/","url":"https:\/\/darmes.ca\/wp-content\/uploads\/2021\/07\/darmes-logo.png","contentUrl":"https:\/\/darmes.ca\/wp-content\/uploads\/2021\/07\/darmes-logo.png","width":250,"height":258,"caption":"d'Armes"},"image":{"@id":"https:\/\/darmes.ca\/fr\/#\/schema\/logo\/image\/"}}]}},"_links":{"self":[{"href":"https:\/\/darmes.ca\/fr\/wp-json\/wp\/v2\/product\/5020","targetHints":{"allow":["GET"]}}],"collection":[{"href":"https:\/\/darmes.ca\/fr\/wp-json\/wp\/v2\/product"}],"about":[{"href":"https:\/\/darmes.ca\/fr\/wp-json\/wp\/v2\/types\/product"}],"wp:featuredmedia":[{"embeddable":true,"href":"https:\/\/darmes.ca\/fr\/wp-json\/wp\/v2\/media\/4981"}],"wp:attachment":[{"href":"https:\/\/darmes.ca\/fr\/wp-json\/wp\/v2\/media?parent=5020"}],"wp:term":[{"taxonomy":"product_brand","embeddable":true,"href":"https:\/\/darmes.ca\/fr\/wp-json\/wp\/v2\/product_brand?post=5020"},{"taxonomy":"product_cat","embeddable":true,"href":"https:\/\/darmes.ca\/fr\/wp-json\/wp\/v2\/product_cat?post=5020"},{"taxonomy":"product_tag","embeddable":true,"href":"https:\/\/darmes.ca\/fr\/wp-json\/wp\/v2\/product_tag?post=5020"}],"curies":[{"name":"wp","href":"https:\/\/api.w.org\/{rel}","templated":true}]}}