{"id":4239,"date":"2021-09-20T14:00:23","date_gmt":"2021-09-20T18:00:23","guid":{"rendered":"https:\/\/darmes.ca\/?post_type=product&#038;p=4239"},"modified":"2025-09-02T10:38:33","modified_gmt":"2025-09-02T14:38:33","slug":"ra-line-petite","status":"publish","type":"product","link":"https:\/\/darmes.ca\/fr\/produit\/ra-line-petite\/","title":{"rendered":"Ra Line Petite"},"content":{"rendered":"<p><b>Ra Line<\/b><span style=\"font-weight: 400;\">, d\u00e9sign\u00e9 par Alex Joncas, se distingue par une dualit\u00e9 fascinante entre force et d\u00e9licatesse. Au c\u0153ur de cette collection se trouve un tube en <\/span><b>verre borosilicat\u00e9<\/b><span style=\"font-weight: 400;\">, dont le passage \u00e0 travers les supports m\u00e9talliques cr\u00e9e un contraste saisissant, conf\u00e9rant \u00e0 chaque luminaire une pr\u00e9sence sculpturale et captivante. \u00c0 l&#8217;origine, l&#8217;inspiration vient du <\/span><b>n\u00e9on<\/b><span style=\"font-weight: 400;\">, souvent per\u00e7u comme une source de lumi\u00e8re crue et intense des enseignes de nuit. Darmes r\u00e9interpr\u00e8te cet objet iconique pour lui insuffler une nouvelle vie, une esth\u00e9tique raffin\u00e9e et une intemporalit\u00e9 qui transcendent les tendances.<\/span><\/p>\n<p><b>Ra Line<\/b><span style=\"font-weight: 400;\"> est disponible en trois formats :<\/span><a href=\"https:\/\/darmes.ca\/fr\/produit\/ra-line-petite\/\"> <span style=\"font-weight: 400;\">petite<\/span><\/a><span style=\"font-weight: 400;\">,<\/span><a href=\"https:\/\/darmes.ca\/fr\/produit\/ra-line-moyenne\/\"> <span style=\"font-weight: 400;\">moyenne<\/span><\/a><span style=\"font-weight: 400;\"> et<\/span><a href=\"https:\/\/darmes.ca\/fr\/produit\/ra-line-grande\/\"> <span style=\"font-weight: 400;\">grande<\/span><\/a><span style=\"font-weight: 400;\">, avec une \u00e9dition sp\u00e9ciale dot\u00e9e d&#8217;une finition en ambre clair, ajoutant une touche de chaleur et d&#8217;unicit\u00e9. Chaque pi\u00e8ce de la collection est une \u0153uvre d&#8217;\u00e9quilibre, alliant la fragilit\u00e9 du verre \u00e0 la solidit\u00e9 de sa structure, cr\u00e9ant une harmonie visuelle ind\u00e9niable.<\/span><\/p>\n<p><span style=\"font-weight: 400;\">Les <\/span><b>tubes LED<\/b><span style=\"font-weight: 400;\">, minutieusement encapsul\u00e9s, diffusent une <\/span><b>lumi\u00e8re douce<\/b><span style=\"font-weight: 400;\"> et enveloppante. La temp\u00e9rature de couleur est enti\u00e8rement personnalisable, allant d&#8217;un blanc chaud et intimiste de 2700K \u00e0 un blanc plus neutre de 4000K, permettant d&#8217;adapter l&#8217;ambiance lumineuse \u00e0 chaque instant. L&#8217;intensit\u00e9 lumineuse est \u00e9galement r\u00e9glable, pouvant atteindre jusqu&#8217;\u00e0 1900 lumens pour \u00e9clairer l&#8217;espace avec subtilit\u00e9 ou avec \u00e9clat.<\/span><\/p>\n<p><span style=\"font-weight: 400;\">Avec <\/span><b>Ra Line<\/b><span style=\"font-weight: 400;\">, Darmes d\u00e9montre sa capacit\u00e9 \u00e0 cr\u00e9er des <\/span><b>objets de design<\/b><span style=\"font-weight: 400;\"> qui transcendent leur fonction premi\u00e8re pour devenir de v\u00e9ritables \u00e9l\u00e9ments de d\u00e9coration qui transforment et magnifient les espaces.<\/span><\/p>\n<p><b>Ra Line<\/b><span style=\"font-weight: 400;\"> n&#8217;est pas seulement une collection de luminaires, elle incarne la philosophie de design de Darmes : une rencontre po\u00e9tique entre la technologie de pointe et l&#8217;\u00e9motion lumineuse.<\/span><\/p>\n<p><span style=\"font-weight: 400;\">Les luminaires sont <\/span><b>assembl\u00e9s dans l\u2019atelier darmes<\/b><span style=\"font-weight: 400;\"> au Canada, utilisant de <\/span><b>l\u2019aluminium recyclables<\/b><span style=\"font-weight: 400;\">, en partenariat avec des <\/span><b>fournisseurs locaux<\/b><span style=\"font-weight: 400;\">. Ces collections sont exp\u00e9di\u00e9es dans le monde entier avec des mesures de <\/span><a href=\"https:\/\/darmes.ca\/fr\/livraison\/\"><b>compensation carbone<\/b><\/a><span style=\"font-weight: 400;\">.<\/span><\/p>\n<p><span style=\"font-weight: 400;\">Finitions disponibles :<\/span><\/p>\n<ul>\n<li style=\"font-weight: 400;\" aria-level=\"1\"><span style=\"font-weight: 400;\">Ambre Clair\/12K Or<\/span><\/li>\n<li style=\"font-weight: 400;\" aria-level=\"1\"><span style=\"font-weight: 400;\">Clair Transparent\/Noir Anodis\u00e9<\/span><\/li>\n<li style=\"font-weight: 400;\" aria-level=\"1\"><span style=\"font-weight: 400;\">Clair Transparent\/Clair Anodis\u00e9<\/span><\/li>\n<li style=\"font-weight: 400;\" aria-level=\"1\"><span style=\"font-weight: 400;\">Clair Transparent\/12K Or<\/span><\/li>\n<\/ul>\n","protected":false},"excerpt":{"rendered":"<p>Ra Line, d\u00e9sign\u00e9 par Alex Joncas, se distingue par une dualit\u00e9 fascinante entre force et d\u00e9licatesse. Au c\u0153ur de cette collection se trouve un tube en verre borosilicat\u00e9, dont le passage \u00e0 travers les supports m\u00e9talliques cr\u00e9e un contraste saisissant, conf\u00e9rant \u00e0 chaque luminaire une pr\u00e9sence sculpturale et captivante. \u00c0 l&#8217;origine, l&#8217;inspiration vient du n\u00e9on, [&#8230;]<\/p>\n<p><a class=\"btn btn-secondary understrap-read-more-link\" href=\"https:\/\/darmes.ca\/fr\/produit\/ra-line-petite\/\">Lire plus&#8230;<\/a><\/p>\n","protected":false},"featured_media":4247,"template":"","meta":{"_acf_changed":false,"content-type":""},"product_brand":[],"product_cat":[58],"product_tag":[],"class_list":{"0":"post-4239","1":"product","2":"type-product","3":"status-publish","4":"has-post-thumbnail","6":"product_cat-plafond","7":"product_shipping_class-large","8":"series-ra-fr","9":"madeinlocation-canada-fr","10":"certification-ce-fr-2","11":"certification-ul-fr-2","13":"first","14":"instock","15":"taxable","16":"shipping-taxable","17":"purchasable","18":"product-type-variable"},"acf":[],"yoast_head":"<!-- This site is optimized with the Yoast SEO plugin v27.2 - https:\/\/yoast.com\/product\/yoast-seo-wordpress\/ -->\n<title>Ra Line Petite - Designers et fabricants de luminaires au Canada<\/title>\n<meta name=\"description\" content=\"Ra Line inspir\u00e9 du n\u00e9on un tube, dont le passage \u00e0 travers les supports m\u00e9talliques cr\u00e9e un contraste saisissant, une esth\u00e9tique raffin\u00e9e.\" \/>\n<meta name=\"robots\" content=\"index, follow, max-snippet:-1, max-image-preview:large, max-video-preview:-1\" \/>\n<link rel=\"canonical\" href=\"https:\/\/darmes.ca\/fr\/produit\/ra-line-petite\/\" \/>\n<meta property=\"og:locale\" content=\"fr_FR\" \/>\n<meta property=\"og:type\" content=\"article\" \/>\n<meta property=\"og:title\" content=\"Ra Line Petite - Designers et fabricants de luminaires au Canada\" \/>\n<meta property=\"og:description\" content=\"Ra Line inspir\u00e9 du n\u00e9on un tube, dont le passage \u00e0 travers les supports m\u00e9talliques cr\u00e9e un contraste saisissant, une esth\u00e9tique raffin\u00e9e.\" \/>\n<meta property=\"og:url\" content=\"https:\/\/darmes.ca\/fr\/produit\/ra-line-petite\/\" \/>\n<meta property=\"og:site_name\" content=\"Designers et fabricants de luminaires au Canada\" \/>\n<meta property=\"article:modified_time\" content=\"2025-09-02T14:38:33+00:00\" \/>\n<meta property=\"og:image\" content=\"https:\/\/darmes.ca\/wp-content\/uploads\/2023\/03\/RALIACTCL-SansFond.png\" \/>\n\t<meta property=\"og:image:width\" content=\"3000\" \/>\n\t<meta property=\"og:image:height\" content=\"3000\" \/>\n\t<meta property=\"og:image:type\" content=\"image\/png\" \/>\n<meta name=\"twitter:card\" content=\"summary_large_image\" \/>\n<meta name=\"twitter:label1\" content=\"Dur\u00e9e de lecture estim\u00e9e\" \/>\n\t<meta name=\"twitter:data1\" content=\"2 minutes\" \/>\n<script type=\"application\/ld+json\" class=\"yoast-schema-graph\">{\"@context\":\"https:\/\/schema.org\",\"@graph\":[{\"@type\":\"WebPage\",\"@id\":\"https:\/\/darmes.ca\/fr\/produit\/ra-line-petite\/\",\"url\":\"https:\/\/darmes.ca\/fr\/produit\/ra-line-petite\/\",\"name\":\"Ra Line Petite - Designers et fabricants de luminaires au Canada\",\"isPartOf\":{\"@id\":\"https:\/\/darmes.ca\/fr\/#website\"},\"primaryImageOfPage\":{\"@id\":\"https:\/\/darmes.ca\/fr\/produit\/ra-line-petite\/#primaryimage\"},\"image\":{\"@id\":\"https:\/\/darmes.ca\/fr\/produit\/ra-line-petite\/#primaryimage\"},\"thumbnailUrl\":\"https:\/\/darmes.ca\/wp-content\/uploads\/2023\/03\/RALIACTCL-SansFond.png\",\"datePublished\":\"2021-09-20T18:00:23+00:00\",\"dateModified\":\"2025-09-02T14:38:33+00:00\",\"description\":\"Ra Line inspir\u00e9 du n\u00e9on un tube, dont le passage \u00e0 travers les supports m\u00e9talliques cr\u00e9e un contraste saisissant, une esth\u00e9tique raffin\u00e9e.\",\"breadcrumb\":{\"@id\":\"https:\/\/darmes.ca\/fr\/produit\/ra-line-petite\/#breadcrumb\"},\"inLanguage\":\"fr-FR\",\"potentialAction\":[{\"@type\":\"ReadAction\",\"target\":[\"https:\/\/darmes.ca\/fr\/produit\/ra-line-petite\/\"]}]},{\"@type\":\"ImageObject\",\"inLanguage\":\"fr-FR\",\"@id\":\"https:\/\/darmes.ca\/fr\/produit\/ra-line-petite\/#primaryimage\",\"url\":\"https:\/\/darmes.ca\/wp-content\/uploads\/2023\/03\/RALIACTCL-SansFond.png\",\"contentUrl\":\"https:\/\/darmes.ca\/wp-content\/uploads\/2023\/03\/RALIACTCL-SansFond.png\",\"width\":3000,\"height\":3000},{\"@type\":\"BreadcrumbList\",\"@id\":\"https:\/\/darmes.ca\/fr\/produit\/ra-line-petite\/#breadcrumb\",\"itemListElement\":[{\"@type\":\"ListItem\",\"position\":1,\"name\":\"Home\",\"item\":\"https:\/\/darmes.ca\/fr\/\"},{\"@type\":\"ListItem\",\"position\":2,\"name\":\"Darmes\",\"item\":\"https:\/\/darmes.ca\/fr\/\"},{\"@type\":\"ListItem\",\"position\":3,\"name\":\"Ra Line Petite\"}]},{\"@type\":\"WebSite\",\"@id\":\"https:\/\/darmes.ca\/fr\/#website\",\"url\":\"https:\/\/darmes.ca\/fr\/\",\"name\":\"Designers et fabricants de luminaires au Canada\",\"description\":\"\",\"publisher\":{\"@id\":\"https:\/\/darmes.ca\/fr\/#organization\"},\"potentialAction\":[{\"@type\":\"SearchAction\",\"target\":{\"@type\":\"EntryPoint\",\"urlTemplate\":\"https:\/\/darmes.ca\/fr\/?s={search_term_string}\"},\"query-input\":{\"@type\":\"PropertyValueSpecification\",\"valueRequired\":true,\"valueName\":\"search_term_string\"}}],\"inLanguage\":\"fr-FR\"},{\"@type\":\"Organization\",\"@id\":\"https:\/\/darmes.ca\/fr\/#organization\",\"name\":\"d'Armes\",\"url\":\"https:\/\/darmes.ca\/fr\/\",\"logo\":{\"@type\":\"ImageObject\",\"inLanguage\":\"fr-FR\",\"@id\":\"https:\/\/darmes.ca\/fr\/#\/schema\/logo\/image\/\",\"url\":\"https:\/\/darmes.ca\/wp-content\/uploads\/2021\/07\/darmes-logo.png\",\"contentUrl\":\"https:\/\/darmes.ca\/wp-content\/uploads\/2021\/07\/darmes-logo.png\",\"width\":250,\"height\":258,\"caption\":\"d'Armes\"},\"image\":{\"@id\":\"https:\/\/darmes.ca\/fr\/#\/schema\/logo\/image\/\"}}]}<\/script>\n<!-- \/ Yoast SEO plugin. -->","yoast_head_json":{"title":"Ra Line Petite - Designers et fabricants de luminaires au Canada","description":"Ra Line inspir\u00e9 du n\u00e9on un tube, dont le passage \u00e0 travers les supports m\u00e9talliques cr\u00e9e un contraste saisissant, une esth\u00e9tique raffin\u00e9e.","robots":{"index":"index","follow":"follow","max-snippet":"max-snippet:-1","max-image-preview":"max-image-preview:large","max-video-preview":"max-video-preview:-1"},"canonical":"https:\/\/darmes.ca\/fr\/produit\/ra-line-petite\/","og_locale":"fr_FR","og_type":"article","og_title":"Ra Line Petite - Designers et fabricants de luminaires au Canada","og_description":"Ra Line inspir\u00e9 du n\u00e9on un tube, dont le passage \u00e0 travers les supports m\u00e9talliques cr\u00e9e un contraste saisissant, une esth\u00e9tique raffin\u00e9e.","og_url":"https:\/\/darmes.ca\/fr\/produit\/ra-line-petite\/","og_site_name":"Designers et fabricants de luminaires au Canada","article_modified_time":"2025-09-02T14:38:33+00:00","og_image":[{"width":3000,"height":3000,"url":"https:\/\/darmes.ca\/wp-content\/uploads\/2023\/03\/RALIACTCL-SansFond.png","type":"image\/png"}],"twitter_card":"summary_large_image","twitter_misc":{"Dur\u00e9e de lecture estim\u00e9e":"2 minutes"},"schema":{"@context":"https:\/\/schema.org","@graph":[{"@type":"WebPage","@id":"https:\/\/darmes.ca\/fr\/produit\/ra-line-petite\/","url":"https:\/\/darmes.ca\/fr\/produit\/ra-line-petite\/","name":"Ra Line Petite - Designers et fabricants de luminaires au Canada","isPartOf":{"@id":"https:\/\/darmes.ca\/fr\/#website"},"primaryImageOfPage":{"@id":"https:\/\/darmes.ca\/fr\/produit\/ra-line-petite\/#primaryimage"},"image":{"@id":"https:\/\/darmes.ca\/fr\/produit\/ra-line-petite\/#primaryimage"},"thumbnailUrl":"https:\/\/darmes.ca\/wp-content\/uploads\/2023\/03\/RALIACTCL-SansFond.png","datePublished":"2021-09-20T18:00:23+00:00","dateModified":"2025-09-02T14:38:33+00:00","description":"Ra Line inspir\u00e9 du n\u00e9on un tube, dont le passage \u00e0 travers les supports m\u00e9talliques cr\u00e9e un contraste saisissant, une esth\u00e9tique raffin\u00e9e.","breadcrumb":{"@id":"https:\/\/darmes.ca\/fr\/produit\/ra-line-petite\/#breadcrumb"},"inLanguage":"fr-FR","potentialAction":[{"@type":"ReadAction","target":["https:\/\/darmes.ca\/fr\/produit\/ra-line-petite\/"]}]},{"@type":"ImageObject","inLanguage":"fr-FR","@id":"https:\/\/darmes.ca\/fr\/produit\/ra-line-petite\/#primaryimage","url":"https:\/\/darmes.ca\/wp-content\/uploads\/2023\/03\/RALIACTCL-SansFond.png","contentUrl":"https:\/\/darmes.ca\/wp-content\/uploads\/2023\/03\/RALIACTCL-SansFond.png","width":3000,"height":3000},{"@type":"BreadcrumbList","@id":"https:\/\/darmes.ca\/fr\/produit\/ra-line-petite\/#breadcrumb","itemListElement":[{"@type":"ListItem","position":1,"name":"Home","item":"https:\/\/darmes.ca\/fr\/"},{"@type":"ListItem","position":2,"name":"Darmes","item":"https:\/\/darmes.ca\/fr\/"},{"@type":"ListItem","position":3,"name":"Ra Line Petite"}]},{"@type":"WebSite","@id":"https:\/\/darmes.ca\/fr\/#website","url":"https:\/\/darmes.ca\/fr\/","name":"Designers et fabricants de luminaires au Canada","description":"","publisher":{"@id":"https:\/\/darmes.ca\/fr\/#organization"},"potentialAction":[{"@type":"SearchAction","target":{"@type":"EntryPoint","urlTemplate":"https:\/\/darmes.ca\/fr\/?s={search_term_string}"},"query-input":{"@type":"PropertyValueSpecification","valueRequired":true,"valueName":"search_term_string"}}],"inLanguage":"fr-FR"},{"@type":"Organization","@id":"https:\/\/darmes.ca\/fr\/#organization","name":"d'Armes","url":"https:\/\/darmes.ca\/fr\/","logo":{"@type":"ImageObject","inLanguage":"fr-FR","@id":"https:\/\/darmes.ca\/fr\/#\/schema\/logo\/image\/","url":"https:\/\/darmes.ca\/wp-content\/uploads\/2021\/07\/darmes-logo.png","contentUrl":"https:\/\/darmes.ca\/wp-content\/uploads\/2021\/07\/darmes-logo.png","width":250,"height":258,"caption":"d'Armes"},"image":{"@id":"https:\/\/darmes.ca\/fr\/#\/schema\/logo\/image\/"}}]}},"_links":{"self":[{"href":"https:\/\/darmes.ca\/fr\/wp-json\/wp\/v2\/product\/4239","targetHints":{"allow":["GET"]}}],"collection":[{"href":"https:\/\/darmes.ca\/fr\/wp-json\/wp\/v2\/product"}],"about":[{"href":"https:\/\/darmes.ca\/fr\/wp-json\/wp\/v2\/types\/product"}],"wp:featuredmedia":[{"embeddable":true,"href":"https:\/\/darmes.ca\/fr\/wp-json\/wp\/v2\/media\/4247"}],"wp:attachment":[{"href":"https:\/\/darmes.ca\/fr\/wp-json\/wp\/v2\/media?parent=4239"}],"wp:term":[{"taxonomy":"product_brand","embeddable":true,"href":"https:\/\/darmes.ca\/fr\/wp-json\/wp\/v2\/product_brand?post=4239"},{"taxonomy":"product_cat","embeddable":true,"href":"https:\/\/darmes.ca\/fr\/wp-json\/wp\/v2\/product_cat?post=4239"},{"taxonomy":"product_tag","embeddable":true,"href":"https:\/\/darmes.ca\/fr\/wp-json\/wp\/v2\/product_tag?post=4239"}],"curies":[{"name":"wp","href":"https:\/\/api.w.org\/{rel}","templated":true}]}}