{"id":3670,"date":"2022-05-10T13:04:15","date_gmt":"2022-05-10T17:04:15","guid":{"rendered":"https:\/\/darmes.ca\/?post_type=product&#038;p=3670"},"modified":"2025-09-03T16:17:12","modified_gmt":"2025-09-03T20:17:12","slug":"hyphen-table-double-fr","status":"publish","type":"product","link":"https:\/\/darmes.ca\/fr\/produit\/hyphen-table-double-fr\/","title":{"rendered":"Hyphen Table double"},"content":{"rendered":"<p><span style=\"font-weight: 400;\">Plus qu\u2019un simple luminaire, Hyphen est une <\/span><b>sculpture lumineuse<\/b><span style=\"font-weight: 400;\">, un dialogue entre la mati\u00e8re et la lumi\u00e8re,\u00a0 une exploration de l\u2019union et de l\u2019\u00e9quilibre, o\u00f9 deux corps cylindriques suspendus s\u2019entrelacent dans un mouvement fluide et silencieux. Tout en courbe, les luminaires Hyphen sont <\/span><b>polyvalents<\/b><span style=\"font-weight: 400;\"> et peuvent s\u2019utiliser en <\/span><b>suspension<\/b><span style=\"font-weight: 400;\">, reli\u00e9s par un <\/span><b>pivot central<\/b><span style=\"font-weight: 400;\">, ils offrent une <\/span><b>vari\u00e9t\u00e9 de positions et d\u2019orientations<\/b><span style=\"font-weight: 400;\">, projetant une <\/span><b>lumi\u00e8re<\/b><span style=\"font-weight: 400;\"> douce et <\/span><b>directionnelle<\/b><span style=\"font-weight: 400;\"> qui \u00e9volue avec l\u2019espace. Elle peut aussi se<\/span><b> poser<\/b><span style=\"font-weight: 400;\">, avec un ou deux modules qui s\u2019agencent de multiples fa\u00e7ons gr\u00e2ce \u00e0 un support \u00e9pousant parfaitement leurs formes.<\/span><\/p>\n<p><span style=\"font-weight: 400;\">\u00ab\u2009Avec Hyphen et notre travail en g\u00e9n\u00e9ral, nous visons \u00e0 concevoir des luminaires qui apportent un caract\u00e8re unique \u00e0 un environnement, cr\u00e9ent une \u00e9motion, rehaussent un d\u00e9cor et suscitent la curiosit\u00e9\u2009\u00bb &#8211; Alex Joncas.\u00a0<\/span><\/p>\n<p><span style=\"font-weight: 400;\">Le nom Hyphen, d\u00e9riv\u00e9 du grec ancien huph&#8217; h\u00e9n (\u1f51\u03c6&#8217; \u1f15\u03bd), signifie l\u2019union de deux oppos\u00e9s en un seul. La collection se d\u00e9cline en <\/span><b>plusieurs mat\u00e9riaux <\/b><span style=\"font-weight: 400;\">: \u00e0 la <\/span><b>porcelaine<\/b><span style=\"font-weight: 400;\"> chaude, douce et sensible vient s\u2019ajouter <\/span><b>l\u2019acier<\/b><span style=\"font-weight: 400;\"> froid, fort et brillant. Les mat\u00e9riaux et finitions ont \u00e9t\u00e9 soigneusement s\u00e9lectionn\u00e9s pour interagir avec la lumi\u00e8re et r\u00e9v\u00e9ler de d\u00e9licates <\/span><b>variations chromatiques<\/b><span style=\"font-weight: 400;\">, m\u00eame lorsque l\u2019objet est \u00e9teint. Hyphen transcende sa fonction d\u2019\u00e9clairage : il \u00e9voque un sentiment de connexion et de s\u00e9r\u00e9nit\u00e9, enveloppant son environnement d\u2019une \u00e9treinte lumineuse \u00e0 la fois po\u00e9tique et intime.<\/span><\/p>\n<p><span style=\"font-weight: 400;\">Une collection de luminaires modulaires comprenant trois mod\u00e8les :<\/span><a href=\"https:\/\/darmes.ca\/fr\/produit\/hyphen-suspension\/\"> <span style=\"font-weight: 400;\">Hyphen Suspension<\/span><\/a><span style=\"font-weight: 400;\">,<\/span><a href=\"https:\/\/darmes.ca\/fr\/produit\/hyphen-table-simple-fr\/\"> <span style=\"font-weight: 400;\">Hyphen Table Simple,<\/span><\/a> <a href=\"https:\/\/darmes.ca\/fr\/produit\/hyphen-table-double-fr\/\"><span style=\"font-weight: 400;\">Hyphen Table Double<\/span><\/a><span style=\"font-weight: 400;\"> et<\/span><a href=\"https:\/\/darmes.ca\/fr\/produit\/hyphen-wall\/\"> <span style=\"font-weight: 400;\">Hyphen Wall<\/span><\/a><span style=\"font-weight: 400;\">.<\/span><\/p>\n<p><span style=\"font-weight: 400;\">\u201cHyphen est unique dans sa forme ainsi que dans son processus de production, par sa collaboration artistique et l\u2019utilisation de la porcelaine et du moulage.\u2009\u201d -Alex Joncas.<\/span><\/p>\n<p><span style=\"font-weight: 400;\">Fid\u00e8le \u00e0 sa philosophie <\/span><b>co-cr\u00e9ation<\/b><span style=\"font-weight: 400;\">, Darmes valorise la collaboration et l&#8217;artisanat, la collection b\u00e9n\u00e9ficie du savoir-faire de l\u2019artiste <\/span><b>c\u00e9ramiste<\/b><a href=\"https:\/\/atelierg-ca.myshopify.com\/pages\/a-propos-1\"> <span style=\"font-weight: 400;\">Gr\u00e9ta Jonckheere<\/span><\/a><span style=\"font-weight: 400;\">. Chaque pi\u00e8ce de porcelaine est <\/span><b>fa\u00e7onn\u00e9e \u00e0 la main<\/b><span style=\"font-weight: 400;\"> \u00e0 Morin-Heights, au Qu\u00e9bec. Ce processus m\u00e9ticuleux, r\u00e9alis\u00e9 en plusieurs \u00e9tapes sur plusieurs jours, conf\u00e8re \u00e0 chaque pi\u00e8ce une texture unique qui capture l\u2019essence du toucher et du temps.<\/span><\/p>\n<p><span style=\"font-weight: 400;\">La collection Hyphen a \u00e9t\u00e9 pr\u00e9sent\u00e9 pour la premi\u00e8re fois \u00e0 l\u2019<\/span><a href=\"https:\/\/icff.com\/\"><b>International Contemporary Furniture Fair (ICFF)<\/b><\/a><span style=\"font-weight: 400;\"> 2022 et a gagn\u00e9 le prix au design award d&#8217;<\/span><a href=\"https:\/\/www.archiproducts.com\/en\"><span style=\"font-weight: 400;\">archiproducts<\/span><\/a><span style=\"font-weight: 400;\"> en 2022.<\/span><\/p>\n<p><span style=\"font-weight: 400;\">Les luminaires sont <\/span><b>assembl\u00e9s dans l\u2019atelier darmes<\/b><span style=\"font-weight: 400;\"> au Canada, utilisant de <\/span><b>l\u2019aluminium recyclables<\/b><span style=\"font-weight: 400;\">, en partenariat avec des <\/span><b>fournisseurs locaux<\/b><span style=\"font-weight: 400;\">. Ces collections sont exp\u00e9di\u00e9es dans le monde entier avec des mesures de <\/span><a href=\"https:\/\/darmes.ca\/fr\/livraison\/\"><b>compensation carbone<\/b><\/a><span style=\"font-weight: 400;\">.<\/span><\/p>\n<p><span style=\"font-weight: 400;\">Finitions disponibles :<\/span><\/p>\n<ul>\n<li style=\"font-weight: 400;\" aria-level=\"1\"><span style=\"font-weight: 400;\">Noir Chromatique<\/span><\/li>\n<li style=\"font-weight: 400;\" aria-level=\"1\"><span style=\"font-weight: 400;\">Porcelaine Naturelle<\/span><\/li>\n<li style=\"font-weight: 400;\" aria-level=\"1\"><span style=\"font-weight: 400;\">Noir Sablonneux<\/span><\/li>\n<\/ul>\n<p><img loading=\"lazy\" decoding=\"async\" class=\"alignleft wp-image-4608\" src=\"https:\/\/darmes.ca\/wp-content\/uploads\/2023\/05\/ADA_2022-Winner_Badge_b-300x300.png\" alt=\"\" width=\"200\" height=\"200\" srcset=\"https:\/\/darmes.ca\/wp-content\/uploads\/2023\/05\/ADA_2022-Winner_Badge_b-300x300.png 300w, https:\/\/darmes.ca\/wp-content\/uploads\/2023\/05\/ADA_2022-Winner_Badge_b-600x600.png 600w, https:\/\/darmes.ca\/wp-content\/uploads\/2023\/05\/ADA_2022-Winner_Badge_b-768x768.png 768w, https:\/\/darmes.ca\/wp-content\/uploads\/2023\/05\/ADA_2022-Winner_Badge_b-1536x1536.png 1536w, https:\/\/darmes.ca\/wp-content\/uploads\/2023\/05\/ADA_2022-Winner_Badge_b-2048x2048.png 2048w, https:\/\/darmes.ca\/wp-content\/uploads\/2023\/05\/ADA_2022-Winner_Badge_b-150x150.png 150w, https:\/\/darmes.ca\/wp-content\/uploads\/2023\/05\/ADA_2022-Winner_Badge_b-1000x1000.png 1000w, https:\/\/darmes.ca\/wp-content\/uploads\/2023\/05\/ADA_2022-Winner_Badge_b-800x800.png 800w, https:\/\/darmes.ca\/wp-content\/uploads\/2023\/05\/ADA_2022-Winner_Badge_b-100x100.png 100w\" sizes=\"auto, (max-width: 200px) 100vw, 200px\" \/><\/p>\n","protected":false},"excerpt":{"rendered":"<p>Plus qu\u2019un simple luminaire, Hyphen est une sculpture lumineuse, un dialogue entre la mati\u00e8re et la lumi\u00e8re,\u00a0 une exploration de l\u2019union et de l\u2019\u00e9quilibre, o\u00f9 deux corps cylindriques suspendus s\u2019entrelacent dans un mouvement fluide et silencieux. Tout en courbe, les luminaires Hyphen sont polyvalents et peuvent s\u2019utiliser en suspension, reli\u00e9s par un pivot central, ils [&#8230;]<\/p>\n<p><a class=\"btn btn-secondary understrap-read-more-link\" href=\"https:\/\/darmes.ca\/fr\/produit\/hyphen-table-double-fr\/\">Lire plus&#8230;<\/a><\/p>\n","protected":false},"featured_media":3705,"template":"","meta":{"_acf_changed":false,"content-type":""},"product_brand":[],"product_cat":[133],"product_tag":[],"class_list":{"0":"post-3670","1":"product","2":"type-product","3":"status-publish","4":"has-post-thumbnail","6":"product_cat-table-fr","7":"product_shipping_class-medium","8":"series-hyphen-fr","9":"madeinlocation-canada-fr","10":"certification-ce-fr-2","11":"certification-ul-fr-2","13":"first","14":"instock","15":"taxable","16":"shipping-taxable","17":"purchasable","18":"product-type-variable"},"acf":[],"yoast_head":"<!-- This site is optimized with the Yoast SEO plugin v27.2 - https:\/\/yoast.com\/product\/yoast-seo-wordpress\/ -->\n<title>Hyphen Table double - Designers et fabricants de luminaires au Canada<\/title>\n<meta name=\"description\" content=\"Hyphen est un luminaire et une sculpture lumineuse, offrant une vari\u00e9t\u00e9 de positions, une lumi\u00e8re douce et directionnelle qui \u00e9volue avec l\u2019espace.\" \/>\n<meta name=\"robots\" content=\"index, follow, max-snippet:-1, max-image-preview:large, max-video-preview:-1\" \/>\n<link rel=\"canonical\" href=\"https:\/\/darmes.ca\/fr\/produit\/hyphen-table-double-fr\/\" \/>\n<meta property=\"og:locale\" content=\"fr_FR\" \/>\n<meta property=\"og:type\" content=\"article\" \/>\n<meta property=\"og:title\" content=\"Hyphen Table double - Designers et fabricants de luminaires au Canada\" \/>\n<meta property=\"og:description\" content=\"Hyphen est un luminaire et une sculpture lumineuse, offrant une vari\u00e9t\u00e9 de positions, une lumi\u00e8re douce et directionnelle qui \u00e9volue avec l\u2019espace.\" \/>\n<meta property=\"og:url\" content=\"https:\/\/darmes.ca\/fr\/produit\/hyphen-table-double-fr\/\" \/>\n<meta property=\"og:site_name\" content=\"Designers et fabricants de luminaires au Canada\" \/>\n<meta property=\"article:modified_time\" content=\"2025-09-03T20:17:12+00:00\" \/>\n<meta property=\"og:image\" content=\"https:\/\/darmes.ca\/wp-content\/uploads\/2022\/05\/HYTADOPN_Sans-Fond-20220510-768x768.png\" \/>\n\t<meta property=\"og:image:width\" content=\"768\" \/>\n\t<meta property=\"og:image:height\" content=\"768\" \/>\n\t<meta property=\"og:image:type\" content=\"image\/png\" \/>\n<meta name=\"twitter:card\" content=\"summary_large_image\" \/>\n<meta name=\"twitter:label1\" content=\"Dur\u00e9e de lecture estim\u00e9e\" \/>\n\t<meta name=\"twitter:data1\" content=\"2 minutes\" \/>\n<script type=\"application\/ld+json\" class=\"yoast-schema-graph\">{\"@context\":\"https:\/\/schema.org\",\"@graph\":[{\"@type\":\"WebPage\",\"@id\":\"https:\/\/darmes.ca\/fr\/produit\/hyphen-table-double-fr\/\",\"url\":\"https:\/\/darmes.ca\/fr\/produit\/hyphen-table-double-fr\/\",\"name\":\"Hyphen Table double - Designers et fabricants de luminaires au Canada\",\"isPartOf\":{\"@id\":\"https:\/\/darmes.ca\/fr\/#website\"},\"primaryImageOfPage\":{\"@id\":\"https:\/\/darmes.ca\/fr\/produit\/hyphen-table-double-fr\/#primaryimage\"},\"image\":{\"@id\":\"https:\/\/darmes.ca\/fr\/produit\/hyphen-table-double-fr\/#primaryimage\"},\"thumbnailUrl\":\"https:\/\/darmes.ca\/wp-content\/uploads\/2022\/05\/HYTADOPN_Sans-Fond-20220510.png\",\"datePublished\":\"2022-05-10T17:04:15+00:00\",\"dateModified\":\"2025-09-03T20:17:12+00:00\",\"description\":\"Hyphen est un luminaire et une sculpture lumineuse, offrant une vari\u00e9t\u00e9 de positions, une lumi\u00e8re douce et directionnelle qui \u00e9volue avec l\u2019espace.\",\"breadcrumb\":{\"@id\":\"https:\/\/darmes.ca\/fr\/produit\/hyphen-table-double-fr\/#breadcrumb\"},\"inLanguage\":\"fr-FR\",\"potentialAction\":[{\"@type\":\"ReadAction\",\"target\":[\"https:\/\/darmes.ca\/fr\/produit\/hyphen-table-double-fr\/\"]}]},{\"@type\":\"ImageObject\",\"inLanguage\":\"fr-FR\",\"@id\":\"https:\/\/darmes.ca\/fr\/produit\/hyphen-table-double-fr\/#primaryimage\",\"url\":\"https:\/\/darmes.ca\/wp-content\/uploads\/2022\/05\/HYTADOPN_Sans-Fond-20220510.png\",\"contentUrl\":\"https:\/\/darmes.ca\/wp-content\/uploads\/2022\/05\/HYTADOPN_Sans-Fond-20220510.png\",\"width\":3000,\"height\":3000,\"caption\":\"Hyphen Table double in Natural Porcelaine by d'Armes\"},{\"@type\":\"BreadcrumbList\",\"@id\":\"https:\/\/darmes.ca\/fr\/produit\/hyphen-table-double-fr\/#breadcrumb\",\"itemListElement\":[{\"@type\":\"ListItem\",\"position\":1,\"name\":\"Home\",\"item\":\"https:\/\/darmes.ca\/fr\/\"},{\"@type\":\"ListItem\",\"position\":2,\"name\":\"Darmes\",\"item\":\"https:\/\/darmes.ca\/fr\/\"},{\"@type\":\"ListItem\",\"position\":3,\"name\":\"Hyphen Table double\"}]},{\"@type\":\"WebSite\",\"@id\":\"https:\/\/darmes.ca\/fr\/#website\",\"url\":\"https:\/\/darmes.ca\/fr\/\",\"name\":\"Designers et fabricants de luminaires au Canada\",\"description\":\"\",\"publisher\":{\"@id\":\"https:\/\/darmes.ca\/fr\/#organization\"},\"potentialAction\":[{\"@type\":\"SearchAction\",\"target\":{\"@type\":\"EntryPoint\",\"urlTemplate\":\"https:\/\/darmes.ca\/fr\/?s={search_term_string}\"},\"query-input\":{\"@type\":\"PropertyValueSpecification\",\"valueRequired\":true,\"valueName\":\"search_term_string\"}}],\"inLanguage\":\"fr-FR\"},{\"@type\":\"Organization\",\"@id\":\"https:\/\/darmes.ca\/fr\/#organization\",\"name\":\"d'Armes\",\"url\":\"https:\/\/darmes.ca\/fr\/\",\"logo\":{\"@type\":\"ImageObject\",\"inLanguage\":\"fr-FR\",\"@id\":\"https:\/\/darmes.ca\/fr\/#\/schema\/logo\/image\/\",\"url\":\"https:\/\/darmes.ca\/wp-content\/uploads\/2021\/07\/darmes-logo.png\",\"contentUrl\":\"https:\/\/darmes.ca\/wp-content\/uploads\/2021\/07\/darmes-logo.png\",\"width\":250,\"height\":258,\"caption\":\"d'Armes\"},\"image\":{\"@id\":\"https:\/\/darmes.ca\/fr\/#\/schema\/logo\/image\/\"}}]}<\/script>\n<!-- \/ Yoast SEO plugin. -->","yoast_head_json":{"title":"Hyphen Table double - Designers et fabricants de luminaires au Canada","description":"Hyphen est un luminaire et une sculpture lumineuse, offrant une vari\u00e9t\u00e9 de positions, une lumi\u00e8re douce et directionnelle qui \u00e9volue avec l\u2019espace.","robots":{"index":"index","follow":"follow","max-snippet":"max-snippet:-1","max-image-preview":"max-image-preview:large","max-video-preview":"max-video-preview:-1"},"canonical":"https:\/\/darmes.ca\/fr\/produit\/hyphen-table-double-fr\/","og_locale":"fr_FR","og_type":"article","og_title":"Hyphen Table double - Designers et fabricants de luminaires au Canada","og_description":"Hyphen est un luminaire et une sculpture lumineuse, offrant une vari\u00e9t\u00e9 de positions, une lumi\u00e8re douce et directionnelle qui \u00e9volue avec l\u2019espace.","og_url":"https:\/\/darmes.ca\/fr\/produit\/hyphen-table-double-fr\/","og_site_name":"Designers et fabricants de luminaires au Canada","article_modified_time":"2025-09-03T20:17:12+00:00","og_image":[{"width":768,"height":768,"url":"https:\/\/darmes.ca\/wp-content\/uploads\/2022\/05\/HYTADOPN_Sans-Fond-20220510-768x768.png","type":"image\/png"}],"twitter_card":"summary_large_image","twitter_misc":{"Dur\u00e9e de lecture estim\u00e9e":"2 minutes"},"schema":{"@context":"https:\/\/schema.org","@graph":[{"@type":"WebPage","@id":"https:\/\/darmes.ca\/fr\/produit\/hyphen-table-double-fr\/","url":"https:\/\/darmes.ca\/fr\/produit\/hyphen-table-double-fr\/","name":"Hyphen Table double - Designers et fabricants de luminaires au Canada","isPartOf":{"@id":"https:\/\/darmes.ca\/fr\/#website"},"primaryImageOfPage":{"@id":"https:\/\/darmes.ca\/fr\/produit\/hyphen-table-double-fr\/#primaryimage"},"image":{"@id":"https:\/\/darmes.ca\/fr\/produit\/hyphen-table-double-fr\/#primaryimage"},"thumbnailUrl":"https:\/\/darmes.ca\/wp-content\/uploads\/2022\/05\/HYTADOPN_Sans-Fond-20220510.png","datePublished":"2022-05-10T17:04:15+00:00","dateModified":"2025-09-03T20:17:12+00:00","description":"Hyphen est un luminaire et une sculpture lumineuse, offrant une vari\u00e9t\u00e9 de positions, une lumi\u00e8re douce et directionnelle qui \u00e9volue avec l\u2019espace.","breadcrumb":{"@id":"https:\/\/darmes.ca\/fr\/produit\/hyphen-table-double-fr\/#breadcrumb"},"inLanguage":"fr-FR","potentialAction":[{"@type":"ReadAction","target":["https:\/\/darmes.ca\/fr\/produit\/hyphen-table-double-fr\/"]}]},{"@type":"ImageObject","inLanguage":"fr-FR","@id":"https:\/\/darmes.ca\/fr\/produit\/hyphen-table-double-fr\/#primaryimage","url":"https:\/\/darmes.ca\/wp-content\/uploads\/2022\/05\/HYTADOPN_Sans-Fond-20220510.png","contentUrl":"https:\/\/darmes.ca\/wp-content\/uploads\/2022\/05\/HYTADOPN_Sans-Fond-20220510.png","width":3000,"height":3000,"caption":"Hyphen Table double in Natural Porcelaine by d'Armes"},{"@type":"BreadcrumbList","@id":"https:\/\/darmes.ca\/fr\/produit\/hyphen-table-double-fr\/#breadcrumb","itemListElement":[{"@type":"ListItem","position":1,"name":"Home","item":"https:\/\/darmes.ca\/fr\/"},{"@type":"ListItem","position":2,"name":"Darmes","item":"https:\/\/darmes.ca\/fr\/"},{"@type":"ListItem","position":3,"name":"Hyphen Table double"}]},{"@type":"WebSite","@id":"https:\/\/darmes.ca\/fr\/#website","url":"https:\/\/darmes.ca\/fr\/","name":"Designers et fabricants de luminaires au Canada","description":"","publisher":{"@id":"https:\/\/darmes.ca\/fr\/#organization"},"potentialAction":[{"@type":"SearchAction","target":{"@type":"EntryPoint","urlTemplate":"https:\/\/darmes.ca\/fr\/?s={search_term_string}"},"query-input":{"@type":"PropertyValueSpecification","valueRequired":true,"valueName":"search_term_string"}}],"inLanguage":"fr-FR"},{"@type":"Organization","@id":"https:\/\/darmes.ca\/fr\/#organization","name":"d'Armes","url":"https:\/\/darmes.ca\/fr\/","logo":{"@type":"ImageObject","inLanguage":"fr-FR","@id":"https:\/\/darmes.ca\/fr\/#\/schema\/logo\/image\/","url":"https:\/\/darmes.ca\/wp-content\/uploads\/2021\/07\/darmes-logo.png","contentUrl":"https:\/\/darmes.ca\/wp-content\/uploads\/2021\/07\/darmes-logo.png","width":250,"height":258,"caption":"d'Armes"},"image":{"@id":"https:\/\/darmes.ca\/fr\/#\/schema\/logo\/image\/"}}]}},"_links":{"self":[{"href":"https:\/\/darmes.ca\/fr\/wp-json\/wp\/v2\/product\/3670","targetHints":{"allow":["GET"]}}],"collection":[{"href":"https:\/\/darmes.ca\/fr\/wp-json\/wp\/v2\/product"}],"about":[{"href":"https:\/\/darmes.ca\/fr\/wp-json\/wp\/v2\/types\/product"}],"wp:featuredmedia":[{"embeddable":true,"href":"https:\/\/darmes.ca\/fr\/wp-json\/wp\/v2\/media\/3705"}],"wp:attachment":[{"href":"https:\/\/darmes.ca\/fr\/wp-json\/wp\/v2\/media?parent=3670"}],"wp:term":[{"taxonomy":"product_brand","embeddable":true,"href":"https:\/\/darmes.ca\/fr\/wp-json\/wp\/v2\/product_brand?post=3670"},{"taxonomy":"product_cat","embeddable":true,"href":"https:\/\/darmes.ca\/fr\/wp-json\/wp\/v2\/product_cat?post=3670"},{"taxonomy":"product_tag","embeddable":true,"href":"https:\/\/darmes.ca\/fr\/wp-json\/wp\/v2\/product_tag?post=3670"}],"curies":[{"name":"wp","href":"https:\/\/api.w.org\/{rel}","templated":true}]}}