{"id":3238,"date":"2021-09-19T16:34:01","date_gmt":"2021-09-19T20:34:01","guid":{"rendered":"https:\/\/darmes.ca\/?post_type=product&#038;p=3238"},"modified":"2025-11-25T14:00:19","modified_gmt":"2025-11-25T19:00:19","slug":"ra-wall-longue","status":"publish","type":"product","link":"https:\/\/darmes.ca\/fr\/produit\/ra-wall-longue\/","title":{"rendered":"Ra Wall Longue"},"content":{"rendered":"<p><b>Ra Wall<\/b><span style=\"font-weight: 400;\">, d\u00e9sign\u00e9 par Alex Joncas, se distingue par une dualit\u00e9 fascinante entre force et d\u00e9licatesse. Son <strong>disque<\/strong>, tel une \u00e9clipse, masque une partie de la lumi\u00e8re tout en captant et refl\u00e9tant les nuances de la pi\u00e8ce. Son verre arrondi, combin\u00e9 aux LED int\u00e9gr\u00e9es, diffuse une lumi\u00e8re \u00e0 la fois vive et douce sur le mur, cr\u00e9ant une ambiance subtilement enveloppante<\/span><span style=\"font-weight: 400;\">. \u00c0 l&#8217;origine, l&#8217;inspiration vient du <\/span><b>n\u00e9on<\/b><span style=\"font-weight: 400;\">, souvent per\u00e7u comme une source de lumi\u00e8re crue et intense des enseignes de nuit. Darmes r\u00e9interpr\u00e8te cet objet iconique pour lui insuffler une nouvelle vie, en une v\u00e9ritable pi\u00e8ce ma\u00eetresse d\u2019un \u00e9clairage luxueux et chaleureux.<\/span><\/p>\n<p><span style=\"font-weight: 400;\">Les <\/span><b>tubes LED<\/b><span style=\"font-weight: 400;\">\u00a0encapsul\u00e9s, diffusent une <\/span><b>lumi\u00e8re douce<\/b><span style=\"font-weight: 400;\"> et <strong>enveloppante<\/strong>, la temp\u00e9rature de couleur est enti\u00e8rement personnalisable, allant d&#8217;un blanc chaud et intimiste de 2700K \u00e0 un blanc plus neutre de 4000K, permettant d&#8217;adapter l&#8217;ambiance lumineuse \u00e0 chaque instant. L&#8217;intensit\u00e9 lumineuse est \u00e9galement r\u00e9glable, pouvant atteindre jusqu&#8217;\u00e0 1900 lumens pour \u00e9clairer l&#8217;espace avec subtilit\u00e9 ou avec \u00e9clat. <b>Ra Wall<\/b> est disponible en <a href=\"https:\/\/darmes.ca\/fr\/produit\/ra-wall-longue\/\" target=\"_blank\" rel=\"noopener\">longue<\/a> ou en <a href=\"https:\/\/darmes.ca\/fr\/produit\/ra-wall-courte\/\" target=\"_blank\" rel=\"noopener\">courte<\/a>, pour s&#8217;adapter \u00e0 tous les espaces et les configurations.<\/span><\/p>\n<p><span style=\"font-weight: 400;\">Avec <\/span><b>Ra Wall<\/b><span style=\"font-weight: 400;\">, Darmes d\u00e9montre sa capacit\u00e9 \u00e0 cr\u00e9er des <\/span><b>objets de design<\/b><span style=\"font-weight: 400;\"> qui transcendent leur fonction premi\u00e8re pour devenir de v\u00e9ritables \u00e9l\u00e9ments de d\u00e9coration qui transforment et magnifient les espaces. <\/span><b>Ra Wall<\/b><span style=\"font-weight: 400;\"> n&#8217;est pas seulement une collection de luminaires, elle incarne la philosophie de design de Darmes : une rencontre po\u00e9tique entre la technologie de pointe et l&#8217;\u00e9motion lumineuse.<\/span><\/p>\n<p>Le design de la Ra Wall a \u00e9t\u00e9 r\u00e9compens\u00e9 par un <a href=\"https:\/\/awards.archiproducts.com\/winners-2017\/\" target=\"_blank\" rel=\"noopener\">Archiproducts Design Award<\/a>, soulignant son excellence en mati\u00e8re de design et d\u2019innovation.<\/p>\n<p><span style=\"font-weight: 400;\">Les luminaires sont <\/span><b>assembl\u00e9s dans l\u2019atelier darmes<\/b><span style=\"font-weight: 400;\"> au Canada, utilisant de <\/span><b>l\u2019aluminium recyclables<\/b><span style=\"font-weight: 400;\">, en partenariat avec des <\/span><b>fournisseurs locaux<\/b><span style=\"font-weight: 400;\">. Ces collections sont exp\u00e9di\u00e9es dans le monde entier avec des mesures de <\/span><a href=\"https:\/\/darmes.ca\/fr\/livraison\/\"><b>compensation carbone<\/b><\/a><span style=\"font-weight: 400;\">.<\/span><\/p>\n<p><span style=\"font-weight: 400;\">Finitions disponibles :<\/span><\/p>\n<ul>\n<li style=\"font-weight: 400;\" aria-level=\"1\">12K Or<\/li>\n<li style=\"font-weight: 400;\" aria-level=\"1\">Miroir<\/li>\n<li style=\"font-weight: 400;\" aria-level=\"1\">Noir Sablonneux<\/li>\n<\/ul>\n","protected":false},"excerpt":{"rendered":"<p>Ra Wall, d\u00e9sign\u00e9 par Alex Joncas, se distingue par une dualit\u00e9 fascinante entre force et d\u00e9licatesse. Son disque, tel une \u00e9clipse, masque une partie de la lumi\u00e8re tout en captant et refl\u00e9tant les nuances de la pi\u00e8ce. Son verre arrondi, combin\u00e9 aux LED int\u00e9gr\u00e9es, diffuse une lumi\u00e8re \u00e0 la fois vive et douce sur le [&#8230;]<\/p>\n<p><a class=\"btn btn-secondary understrap-read-more-link\" href=\"https:\/\/darmes.ca\/fr\/produit\/ra-wall-longue\/\">Lire plus&#8230;<\/a><\/p>\n","protected":false},"featured_media":4594,"template":"","meta":{"_acf_changed":false,"content-type":""},"product_brand":[],"product_cat":[134],"product_tag":[],"class_list":{"0":"post-3238","1":"product","2":"type-product","3":"status-publish","4":"has-post-thumbnail","6":"product_cat-murale","7":"product_shipping_class-large","8":"series-ra-fr","9":"madeinlocation-canada-fr","10":"certification-ce-fr-2","11":"certification-ul-fr-2","13":"first","14":"instock","15":"taxable","16":"shipping-taxable","17":"purchasable","18":"product-type-variable"},"acf":[],"yoast_head":"<!-- This site is optimized with the Yoast SEO plugin v27.2 - https:\/\/yoast.com\/product\/yoast-seo-wordpress\/ -->\n<title>Ra Wall Longue - Designers et fabricants de luminaires au Canada<\/title>\n<meta name=\"description\" content=\"Ra Wall inspir\u00e9 du n\u00e9on un tube, caract\u00e9ris\u00e9 par son disque plaqu\u00e9 diffuse une lumi\u00e8re \u00e0 la fois vive et douce sur le mur, cr\u00e9ant une ambiance enveloppante.\" \/>\n<meta name=\"robots\" content=\"index, follow, max-snippet:-1, max-image-preview:large, max-video-preview:-1\" \/>\n<link rel=\"canonical\" href=\"https:\/\/darmes.ca\/fr\/produit\/ra-wall-longue\/\" \/>\n<meta property=\"og:locale\" content=\"fr_FR\" \/>\n<meta property=\"og:type\" content=\"article\" \/>\n<meta property=\"og:title\" content=\"Ra Wall Longue - Designers et fabricants de luminaires au Canada\" \/>\n<meta property=\"og:description\" content=\"Ra Wall inspir\u00e9 du n\u00e9on un tube, caract\u00e9ris\u00e9 par son disque plaqu\u00e9 diffuse une lumi\u00e8re \u00e0 la fois vive et douce sur le mur, cr\u00e9ant une ambiance enveloppante.\" \/>\n<meta property=\"og:url\" content=\"https:\/\/darmes.ca\/fr\/produit\/ra-wall-longue\/\" \/>\n<meta property=\"og:site_name\" content=\"Designers et fabricants de luminaires au Canada\" \/>\n<meta property=\"article:modified_time\" content=\"2025-11-25T19:00:19+00:00\" \/>\n<meta property=\"og:image\" content=\"https:\/\/darmes.ca\/wp-content\/uploads\/2023\/05\/RAWAAGO_Sans-fond-20230302.png\" \/>\n\t<meta property=\"og:image:width\" content=\"3000\" \/>\n\t<meta property=\"og:image:height\" content=\"3000\" \/>\n\t<meta property=\"og:image:type\" content=\"image\/png\" \/>\n<meta name=\"twitter:card\" content=\"summary_large_image\" \/>\n<meta name=\"twitter:label1\" content=\"Dur\u00e9e de lecture estim\u00e9e\" \/>\n\t<meta name=\"twitter:data1\" content=\"2 minutes\" \/>\n<script type=\"application\/ld+json\" class=\"yoast-schema-graph\">{\"@context\":\"https:\/\/schema.org\",\"@graph\":[{\"@type\":\"WebPage\",\"@id\":\"https:\/\/darmes.ca\/fr\/produit\/ra-wall-longue\/\",\"url\":\"https:\/\/darmes.ca\/fr\/produit\/ra-wall-longue\/\",\"name\":\"Ra Wall Longue - Designers et fabricants de luminaires au Canada\",\"isPartOf\":{\"@id\":\"https:\/\/darmes.ca\/fr\/#website\"},\"primaryImageOfPage\":{\"@id\":\"https:\/\/darmes.ca\/fr\/produit\/ra-wall-longue\/#primaryimage\"},\"image\":{\"@id\":\"https:\/\/darmes.ca\/fr\/produit\/ra-wall-longue\/#primaryimage\"},\"thumbnailUrl\":\"https:\/\/darmes.ca\/wp-content\/uploads\/2023\/05\/RAWAAGO_Sans-fond-20230302.png\",\"datePublished\":\"2021-09-19T20:34:01+00:00\",\"dateModified\":\"2025-11-25T19:00:19+00:00\",\"description\":\"Ra Wall inspir\u00e9 du n\u00e9on un tube, caract\u00e9ris\u00e9 par son disque plaqu\u00e9 diffuse une lumi\u00e8re \u00e0 la fois vive et douce sur le mur, cr\u00e9ant une ambiance enveloppante.\",\"breadcrumb\":{\"@id\":\"https:\/\/darmes.ca\/fr\/produit\/ra-wall-longue\/#breadcrumb\"},\"inLanguage\":\"fr-FR\",\"potentialAction\":[{\"@type\":\"ReadAction\",\"target\":[\"https:\/\/darmes.ca\/fr\/produit\/ra-wall-longue\/\"]}]},{\"@type\":\"ImageObject\",\"inLanguage\":\"fr-FR\",\"@id\":\"https:\/\/darmes.ca\/fr\/produit\/ra-wall-longue\/#primaryimage\",\"url\":\"https:\/\/darmes.ca\/wp-content\/uploads\/2023\/05\/RAWAAGO_Sans-fond-20230302.png\",\"contentUrl\":\"https:\/\/darmes.ca\/wp-content\/uploads\/2023\/05\/RAWAAGO_Sans-fond-20230302.png\",\"width\":3000,\"height\":3000},{\"@type\":\"BreadcrumbList\",\"@id\":\"https:\/\/darmes.ca\/fr\/produit\/ra-wall-longue\/#breadcrumb\",\"itemListElement\":[{\"@type\":\"ListItem\",\"position\":1,\"name\":\"Home\",\"item\":\"https:\/\/darmes.ca\/fr\/\"},{\"@type\":\"ListItem\",\"position\":2,\"name\":\"Darmes\",\"item\":\"https:\/\/darmes.ca\/fr\/\"},{\"@type\":\"ListItem\",\"position\":3,\"name\":\"Ra Wall Longue\"}]},{\"@type\":\"WebSite\",\"@id\":\"https:\/\/darmes.ca\/fr\/#website\",\"url\":\"https:\/\/darmes.ca\/fr\/\",\"name\":\"Designers et fabricants de luminaires au Canada\",\"description\":\"\",\"publisher\":{\"@id\":\"https:\/\/darmes.ca\/fr\/#organization\"},\"potentialAction\":[{\"@type\":\"SearchAction\",\"target\":{\"@type\":\"EntryPoint\",\"urlTemplate\":\"https:\/\/darmes.ca\/fr\/?s={search_term_string}\"},\"query-input\":{\"@type\":\"PropertyValueSpecification\",\"valueRequired\":true,\"valueName\":\"search_term_string\"}}],\"inLanguage\":\"fr-FR\"},{\"@type\":\"Organization\",\"@id\":\"https:\/\/darmes.ca\/fr\/#organization\",\"name\":\"d'Armes\",\"url\":\"https:\/\/darmes.ca\/fr\/\",\"logo\":{\"@type\":\"ImageObject\",\"inLanguage\":\"fr-FR\",\"@id\":\"https:\/\/darmes.ca\/fr\/#\/schema\/logo\/image\/\",\"url\":\"https:\/\/darmes.ca\/wp-content\/uploads\/2021\/07\/darmes-logo.png\",\"contentUrl\":\"https:\/\/darmes.ca\/wp-content\/uploads\/2021\/07\/darmes-logo.png\",\"width\":250,\"height\":258,\"caption\":\"d'Armes\"},\"image\":{\"@id\":\"https:\/\/darmes.ca\/fr\/#\/schema\/logo\/image\/\"}}]}<\/script>\n<!-- \/ Yoast SEO plugin. -->","yoast_head_json":{"title":"Ra Wall Longue - Designers et fabricants de luminaires au Canada","description":"Ra Wall inspir\u00e9 du n\u00e9on un tube, caract\u00e9ris\u00e9 par son disque plaqu\u00e9 diffuse une lumi\u00e8re \u00e0 la fois vive et douce sur le mur, cr\u00e9ant une ambiance enveloppante.","robots":{"index":"index","follow":"follow","max-snippet":"max-snippet:-1","max-image-preview":"max-image-preview:large","max-video-preview":"max-video-preview:-1"},"canonical":"https:\/\/darmes.ca\/fr\/produit\/ra-wall-longue\/","og_locale":"fr_FR","og_type":"article","og_title":"Ra Wall Longue - Designers et fabricants de luminaires au Canada","og_description":"Ra Wall inspir\u00e9 du n\u00e9on un tube, caract\u00e9ris\u00e9 par son disque plaqu\u00e9 diffuse une lumi\u00e8re \u00e0 la fois vive et douce sur le mur, cr\u00e9ant une ambiance enveloppante.","og_url":"https:\/\/darmes.ca\/fr\/produit\/ra-wall-longue\/","og_site_name":"Designers et fabricants de luminaires au Canada","article_modified_time":"2025-11-25T19:00:19+00:00","og_image":[{"width":3000,"height":3000,"url":"https:\/\/darmes.ca\/wp-content\/uploads\/2023\/05\/RAWAAGO_Sans-fond-20230302.png","type":"image\/png"}],"twitter_card":"summary_large_image","twitter_misc":{"Dur\u00e9e de lecture estim\u00e9e":"2 minutes"},"schema":{"@context":"https:\/\/schema.org","@graph":[{"@type":"WebPage","@id":"https:\/\/darmes.ca\/fr\/produit\/ra-wall-longue\/","url":"https:\/\/darmes.ca\/fr\/produit\/ra-wall-longue\/","name":"Ra Wall Longue - Designers et fabricants de luminaires au Canada","isPartOf":{"@id":"https:\/\/darmes.ca\/fr\/#website"},"primaryImageOfPage":{"@id":"https:\/\/darmes.ca\/fr\/produit\/ra-wall-longue\/#primaryimage"},"image":{"@id":"https:\/\/darmes.ca\/fr\/produit\/ra-wall-longue\/#primaryimage"},"thumbnailUrl":"https:\/\/darmes.ca\/wp-content\/uploads\/2023\/05\/RAWAAGO_Sans-fond-20230302.png","datePublished":"2021-09-19T20:34:01+00:00","dateModified":"2025-11-25T19:00:19+00:00","description":"Ra Wall inspir\u00e9 du n\u00e9on un tube, caract\u00e9ris\u00e9 par son disque plaqu\u00e9 diffuse une lumi\u00e8re \u00e0 la fois vive et douce sur le mur, cr\u00e9ant une ambiance enveloppante.","breadcrumb":{"@id":"https:\/\/darmes.ca\/fr\/produit\/ra-wall-longue\/#breadcrumb"},"inLanguage":"fr-FR","potentialAction":[{"@type":"ReadAction","target":["https:\/\/darmes.ca\/fr\/produit\/ra-wall-longue\/"]}]},{"@type":"ImageObject","inLanguage":"fr-FR","@id":"https:\/\/darmes.ca\/fr\/produit\/ra-wall-longue\/#primaryimage","url":"https:\/\/darmes.ca\/wp-content\/uploads\/2023\/05\/RAWAAGO_Sans-fond-20230302.png","contentUrl":"https:\/\/darmes.ca\/wp-content\/uploads\/2023\/05\/RAWAAGO_Sans-fond-20230302.png","width":3000,"height":3000},{"@type":"BreadcrumbList","@id":"https:\/\/darmes.ca\/fr\/produit\/ra-wall-longue\/#breadcrumb","itemListElement":[{"@type":"ListItem","position":1,"name":"Home","item":"https:\/\/darmes.ca\/fr\/"},{"@type":"ListItem","position":2,"name":"Darmes","item":"https:\/\/darmes.ca\/fr\/"},{"@type":"ListItem","position":3,"name":"Ra Wall Longue"}]},{"@type":"WebSite","@id":"https:\/\/darmes.ca\/fr\/#website","url":"https:\/\/darmes.ca\/fr\/","name":"Designers et fabricants de luminaires au Canada","description":"","publisher":{"@id":"https:\/\/darmes.ca\/fr\/#organization"},"potentialAction":[{"@type":"SearchAction","target":{"@type":"EntryPoint","urlTemplate":"https:\/\/darmes.ca\/fr\/?s={search_term_string}"},"query-input":{"@type":"PropertyValueSpecification","valueRequired":true,"valueName":"search_term_string"}}],"inLanguage":"fr-FR"},{"@type":"Organization","@id":"https:\/\/darmes.ca\/fr\/#organization","name":"d'Armes","url":"https:\/\/darmes.ca\/fr\/","logo":{"@type":"ImageObject","inLanguage":"fr-FR","@id":"https:\/\/darmes.ca\/fr\/#\/schema\/logo\/image\/","url":"https:\/\/darmes.ca\/wp-content\/uploads\/2021\/07\/darmes-logo.png","contentUrl":"https:\/\/darmes.ca\/wp-content\/uploads\/2021\/07\/darmes-logo.png","width":250,"height":258,"caption":"d'Armes"},"image":{"@id":"https:\/\/darmes.ca\/fr\/#\/schema\/logo\/image\/"}}]}},"_links":{"self":[{"href":"https:\/\/darmes.ca\/fr\/wp-json\/wp\/v2\/product\/3238","targetHints":{"allow":["GET"]}}],"collection":[{"href":"https:\/\/darmes.ca\/fr\/wp-json\/wp\/v2\/product"}],"about":[{"href":"https:\/\/darmes.ca\/fr\/wp-json\/wp\/v2\/types\/product"}],"wp:featuredmedia":[{"embeddable":true,"href":"https:\/\/darmes.ca\/fr\/wp-json\/wp\/v2\/media\/4594"}],"wp:attachment":[{"href":"https:\/\/darmes.ca\/fr\/wp-json\/wp\/v2\/media?parent=3238"}],"wp:term":[{"taxonomy":"product_brand","embeddable":true,"href":"https:\/\/darmes.ca\/fr\/wp-json\/wp\/v2\/product_brand?post=3238"},{"taxonomy":"product_cat","embeddable":true,"href":"https:\/\/darmes.ca\/fr\/wp-json\/wp\/v2\/product_cat?post=3238"},{"taxonomy":"product_tag","embeddable":true,"href":"https:\/\/darmes.ca\/fr\/wp-json\/wp\/v2\/product_tag?post=3238"}],"curies":[{"name":"wp","href":"https:\/\/api.w.org\/{rel}","templated":true}]}}