{"id":2806,"date":"2021-08-27T14:23:27","date_gmt":"2021-08-27T18:23:27","guid":{"rendered":"https:\/\/darmes.flywheelsites.com\/product\/ce-wall\/"},"modified":"2025-09-03T15:01:28","modified_gmt":"2025-09-03T19:01:28","slug":"ce-wall","status":"publish","type":"product","link":"https:\/\/darmes.ca\/fr\/produit\/ce-wall\/","title":{"rendered":"C\u00e9 Wall"},"content":{"rendered":"<p>La collection C\u00e9 r\u00e9imagine l&#8217;utilisation des <strong>franges dans les luminaires<\/strong>, offrant une perspective nouvelle sur un concept classique. Inspir\u00e9e par le personnage mythique de C\u00e9crops, le l\u00e9gendaire fondateur et premier roi d&#8217;Ath\u00e8nes, souvent repr\u00e9sent\u00e9 comme mi-homme, mi-serpent, cette collection int\u00e8gre des \u00e9l\u00e9ments qui \u00e9voquent cette dualit\u00e9. Les franges rappellent le mouvement fluide d&#8217;un serpent, tandis que le disque central refl\u00e8te la lumi\u00e8re et nos visages, cr\u00e9ant un lien symbolique avec nos origines.<\/p>\n<p><strong>En filtrant la lumi\u00e8re, les franges cr\u00e9ent une ambiance douce et tamis\u00e9e<\/strong>, id\u00e9ale pour des espaces raffin\u00e9s comme les <strong>boudoirs<\/strong> et les <strong>h\u00f4tels<\/strong>. La collection <strong>C\u00e9<\/strong> allie audacieusement franges et bronze massif, r\u00e9v\u00e9lant une applique magnifiquement arrondie. Le mouvement unique des franges conf\u00e8re un aspect fluide, se distinguant des collections pr\u00e9c\u00e9dentes, tout en restant fid\u00e8le aux lignes minimalistes et \u00e9pur\u00e9es caract\u00e9ristiques de chaque luminaire Darmes.<\/p>\n<p>Alexandre Joncas, designer et co-fondateur de Darmes, d\u00e9crit l&#8217;inspiration derri\u00e8re C\u00e9 : \u00ab L&#8217;inspiration vient de C\u00e9crops, qui selon la mythologie grecque fut le premier indig\u00e8ne, le fondateur d&#8217;Ath\u00e8nes. \u00bb<\/p>\n<p>La collection C\u00e9 a \u00e9t\u00e9 pr\u00e9sent\u00e9e pour la premi\u00e8re fois au <a href=\"https:\/\/www.fuorisalone.it\/en\"><b>Fuorisalone<\/b><\/a> 2018 avec <a href=\"https:\/\/www.archiproducts.com\/fr\"><b>Archiproducts<\/b><\/a> \u00e0 Milan.<\/p>\n<p>C\u00e9 est disponible en plusieurs configurations pour s&#8217;adapter \u00e0 votre espace : <a href=\"https:\/\/darmes.ca\/fr\/produit\/ce-wall\/\" target=\"_blank\" rel=\"noopener\">Wall<\/a>, <a href=\"https:\/\/darmes.ca\/fr\/produit\/ce-petite-courte\/\" target=\"_blank\" rel=\"noopener\">Petite Courte<\/a> ou <a href=\"https:\/\/darmes.ca\/fr\/produit\/ce-petite-longue\/\" target=\"_blank\" rel=\"noopener\"><b>Petite Longue<\/b><\/a>.<\/p>\n<p><span style=\"font-weight: 400;\">Les luminaires sont <\/span><b>assembl\u00e9s dans l\u2019atelier darmes<\/b><span style=\"font-weight: 400;\"> au Canada, utilisant de <\/span><b>l\u2019aluminium recyclables<\/b><span style=\"font-weight: 400;\">, en partenariat avec des <\/span><b>fournisseurs locaux<\/b><span style=\"font-weight: 400;\">. Ces collections sont exp\u00e9di\u00e9es dans le monde entier avec des mesures de <\/span><a href=\"https:\/\/darmes.ca\/fr\/livraison\/\"><b>compensation carbone<\/b><\/a><span style=\"font-weight: 400;\">.<\/span><\/p>\n<p>Finitions disponibles :<\/p>\n<ul>\n<li style=\"font-weight: 400;\" aria-level=\"1\">Chrome\/Blanc Naturel<\/li>\n<li style=\"font-weight: 400;\" aria-level=\"1\">Chrome\/Rose Tendre<\/li>\n<li style=\"font-weight: 400;\" aria-level=\"1\">Chrome\/Verdigris<\/li>\n<li style=\"font-weight: 400;\" aria-level=\"1\">Or 12k\/Verdigris<\/li>\n<li style=\"font-weight: 400;\" aria-level=\"1\">Or 12k\/Rose Tendre<\/li>\n<li style=\"font-weight: 400;\" aria-level=\"1\">Or 12k\/Blanc Naturel<\/li>\n<\/ul>\n","protected":false},"excerpt":{"rendered":"<p>La collection C\u00e9 r\u00e9imagine l&#8217;utilisation des franges dans les luminaires, offrant une perspective nouvelle sur un concept classique. Inspir\u00e9e par le personnage mythique de C\u00e9crops, le l\u00e9gendaire fondateur et premier roi d&#8217;Ath\u00e8nes, souvent repr\u00e9sent\u00e9 comme mi-homme, mi-serpent, cette collection int\u00e8gre des \u00e9l\u00e9ments qui \u00e9voquent cette dualit\u00e9. Les franges rappellent le mouvement fluide d&#8217;un serpent, tandis [&#8230;]<\/p>\n<p><a class=\"btn btn-secondary understrap-read-more-link\" href=\"https:\/\/darmes.ca\/fr\/produit\/ce-wall\/\">Lire plus&#8230;<\/a><\/p>\n","protected":false},"featured_media":3127,"template":"","meta":{"_acf_changed":false,"content-type":""},"product_brand":[],"product_cat":[134],"product_tag":[],"class_list":{"0":"post-2806","1":"product","2":"type-product","3":"status-publish","4":"has-post-thumbnail","6":"product_cat-murale","7":"product_shipping_class-small","8":"series-ce-fr","9":"madeinlocation-canada-fr","10":"certification-ce-fr-2","11":"certification-ul-fr-2","13":"first","14":"instock","15":"taxable","16":"shipping-taxable","17":"purchasable","18":"product-type-variable"},"acf":[],"yoast_head":"<!-- This site is optimized with the Yoast SEO plugin v27.2 - https:\/\/yoast.com\/product\/yoast-seo-wordpress\/ -->\n<title>C\u00e9 Wall - Designers et fabricants de luminaires au Canada<\/title>\n<meta name=\"description\" content=\"Le luminaire C\u00e9 Wall filtre la lumi\u00e8re, ses franges cr\u00e9ant une ambiance douce et feutr\u00e9e, id\u00e9ale pour des environnements raffin\u00e9s.\" \/>\n<meta name=\"robots\" content=\"index, follow, max-snippet:-1, max-image-preview:large, max-video-preview:-1\" \/>\n<link rel=\"canonical\" href=\"https:\/\/darmes.ca\/fr\/produit\/ce-wall\/\" \/>\n<meta property=\"og:locale\" content=\"fr_FR\" \/>\n<meta property=\"og:type\" content=\"article\" \/>\n<meta property=\"og:title\" content=\"C\u00e9 Wall - Designers et fabricants de luminaires au Canada\" \/>\n<meta property=\"og:description\" content=\"Le luminaire C\u00e9 Wall filtre la lumi\u00e8re, ses franges cr\u00e9ant une ambiance douce et feutr\u00e9e, id\u00e9ale pour des environnements raffin\u00e9s.\" \/>\n<meta property=\"og:url\" content=\"https:\/\/darmes.ca\/fr\/produit\/ce-wall\/\" \/>\n<meta property=\"og:site_name\" content=\"Designers et fabricants de luminaires au Canada\" \/>\n<meta property=\"article:modified_time\" content=\"2025-09-03T19:01:28+00:00\" \/>\n<meta property=\"og:image\" content=\"https:\/\/darmes.ca\/wp-content\/uploads\/2021\/08\/CEWABRCR-20210608.png\" \/>\n\t<meta property=\"og:image:width\" content=\"640\" \/>\n\t<meta property=\"og:image:height\" content=\"640\" \/>\n\t<meta property=\"og:image:type\" content=\"image\/png\" \/>\n<meta name=\"twitter:card\" content=\"summary_large_image\" \/>\n<meta name=\"twitter:label1\" content=\"Dur\u00e9e de lecture estim\u00e9e\" \/>\n\t<meta name=\"twitter:data1\" content=\"2 minutes\" \/>\n<script type=\"application\/ld+json\" class=\"yoast-schema-graph\">{\"@context\":\"https:\/\/schema.org\",\"@graph\":[{\"@type\":\"WebPage\",\"@id\":\"https:\/\/darmes.ca\/fr\/produit\/ce-wall\/\",\"url\":\"https:\/\/darmes.ca\/fr\/produit\/ce-wall\/\",\"name\":\"C\u00e9 Wall - Designers et fabricants de luminaires au Canada\",\"isPartOf\":{\"@id\":\"https:\/\/darmes.ca\/fr\/#website\"},\"primaryImageOfPage\":{\"@id\":\"https:\/\/darmes.ca\/fr\/produit\/ce-wall\/#primaryimage\"},\"image\":{\"@id\":\"https:\/\/darmes.ca\/fr\/produit\/ce-wall\/#primaryimage\"},\"thumbnailUrl\":\"https:\/\/darmes.ca\/wp-content\/uploads\/2021\/08\/CEWABRCR-20210608.png\",\"datePublished\":\"2021-08-27T18:23:27+00:00\",\"dateModified\":\"2025-09-03T19:01:28+00:00\",\"description\":\"Le luminaire C\u00e9 Wall filtre la lumi\u00e8re, ses franges cr\u00e9ant une ambiance douce et feutr\u00e9e, id\u00e9ale pour des environnements raffin\u00e9s.\",\"breadcrumb\":{\"@id\":\"https:\/\/darmes.ca\/fr\/produit\/ce-wall\/#breadcrumb\"},\"inLanguage\":\"fr-FR\",\"potentialAction\":[{\"@type\":\"ReadAction\",\"target\":[\"https:\/\/darmes.ca\/fr\/produit\/ce-wall\/\"]}]},{\"@type\":\"ImageObject\",\"inLanguage\":\"fr-FR\",\"@id\":\"https:\/\/darmes.ca\/fr\/produit\/ce-wall\/#primaryimage\",\"url\":\"https:\/\/darmes.ca\/wp-content\/uploads\/2021\/08\/CEWABRCR-20210608.png\",\"contentUrl\":\"https:\/\/darmes.ca\/wp-content\/uploads\/2021\/08\/CEWABRCR-20210608.png\",\"width\":2500,\"height\":2500},{\"@type\":\"BreadcrumbList\",\"@id\":\"https:\/\/darmes.ca\/fr\/produit\/ce-wall\/#breadcrumb\",\"itemListElement\":[{\"@type\":\"ListItem\",\"position\":1,\"name\":\"Home\",\"item\":\"https:\/\/darmes.ca\/fr\/\"},{\"@type\":\"ListItem\",\"position\":2,\"name\":\"Darmes\",\"item\":\"https:\/\/darmes.ca\/fr\/\"},{\"@type\":\"ListItem\",\"position\":3,\"name\":\"C\u00e9 Wall\"}]},{\"@type\":\"WebSite\",\"@id\":\"https:\/\/darmes.ca\/fr\/#website\",\"url\":\"https:\/\/darmes.ca\/fr\/\",\"name\":\"Designers et fabricants de luminaires au Canada\",\"description\":\"\",\"publisher\":{\"@id\":\"https:\/\/darmes.ca\/fr\/#organization\"},\"potentialAction\":[{\"@type\":\"SearchAction\",\"target\":{\"@type\":\"EntryPoint\",\"urlTemplate\":\"https:\/\/darmes.ca\/fr\/?s={search_term_string}\"},\"query-input\":{\"@type\":\"PropertyValueSpecification\",\"valueRequired\":true,\"valueName\":\"search_term_string\"}}],\"inLanguage\":\"fr-FR\"},{\"@type\":\"Organization\",\"@id\":\"https:\/\/darmes.ca\/fr\/#organization\",\"name\":\"d'Armes\",\"url\":\"https:\/\/darmes.ca\/fr\/\",\"logo\":{\"@type\":\"ImageObject\",\"inLanguage\":\"fr-FR\",\"@id\":\"https:\/\/darmes.ca\/fr\/#\/schema\/logo\/image\/\",\"url\":\"https:\/\/darmes.ca\/wp-content\/uploads\/2021\/07\/darmes-logo.png\",\"contentUrl\":\"https:\/\/darmes.ca\/wp-content\/uploads\/2021\/07\/darmes-logo.png\",\"width\":250,\"height\":258,\"caption\":\"d'Armes\"},\"image\":{\"@id\":\"https:\/\/darmes.ca\/fr\/#\/schema\/logo\/image\/\"}}]}<\/script>\n<!-- \/ Yoast SEO plugin. -->","yoast_head_json":{"title":"C\u00e9 Wall - Designers et fabricants de luminaires au Canada","description":"Le luminaire C\u00e9 Wall filtre la lumi\u00e8re, ses franges cr\u00e9ant une ambiance douce et feutr\u00e9e, id\u00e9ale pour des environnements raffin\u00e9s.","robots":{"index":"index","follow":"follow","max-snippet":"max-snippet:-1","max-image-preview":"max-image-preview:large","max-video-preview":"max-video-preview:-1"},"canonical":"https:\/\/darmes.ca\/fr\/produit\/ce-wall\/","og_locale":"fr_FR","og_type":"article","og_title":"C\u00e9 Wall - Designers et fabricants de luminaires au Canada","og_description":"Le luminaire C\u00e9 Wall filtre la lumi\u00e8re, ses franges cr\u00e9ant une ambiance douce et feutr\u00e9e, id\u00e9ale pour des environnements raffin\u00e9s.","og_url":"https:\/\/darmes.ca\/fr\/produit\/ce-wall\/","og_site_name":"Designers et fabricants de luminaires au Canada","article_modified_time":"2025-09-03T19:01:28+00:00","og_image":[{"url":"https:\/\/darmes.ca\/wp-content\/uploads\/2021\/08\/CEWABRCR-20210608.png","width":640,"height":640,"type":"image\/png"}],"twitter_card":"summary_large_image","twitter_misc":{"Dur\u00e9e de lecture estim\u00e9e":"2 minutes"},"schema":{"@context":"https:\/\/schema.org","@graph":[{"@type":"WebPage","@id":"https:\/\/darmes.ca\/fr\/produit\/ce-wall\/","url":"https:\/\/darmes.ca\/fr\/produit\/ce-wall\/","name":"C\u00e9 Wall - Designers et fabricants de luminaires au Canada","isPartOf":{"@id":"https:\/\/darmes.ca\/fr\/#website"},"primaryImageOfPage":{"@id":"https:\/\/darmes.ca\/fr\/produit\/ce-wall\/#primaryimage"},"image":{"@id":"https:\/\/darmes.ca\/fr\/produit\/ce-wall\/#primaryimage"},"thumbnailUrl":"https:\/\/darmes.ca\/wp-content\/uploads\/2021\/08\/CEWABRCR-20210608.png","datePublished":"2021-08-27T18:23:27+00:00","dateModified":"2025-09-03T19:01:28+00:00","description":"Le luminaire C\u00e9 Wall filtre la lumi\u00e8re, ses franges cr\u00e9ant une ambiance douce et feutr\u00e9e, id\u00e9ale pour des environnements raffin\u00e9s.","breadcrumb":{"@id":"https:\/\/darmes.ca\/fr\/produit\/ce-wall\/#breadcrumb"},"inLanguage":"fr-FR","potentialAction":[{"@type":"ReadAction","target":["https:\/\/darmes.ca\/fr\/produit\/ce-wall\/"]}]},{"@type":"ImageObject","inLanguage":"fr-FR","@id":"https:\/\/darmes.ca\/fr\/produit\/ce-wall\/#primaryimage","url":"https:\/\/darmes.ca\/wp-content\/uploads\/2021\/08\/CEWABRCR-20210608.png","contentUrl":"https:\/\/darmes.ca\/wp-content\/uploads\/2021\/08\/CEWABRCR-20210608.png","width":2500,"height":2500},{"@type":"BreadcrumbList","@id":"https:\/\/darmes.ca\/fr\/produit\/ce-wall\/#breadcrumb","itemListElement":[{"@type":"ListItem","position":1,"name":"Home","item":"https:\/\/darmes.ca\/fr\/"},{"@type":"ListItem","position":2,"name":"Darmes","item":"https:\/\/darmes.ca\/fr\/"},{"@type":"ListItem","position":3,"name":"C\u00e9 Wall"}]},{"@type":"WebSite","@id":"https:\/\/darmes.ca\/fr\/#website","url":"https:\/\/darmes.ca\/fr\/","name":"Designers et fabricants de luminaires au Canada","description":"","publisher":{"@id":"https:\/\/darmes.ca\/fr\/#organization"},"potentialAction":[{"@type":"SearchAction","target":{"@type":"EntryPoint","urlTemplate":"https:\/\/darmes.ca\/fr\/?s={search_term_string}"},"query-input":{"@type":"PropertyValueSpecification","valueRequired":true,"valueName":"search_term_string"}}],"inLanguage":"fr-FR"},{"@type":"Organization","@id":"https:\/\/darmes.ca\/fr\/#organization","name":"d'Armes","url":"https:\/\/darmes.ca\/fr\/","logo":{"@type":"ImageObject","inLanguage":"fr-FR","@id":"https:\/\/darmes.ca\/fr\/#\/schema\/logo\/image\/","url":"https:\/\/darmes.ca\/wp-content\/uploads\/2021\/07\/darmes-logo.png","contentUrl":"https:\/\/darmes.ca\/wp-content\/uploads\/2021\/07\/darmes-logo.png","width":250,"height":258,"caption":"d'Armes"},"image":{"@id":"https:\/\/darmes.ca\/fr\/#\/schema\/logo\/image\/"}}]}},"_links":{"self":[{"href":"https:\/\/darmes.ca\/fr\/wp-json\/wp\/v2\/product\/2806","targetHints":{"allow":["GET"]}}],"collection":[{"href":"https:\/\/darmes.ca\/fr\/wp-json\/wp\/v2\/product"}],"about":[{"href":"https:\/\/darmes.ca\/fr\/wp-json\/wp\/v2\/types\/product"}],"wp:featuredmedia":[{"embeddable":true,"href":"https:\/\/darmes.ca\/fr\/wp-json\/wp\/v2\/media\/3127"}],"wp:attachment":[{"href":"https:\/\/darmes.ca\/fr\/wp-json\/wp\/v2\/media?parent=2806"}],"wp:term":[{"taxonomy":"product_brand","embeddable":true,"href":"https:\/\/darmes.ca\/fr\/wp-json\/wp\/v2\/product_brand?post=2806"},{"taxonomy":"product_cat","embeddable":true,"href":"https:\/\/darmes.ca\/fr\/wp-json\/wp\/v2\/product_cat?post=2806"},{"taxonomy":"product_tag","embeddable":true,"href":"https:\/\/darmes.ca\/fr\/wp-json\/wp\/v2\/product_tag?post=2806"}],"curies":[{"name":"wp","href":"https:\/\/api.w.org\/{rel}","templated":true}]}}