{"id":2681,"date":"2021-09-15T13:01:00","date_gmt":"2021-09-15T17:01:00","guid":{"rendered":"https:\/\/darmes.flywheelsites.com\/product\/gigi-table\/"},"modified":"2025-09-03T13:52:18","modified_gmt":"2025-09-03T17:52:18","slug":"gigi-table","status":"publish","type":"product","link":"https:\/\/darmes.ca\/fr\/produit\/gigi-table\/","title":{"rendered":"Gigi"},"content":{"rendered":"<p><span style=\"font-weight: 400;\">La collection Gigi est n\u00e9e d\u2019une collaboration in\u00e9dite entre le studio de <\/span><b>verre souffl\u00e9<\/b><span style=\"font-weight: 400;\"> montr\u00e9alais<\/span><a href=\"https:\/\/www.verredonge.com\/\"> <span style=\"font-weight: 400;\">Verre d\u2019Onge<\/span><\/a><span style=\"font-weight: 400;\"> par <\/span><i><span style=\"font-weight: 400;\">J\u00e9r\u00e9mie St-Onge<\/span><\/i><span style=\"font-weight: 400;\"> et studio darmes. Ce projet \u00e0 quatre mains est l\u2019alliance de deux ma\u00eetrises, celle du <\/span><b>verre<\/b><span style=\"font-weight: 400;\"> et de la <\/span><b>lumi\u00e8re<\/b><span style=\"font-weight: 400;\">, incarnant la fusion parfaite entre <\/span><b>savoir-faire artisanal <\/b><span style=\"font-weight: 400;\">et<\/span><b> innovation lumineuse<\/b><span style=\"font-weight: 400;\">. La volont\u00e9 de J\u00e9r\u00e9mie et Alex Joncas, designer et co-fondateur de darmes, \u00e9taient d\u2019explorer et de repenser <\/span><b>la lampe de verre<\/b><span style=\"font-weight: 400;\"> classique. Issu d\u2019un processus cr\u00e9atif ax\u00e9 sur l\u2019exploration de la mat\u00e9rialit\u00e9 et de l\u2019exp\u00e9rience sensible de la pr\u00e9sence de la lampe Gigi dans l\u2019espace, qui a donn\u00e9 une lampe qui repousse les limites du verre.<\/span><\/p>\n<p><span style=\"font-weight: 400;\">Gigi se laissent d\u00e9couvrir, se d\u00e9voilent en progressivement offrant une exp\u00e9rience visuelle singuli\u00e8re. Au rythme du <\/span><b>souffleur de verre<\/b><span style=\"font-weight: 400;\">, ses couleurs se d\u00e9ploient dans la mati\u00e8re en teintes et nuances uniques. Gigi offre un <\/span><b>\u00e9clairage bidirectionnel<\/b><span style=\"font-weight: 400;\"> de qualit\u00e9, qui se tamise vers des <\/span><b>teintes plus chaudes<\/b><span style=\"font-weight: 400;\">. Que ce soit la<\/span><a href=\"https:\/\/darmes.ca\/fr\/produit\/gigi-table\/\"> <span style=\"font-weight: 400;\">Gigi table<\/span><\/a><span style=\"font-weight: 400;\"> ou<\/span><a href=\"https:\/\/darmes.ca\/fr\/produit\/gigi-grand\/\"> <span style=\"font-weight: 400;\">Gigi grande<\/span><\/a><span style=\"font-weight: 400;\">, elle infuse dans chaque espace une ambiance myst\u00e9rieuse, qui attire l&#8217;oeil, telle un phare de verre et de lumi\u00e8re au milieu de la pi\u00e8ce.<\/span><\/p>\n<p><span style=\"font-weight: 400;\">La collection <\/span><i><span style=\"font-weight: 400;\">Gigi<\/span><\/i><span style=\"font-weight: 400;\"> a \u00e9t\u00e9 pr\u00e9sent\u00e9 pour la premi\u00e8re fois \u00e0<\/span><a href=\"https:\/\/milano.archiproducts.com\/en\/archiproducts-milano-2021-future-habitat\/\"> <span style=\"font-weight: 400;\">Future Habit(at) 2021<\/span><\/a><span style=\"font-weight: 400;\"> 2021 avec Archiproducts dans le cadre de la Design Week \u00e0 Milan et a gagn\u00e9 le prix<\/span><a href=\"https:\/\/awards.archiproducts.com\/winners-2021\/\"> <span style=\"font-weight: 400;\">Archiproducts design award<\/span><\/a><span style=\"font-weight: 400;\">, cat\u00e9gorie luminaire, en 2021.<\/span><\/p>\n<p><img loading=\"lazy\" decoding=\"async\" class=\"alignnone wp-image-4612 \" src=\"https:\/\/darmes.ca\/wp-content\/uploads\/2023\/05\/Badge_winner_2021-600x600.png\" alt=\"\" width=\"180\" height=\"180\" srcset=\"https:\/\/darmes.ca\/wp-content\/uploads\/2023\/05\/Badge_winner_2021-600x600.png 600w, https:\/\/darmes.ca\/wp-content\/uploads\/2023\/05\/Badge_winner_2021-300x300.png 300w, https:\/\/darmes.ca\/wp-content\/uploads\/2023\/05\/Badge_winner_2021-768x768.png 768w, https:\/\/darmes.ca\/wp-content\/uploads\/2023\/05\/Badge_winner_2021-1536x1536.png 1536w, https:\/\/darmes.ca\/wp-content\/uploads\/2023\/05\/Badge_winner_2021-2048x2048.png 2048w, https:\/\/darmes.ca\/wp-content\/uploads\/2023\/05\/Badge_winner_2021-150x150.png 150w, https:\/\/darmes.ca\/wp-content\/uploads\/2023\/05\/Badge_winner_2021-1000x1000.png 1000w, https:\/\/darmes.ca\/wp-content\/uploads\/2023\/05\/Badge_winner_2021-800x800.png 800w, https:\/\/darmes.ca\/wp-content\/uploads\/2023\/05\/Badge_winner_2021-100x100.png 100w\" sizes=\"auto, (max-width: 180px) 100vw, 180px\" \/><\/p>\n<p><span style=\"font-weight: 400;\">Les luminaires sont <\/span><b>assembl\u00e9s dans l\u2019atelier darmes<\/b><span style=\"font-weight: 400;\"> au Canada en partenariat avec des <\/span><b>fournisseurs locaux<\/b><span style=\"font-weight: 400;\">. Ces collections sont exp\u00e9di\u00e9es dans le monde entier avec des mesures de <\/span><a href=\"https:\/\/darmes.ca\/fr\/livraison\/\"><b>compensation carbone<\/b><\/a><span style=\"font-weight: 400;\">.<\/span><\/p>\n<p><span style=\"font-weight: 400;\">Fonctionnalit\u00e9s :<\/span><\/p>\n<ul>\n<li style=\"font-weight: 400;\" aria-level=\"1\"><span style=\"font-weight: 400;\">\u00c9clairage bidirectionnel de haute qualit\u00e9 (1400 Lumens, 93+ CRI)<\/span><\/li>\n<li style=\"font-weight: 400;\" aria-level=\"1\"><span style=\"font-weight: 400;\">Lueur chaude (3000K \u00e0 2200K)<\/span><\/li>\n<li style=\"font-weight: 400;\" aria-level=\"1\"><span style=\"font-weight: 400;\">Variateur tactile int\u00e9gr\u00e9<\/span><\/li>\n<li style=\"font-weight: 400;\" aria-level=\"1\"><span style=\"font-weight: 400;\">Voltage Universel 110V \u00e0 240V, fiche locale incluse<\/span><\/li>\n<\/ul>\n<p><span style=\"font-weight: 400;\">Finitions disponibles :<\/span><\/p>\n<ul>\n<li style=\"font-weight: 400;\" aria-level=\"1\"><span style=\"font-weight: 400;\">Clair<\/span><\/li>\n<li style=\"font-weight: 400;\" aria-level=\"1\"><span style=\"font-weight: 400;\">Sombre<\/span><\/li>\n<li style=\"font-weight: 400;\" aria-level=\"1\"><span style=\"font-weight: 400;\">Brouillard<\/span><\/li>\n<li style=\"font-weight: 400;\" aria-level=\"1\"><span style=\"font-weight: 400;\">Rouge<\/span><\/li>\n<li style=\"font-weight: 400;\" aria-level=\"1\"><span style=\"font-weight: 400;\">Sauge<\/span><\/li>\n<\/ul>\n","protected":false},"excerpt":{"rendered":"<p>La collection Gigi est n\u00e9e d\u2019une collaboration in\u00e9dite entre le studio de verre souffl\u00e9 montr\u00e9alais Verre d\u2019Onge par J\u00e9r\u00e9mie St-Onge et studio darmes. Ce projet \u00e0 quatre mains est l\u2019alliance de deux ma\u00eetrises, celle du verre et de la lumi\u00e8re, incarnant la fusion parfaite entre savoir-faire artisanal et innovation lumineuse. La volont\u00e9 de J\u00e9r\u00e9mie et [&#8230;]<\/p>\n<p><a class=\"btn btn-secondary understrap-read-more-link\" href=\"https:\/\/darmes.ca\/fr\/produit\/gigi-table\/\">Lire plus&#8230;<\/a><\/p>\n","protected":false},"featured_media":5027,"template":"","meta":{"_acf_changed":false,"content-type":""},"product_brand":[],"product_cat":[133],"product_tag":[],"class_list":{"0":"post-2681","1":"product","2":"type-product","3":"status-publish","4":"has-post-thumbnail","6":"product_cat-table-fr","7":"product_shipping_class-medium","8":"series-gigi-fr","9":"madeinlocation-canada-fr","10":"certification-ce-fr-2","12":"first","13":"instock","14":"taxable","15":"shipping-taxable","16":"purchasable","17":"product-type-variable","18":"has-default-attributes"},"acf":[],"yoast_head":"<!-- This site is optimized with the Yoast SEO plugin v27.2 - https:\/\/yoast.com\/product\/yoast-seo-wordpress\/ -->\n<title>Gigi - Designers et fabricants de luminaires au Canada<\/title>\n<meta name=\"description\" content=\"Gigi est une lampe en verre souffl\u00e9, avec un \u00e9clairage tamis\u00e9 de teintes chaudes. Elle cr\u00e9e une ambiance myst\u00e9rieuse, dans chaque pi\u00e8ce o\u00f9 elle se trouve.\" \/>\n<meta name=\"robots\" content=\"index, follow, max-snippet:-1, max-image-preview:large, max-video-preview:-1\" \/>\n<link rel=\"canonical\" href=\"https:\/\/darmes.ca\/fr\/produit\/gigi-table\/\" \/>\n<meta property=\"og:locale\" content=\"fr_FR\" \/>\n<meta property=\"og:type\" content=\"article\" \/>\n<meta property=\"og:title\" content=\"Gigi - Designers et fabricants de luminaires au Canada\" \/>\n<meta property=\"og:description\" content=\"Gigi est une lampe en verre souffl\u00e9, avec un \u00e9clairage tamis\u00e9 de teintes chaudes. Elle cr\u00e9e une ambiance myst\u00e9rieuse, dans chaque pi\u00e8ce o\u00f9 elle se trouve.\" \/>\n<meta property=\"og:url\" content=\"https:\/\/darmes.ca\/fr\/produit\/gigi-table\/\" \/>\n<meta property=\"og:site_name\" content=\"Designers et fabricants de luminaires au Canada\" \/>\n<meta property=\"article:modified_time\" content=\"2025-09-03T17:52:18+00:00\" \/>\n<meta property=\"og:image\" content=\"https:\/\/darmes.ca\/wp-content\/uploads\/2021\/09\/Gigi.png\" \/>\n\t<meta property=\"og:image:width\" content=\"640\" \/>\n\t<meta property=\"og:image:height\" content=\"640\" \/>\n\t<meta property=\"og:image:type\" content=\"image\/png\" \/>\n<meta name=\"twitter:card\" content=\"summary_large_image\" \/>\n<meta name=\"twitter:label1\" content=\"Dur\u00e9e de lecture estim\u00e9e\" \/>\n\t<meta name=\"twitter:data1\" content=\"2 minutes\" \/>\n<script type=\"application\/ld+json\" class=\"yoast-schema-graph\">{\"@context\":\"https:\/\/schema.org\",\"@graph\":[{\"@type\":\"WebPage\",\"@id\":\"https:\/\/darmes.ca\/fr\/produit\/gigi-table\/\",\"url\":\"https:\/\/darmes.ca\/fr\/produit\/gigi-table\/\",\"name\":\"Gigi - Designers et fabricants de luminaires au Canada\",\"isPartOf\":{\"@id\":\"https:\/\/darmes.ca\/fr\/#website\"},\"primaryImageOfPage\":{\"@id\":\"https:\/\/darmes.ca\/fr\/produit\/gigi-table\/#primaryimage\"},\"image\":{\"@id\":\"https:\/\/darmes.ca\/fr\/produit\/gigi-table\/#primaryimage\"},\"thumbnailUrl\":\"https:\/\/darmes.ca\/wp-content\/uploads\/2021\/09\/Gigi.png\",\"datePublished\":\"2021-09-15T17:01:00+00:00\",\"dateModified\":\"2025-09-03T17:52:18+00:00\",\"description\":\"Gigi est une lampe en verre souffl\u00e9, avec un \u00e9clairage tamis\u00e9 de teintes chaudes. Elle cr\u00e9e une ambiance myst\u00e9rieuse, dans chaque pi\u00e8ce o\u00f9 elle se trouve.\",\"breadcrumb\":{\"@id\":\"https:\/\/darmes.ca\/fr\/produit\/gigi-table\/#breadcrumb\"},\"inLanguage\":\"fr-FR\",\"potentialAction\":[{\"@type\":\"ReadAction\",\"target\":[\"https:\/\/darmes.ca\/fr\/produit\/gigi-table\/\"]}]},{\"@type\":\"ImageObject\",\"inLanguage\":\"fr-FR\",\"@id\":\"https:\/\/darmes.ca\/fr\/produit\/gigi-table\/#primaryimage\",\"url\":\"https:\/\/darmes.ca\/wp-content\/uploads\/2021\/09\/Gigi.png\",\"contentUrl\":\"https:\/\/darmes.ca\/wp-content\/uploads\/2021\/09\/Gigi.png\",\"width\":3000,\"height\":3000},{\"@type\":\"BreadcrumbList\",\"@id\":\"https:\/\/darmes.ca\/fr\/produit\/gigi-table\/#breadcrumb\",\"itemListElement\":[{\"@type\":\"ListItem\",\"position\":1,\"name\":\"Home\",\"item\":\"https:\/\/darmes.ca\/fr\/\"},{\"@type\":\"ListItem\",\"position\":2,\"name\":\"Darmes\",\"item\":\"https:\/\/darmes.ca\/fr\/\"},{\"@type\":\"ListItem\",\"position\":3,\"name\":\"Gigi\"}]},{\"@type\":\"WebSite\",\"@id\":\"https:\/\/darmes.ca\/fr\/#website\",\"url\":\"https:\/\/darmes.ca\/fr\/\",\"name\":\"Designers et fabricants de luminaires au Canada\",\"description\":\"\",\"publisher\":{\"@id\":\"https:\/\/darmes.ca\/fr\/#organization\"},\"potentialAction\":[{\"@type\":\"SearchAction\",\"target\":{\"@type\":\"EntryPoint\",\"urlTemplate\":\"https:\/\/darmes.ca\/fr\/?s={search_term_string}\"},\"query-input\":{\"@type\":\"PropertyValueSpecification\",\"valueRequired\":true,\"valueName\":\"search_term_string\"}}],\"inLanguage\":\"fr-FR\"},{\"@type\":\"Organization\",\"@id\":\"https:\/\/darmes.ca\/fr\/#organization\",\"name\":\"d'Armes\",\"url\":\"https:\/\/darmes.ca\/fr\/\",\"logo\":{\"@type\":\"ImageObject\",\"inLanguage\":\"fr-FR\",\"@id\":\"https:\/\/darmes.ca\/fr\/#\/schema\/logo\/image\/\",\"url\":\"https:\/\/darmes.ca\/wp-content\/uploads\/2021\/07\/darmes-logo.png\",\"contentUrl\":\"https:\/\/darmes.ca\/wp-content\/uploads\/2021\/07\/darmes-logo.png\",\"width\":250,\"height\":258,\"caption\":\"d'Armes\"},\"image\":{\"@id\":\"https:\/\/darmes.ca\/fr\/#\/schema\/logo\/image\/\"}}]}<\/script>\n<!-- \/ Yoast SEO plugin. -->","yoast_head_json":{"title":"Gigi - Designers et fabricants de luminaires au Canada","description":"Gigi est une lampe en verre souffl\u00e9, avec un \u00e9clairage tamis\u00e9 de teintes chaudes. Elle cr\u00e9e une ambiance myst\u00e9rieuse, dans chaque pi\u00e8ce o\u00f9 elle se trouve.","robots":{"index":"index","follow":"follow","max-snippet":"max-snippet:-1","max-image-preview":"max-image-preview:large","max-video-preview":"max-video-preview:-1"},"canonical":"https:\/\/darmes.ca\/fr\/produit\/gigi-table\/","og_locale":"fr_FR","og_type":"article","og_title":"Gigi - Designers et fabricants de luminaires au Canada","og_description":"Gigi est une lampe en verre souffl\u00e9, avec un \u00e9clairage tamis\u00e9 de teintes chaudes. Elle cr\u00e9e une ambiance myst\u00e9rieuse, dans chaque pi\u00e8ce o\u00f9 elle se trouve.","og_url":"https:\/\/darmes.ca\/fr\/produit\/gigi-table\/","og_site_name":"Designers et fabricants de luminaires au Canada","article_modified_time":"2025-09-03T17:52:18+00:00","og_image":[{"url":"https:\/\/darmes.ca\/wp-content\/uploads\/2021\/09\/Gigi.png","width":640,"height":640,"type":"image\/png"}],"twitter_card":"summary_large_image","twitter_misc":{"Dur\u00e9e de lecture estim\u00e9e":"2 minutes"},"schema":{"@context":"https:\/\/schema.org","@graph":[{"@type":"WebPage","@id":"https:\/\/darmes.ca\/fr\/produit\/gigi-table\/","url":"https:\/\/darmes.ca\/fr\/produit\/gigi-table\/","name":"Gigi - Designers et fabricants de luminaires au Canada","isPartOf":{"@id":"https:\/\/darmes.ca\/fr\/#website"},"primaryImageOfPage":{"@id":"https:\/\/darmes.ca\/fr\/produit\/gigi-table\/#primaryimage"},"image":{"@id":"https:\/\/darmes.ca\/fr\/produit\/gigi-table\/#primaryimage"},"thumbnailUrl":"https:\/\/darmes.ca\/wp-content\/uploads\/2021\/09\/Gigi.png","datePublished":"2021-09-15T17:01:00+00:00","dateModified":"2025-09-03T17:52:18+00:00","description":"Gigi est une lampe en verre souffl\u00e9, avec un \u00e9clairage tamis\u00e9 de teintes chaudes. Elle cr\u00e9e une ambiance myst\u00e9rieuse, dans chaque pi\u00e8ce o\u00f9 elle se trouve.","breadcrumb":{"@id":"https:\/\/darmes.ca\/fr\/produit\/gigi-table\/#breadcrumb"},"inLanguage":"fr-FR","potentialAction":[{"@type":"ReadAction","target":["https:\/\/darmes.ca\/fr\/produit\/gigi-table\/"]}]},{"@type":"ImageObject","inLanguage":"fr-FR","@id":"https:\/\/darmes.ca\/fr\/produit\/gigi-table\/#primaryimage","url":"https:\/\/darmes.ca\/wp-content\/uploads\/2021\/09\/Gigi.png","contentUrl":"https:\/\/darmes.ca\/wp-content\/uploads\/2021\/09\/Gigi.png","width":3000,"height":3000},{"@type":"BreadcrumbList","@id":"https:\/\/darmes.ca\/fr\/produit\/gigi-table\/#breadcrumb","itemListElement":[{"@type":"ListItem","position":1,"name":"Home","item":"https:\/\/darmes.ca\/fr\/"},{"@type":"ListItem","position":2,"name":"Darmes","item":"https:\/\/darmes.ca\/fr\/"},{"@type":"ListItem","position":3,"name":"Gigi"}]},{"@type":"WebSite","@id":"https:\/\/darmes.ca\/fr\/#website","url":"https:\/\/darmes.ca\/fr\/","name":"Designers et fabricants de luminaires au Canada","description":"","publisher":{"@id":"https:\/\/darmes.ca\/fr\/#organization"},"potentialAction":[{"@type":"SearchAction","target":{"@type":"EntryPoint","urlTemplate":"https:\/\/darmes.ca\/fr\/?s={search_term_string}"},"query-input":{"@type":"PropertyValueSpecification","valueRequired":true,"valueName":"search_term_string"}}],"inLanguage":"fr-FR"},{"@type":"Organization","@id":"https:\/\/darmes.ca\/fr\/#organization","name":"d'Armes","url":"https:\/\/darmes.ca\/fr\/","logo":{"@type":"ImageObject","inLanguage":"fr-FR","@id":"https:\/\/darmes.ca\/fr\/#\/schema\/logo\/image\/","url":"https:\/\/darmes.ca\/wp-content\/uploads\/2021\/07\/darmes-logo.png","contentUrl":"https:\/\/darmes.ca\/wp-content\/uploads\/2021\/07\/darmes-logo.png","width":250,"height":258,"caption":"d'Armes"},"image":{"@id":"https:\/\/darmes.ca\/fr\/#\/schema\/logo\/image\/"}}]}},"_links":{"self":[{"href":"https:\/\/darmes.ca\/fr\/wp-json\/wp\/v2\/product\/2681","targetHints":{"allow":["GET"]}}],"collection":[{"href":"https:\/\/darmes.ca\/fr\/wp-json\/wp\/v2\/product"}],"about":[{"href":"https:\/\/darmes.ca\/fr\/wp-json\/wp\/v2\/types\/product"}],"wp:featuredmedia":[{"embeddable":true,"href":"https:\/\/darmes.ca\/fr\/wp-json\/wp\/v2\/media\/5027"}],"wp:attachment":[{"href":"https:\/\/darmes.ca\/fr\/wp-json\/wp\/v2\/media?parent=2681"}],"wp:term":[{"taxonomy":"product_brand","embeddable":true,"href":"https:\/\/darmes.ca\/fr\/wp-json\/wp\/v2\/product_brand?post=2681"},{"taxonomy":"product_cat","embeddable":true,"href":"https:\/\/darmes.ca\/fr\/wp-json\/wp\/v2\/product_cat?post=2681"},{"taxonomy":"product_tag","embeddable":true,"href":"https:\/\/darmes.ca\/fr\/wp-json\/wp\/v2\/product_tag?post=2681"}],"curies":[{"name":"wp","href":"https:\/\/api.w.org\/{rel}","templated":true}]}}