{"id":2626,"date":"2021-09-01T15:07:16","date_gmt":"2021-09-01T19:07:16","guid":{"rendered":"https:\/\/darmes.flywheelsites.com\/product\/hartau-lamp\/"},"modified":"2025-09-03T16:10:22","modified_gmt":"2025-09-03T20:10:22","slug":"hartau-table","status":"publish","type":"product","link":"https:\/\/darmes.ca\/fr\/produit\/hartau-table\/","title":{"rendered":"Hartau Table"},"content":{"rendered":"<p><span style=\"font-weight: 400;\">La collection Hartau r\u00e9unit des luminaires classiques qui, d\u00e8s le premier regard, captivent par leurs lignes et d\u00e9tails saisissants. Fabriqu\u00e9s \u00e0 la main au Canada \u00e0 partir de <\/span><b>verre d\u00e9poli, de laiton massif, d&#8217;aluminium<\/b><span style=\"font-weight: 400;\"> et de finitions peintes, chaque luminaire incarne un \u00e9quilibre subtil entre forme et fonction. Les <\/span><b>abat-jours<\/b><span style=\"font-weight: 400;\">, signature de cette collection, sont dot\u00e9s de deux ouvertures permettant <\/span><b>un \u00e9clairage \u00e0 la fois directionnel et indirect<\/b><span style=\"font-weight: 400;\">, qui se diffuse vers le mur ou le plafond, cr\u00e9ant une lumi\u00e8re douce et chaleureuse. Ils abritent un tube de verre givr\u00e9 qui diffuse la lumi\u00e8re d\u2019une mini-ampoule <\/span><b>LED<\/b><span style=\"font-weight: 400;\">, apportant \u00e0 l&#8217;espace <\/span><b>une lueur d&#8217;ambiance<\/b><span style=\"font-weight: 400;\"> tout en conservant une fonctionnalit\u00e9 optimale.<\/span><\/p>\n<p><span style=\"font-weight: 400;\">La collection Hartau se d\u00e9ploie en diff\u00e9rentes configurations, sur pied pour une<\/span><a href=\"https:\/\/darmes.ca\/fr\/produit\/hartau-table\/\"> <span style=\"font-weight: 400;\">lampe de table<\/span><\/a><span style=\"font-weight: 400;\">, comme<\/span><a href=\"https:\/\/darmes.ca\/fr\/produit\/hartau-wall\/\"> <span style=\"font-weight: 400;\">applique murale<\/span><\/a><span style=\"font-weight: 400;\"> ou comme<\/span><a href=\"https:\/\/darmes.ca\/fr\/3469\/hartau-triple-2\/\"> <span style=\"font-weight: 400;\">chandelier<\/span><\/a><span style=\"font-weight: 400;\"> qui peut se moduler de une \u00e0 trois t\u00eates. Con\u00e7ue pour s\u2019int\u00e9grer harmonieusement dans une vari\u00e9t\u00e9 d\u2019espaces, le design de la Hartau s\u2019adapte aussi bien aux <\/span><b>int\u00e9rieurs contemporains<\/b><span style=\"font-weight: 400;\"> qu\u2019aux plus traditionnels.<\/span><\/p>\n<p><span style=\"font-weight: 400;\">Les luminaires sont <\/span><b>assembl\u00e9s dans l\u2019atelier darmes<\/b><span style=\"font-weight: 400;\"> au Canada, utilisant de <\/span><b>l\u2019aluminium recyclables<\/b><span style=\"font-weight: 400;\">, en partenariat avec des <\/span><b>fournisseurs locaux<\/b><span style=\"font-weight: 400;\">. Ces collections sont exp\u00e9di\u00e9es dans le monde entier avec des mesures de <\/span><a href=\"https:\/\/darmes.ca\/fr\/livraison\/\"><b>compensation carbone<\/b><\/a><span style=\"font-weight: 400;\">.<\/span><\/p>\n<p><span style=\"font-weight: 400;\">Finitions disponibles :<\/span><\/p>\n<ul>\n<li style=\"font-weight: 400;\" aria-level=\"1\"><span style=\"font-weight: 400;\">Noir Mat\/Noir Anodis\u00e9<\/span><\/li>\n<li style=\"font-weight: 400;\" aria-level=\"1\"><span style=\"font-weight: 400;\">Noir Mat\/Laiton<\/span><\/li>\n<li style=\"font-weight: 400;\" aria-level=\"1\"><span style=\"font-weight: 400;\">Blanc Mat\/Noir Anodis\u00e9<\/span><\/li>\n<li style=\"font-weight: 400;\" aria-level=\"1\"><span style=\"font-weight: 400;\">Blanc Mat\/Laiton<\/span><\/li>\n<\/ul>\n","protected":false},"excerpt":{"rendered":"<p>La collection Hartau r\u00e9unit des luminaires classiques qui, d\u00e8s le premier regard, captivent par leurs lignes et d\u00e9tails saisissants. Fabriqu\u00e9s \u00e0 la main au Canada \u00e0 partir de verre d\u00e9poli, de laiton massif, d&#8217;aluminium et de finitions peintes, chaque luminaire incarne un \u00e9quilibre subtil entre forme et fonction. Les abat-jours, signature de cette collection, sont [&#8230;]<\/p>\n<p><a class=\"btn btn-secondary understrap-read-more-link\" href=\"https:\/\/darmes.ca\/fr\/produit\/hartau-table\/\">Lire plus&#8230;<\/a><\/p>\n","protected":false},"featured_media":4653,"template":"","meta":{"_acf_changed":false,"content-type":""},"product_brand":[],"product_cat":[133],"product_tag":[],"class_list":{"0":"post-2626","1":"product","2":"type-product","3":"status-publish","4":"has-post-thumbnail","6":"product_cat-table-fr","7":"product_shipping_class-medium","8":"series-hartau-fr-2","9":"madeinlocation-canada-fr","10":"certification-ce-fr-2","12":"first","13":"instock","14":"taxable","15":"shipping-taxable","16":"purchasable","17":"product-type-variable"},"acf":[],"yoast_head":"<!-- This site is optimized with the Yoast SEO plugin v27.2 - https:\/\/yoast.com\/product\/yoast-seo-wordpress\/ -->\n<title>Hartau Table - Designers et fabricants de luminaires au Canada<\/title>\n<meta name=\"description\" content=\"La collection Hartau, fabriqu\u00e9s \u00e0 la main au Canada, est caract\u00e9ris\u00e9 par son abat-jour dot\u00e9 de deux ouvertures, qui s&#039;adapte \u00e0 tous les int\u00e9rieurs.\" \/>\n<meta name=\"robots\" content=\"index, follow, max-snippet:-1, max-image-preview:large, max-video-preview:-1\" \/>\n<link rel=\"canonical\" href=\"https:\/\/darmes.ca\/fr\/produit\/hartau-table\/\" \/>\n<meta property=\"og:locale\" content=\"fr_FR\" \/>\n<meta property=\"og:type\" content=\"article\" \/>\n<meta property=\"og:title\" content=\"Hartau Table - Designers et fabricants de luminaires au Canada\" \/>\n<meta property=\"og:description\" content=\"La collection Hartau, fabriqu\u00e9s \u00e0 la main au Canada, est caract\u00e9ris\u00e9 par son abat-jour dot\u00e9 de deux ouvertures, qui s&#039;adapte \u00e0 tous les int\u00e9rieurs.\" \/>\n<meta property=\"og:url\" content=\"https:\/\/darmes.ca\/fr\/produit\/hartau-table\/\" \/>\n<meta property=\"og:site_name\" content=\"Designers et fabricants de luminaires au Canada\" \/>\n<meta property=\"article:modified_time\" content=\"2025-09-03T20:10:22+00:00\" \/>\n<meta property=\"og:image\" content=\"https:\/\/darmes.ca\/wp-content\/uploads\/2023\/05\/HATABLBR_Sans-Fond-20230530.png\" \/>\n\t<meta property=\"og:image:width\" content=\"3000\" \/>\n\t<meta property=\"og:image:height\" content=\"3000\" \/>\n\t<meta property=\"og:image:type\" content=\"image\/png\" \/>\n<meta name=\"twitter:card\" content=\"summary_large_image\" \/>\n<meta name=\"twitter:label1\" content=\"Dur\u00e9e de lecture estim\u00e9e\" \/>\n\t<meta name=\"twitter:data1\" content=\"1 minute\" \/>\n<script type=\"application\/ld+json\" class=\"yoast-schema-graph\">{\"@context\":\"https:\/\/schema.org\",\"@graph\":[{\"@type\":\"WebPage\",\"@id\":\"https:\/\/darmes.ca\/fr\/produit\/hartau-table\/\",\"url\":\"https:\/\/darmes.ca\/fr\/produit\/hartau-table\/\",\"name\":\"Hartau Table - Designers et fabricants de luminaires au Canada\",\"isPartOf\":{\"@id\":\"https:\/\/darmes.ca\/fr\/#website\"},\"primaryImageOfPage\":{\"@id\":\"https:\/\/darmes.ca\/fr\/produit\/hartau-table\/#primaryimage\"},\"image\":{\"@id\":\"https:\/\/darmes.ca\/fr\/produit\/hartau-table\/#primaryimage\"},\"thumbnailUrl\":\"https:\/\/darmes.ca\/wp-content\/uploads\/2023\/05\/HATABLBR_Sans-Fond-20230530.png\",\"datePublished\":\"2021-09-01T19:07:16+00:00\",\"dateModified\":\"2025-09-03T20:10:22+00:00\",\"description\":\"La collection Hartau, fabriqu\u00e9s \u00e0 la main au Canada, est caract\u00e9ris\u00e9 par son abat-jour dot\u00e9 de deux ouvertures, qui s'adapte \u00e0 tous les int\u00e9rieurs.\",\"breadcrumb\":{\"@id\":\"https:\/\/darmes.ca\/fr\/produit\/hartau-table\/#breadcrumb\"},\"inLanguage\":\"fr-FR\",\"potentialAction\":[{\"@type\":\"ReadAction\",\"target\":[\"https:\/\/darmes.ca\/fr\/produit\/hartau-table\/\"]}]},{\"@type\":\"ImageObject\",\"inLanguage\":\"fr-FR\",\"@id\":\"https:\/\/darmes.ca\/fr\/produit\/hartau-table\/#primaryimage\",\"url\":\"https:\/\/darmes.ca\/wp-content\/uploads\/2023\/05\/HATABLBR_Sans-Fond-20230530.png\",\"contentUrl\":\"https:\/\/darmes.ca\/wp-content\/uploads\/2023\/05\/HATABLBR_Sans-Fond-20230530.png\",\"width\":3000,\"height\":3000},{\"@type\":\"BreadcrumbList\",\"@id\":\"https:\/\/darmes.ca\/fr\/produit\/hartau-table\/#breadcrumb\",\"itemListElement\":[{\"@type\":\"ListItem\",\"position\":1,\"name\":\"Home\",\"item\":\"https:\/\/darmes.ca\/fr\/\"},{\"@type\":\"ListItem\",\"position\":2,\"name\":\"Darmes\",\"item\":\"https:\/\/darmes.ca\/fr\/\"},{\"@type\":\"ListItem\",\"position\":3,\"name\":\"Hartau Table\"}]},{\"@type\":\"WebSite\",\"@id\":\"https:\/\/darmes.ca\/fr\/#website\",\"url\":\"https:\/\/darmes.ca\/fr\/\",\"name\":\"Designers et fabricants de luminaires au Canada\",\"description\":\"\",\"publisher\":{\"@id\":\"https:\/\/darmes.ca\/fr\/#organization\"},\"potentialAction\":[{\"@type\":\"SearchAction\",\"target\":{\"@type\":\"EntryPoint\",\"urlTemplate\":\"https:\/\/darmes.ca\/fr\/?s={search_term_string}\"},\"query-input\":{\"@type\":\"PropertyValueSpecification\",\"valueRequired\":true,\"valueName\":\"search_term_string\"}}],\"inLanguage\":\"fr-FR\"},{\"@type\":\"Organization\",\"@id\":\"https:\/\/darmes.ca\/fr\/#organization\",\"name\":\"d'Armes\",\"url\":\"https:\/\/darmes.ca\/fr\/\",\"logo\":{\"@type\":\"ImageObject\",\"inLanguage\":\"fr-FR\",\"@id\":\"https:\/\/darmes.ca\/fr\/#\/schema\/logo\/image\/\",\"url\":\"https:\/\/darmes.ca\/wp-content\/uploads\/2021\/07\/darmes-logo.png\",\"contentUrl\":\"https:\/\/darmes.ca\/wp-content\/uploads\/2021\/07\/darmes-logo.png\",\"width\":250,\"height\":258,\"caption\":\"d'Armes\"},\"image\":{\"@id\":\"https:\/\/darmes.ca\/fr\/#\/schema\/logo\/image\/\"}}]}<\/script>\n<!-- \/ Yoast SEO plugin. -->","yoast_head_json":{"title":"Hartau Table - Designers et fabricants de luminaires au Canada","description":"La collection Hartau, fabriqu\u00e9s \u00e0 la main au Canada, est caract\u00e9ris\u00e9 par son abat-jour dot\u00e9 de deux ouvertures, qui s'adapte \u00e0 tous les int\u00e9rieurs.","robots":{"index":"index","follow":"follow","max-snippet":"max-snippet:-1","max-image-preview":"max-image-preview:large","max-video-preview":"max-video-preview:-1"},"canonical":"https:\/\/darmes.ca\/fr\/produit\/hartau-table\/","og_locale":"fr_FR","og_type":"article","og_title":"Hartau Table - Designers et fabricants de luminaires au Canada","og_description":"La collection Hartau, fabriqu\u00e9s \u00e0 la main au Canada, est caract\u00e9ris\u00e9 par son abat-jour dot\u00e9 de deux ouvertures, qui s'adapte \u00e0 tous les int\u00e9rieurs.","og_url":"https:\/\/darmes.ca\/fr\/produit\/hartau-table\/","og_site_name":"Designers et fabricants de luminaires au Canada","article_modified_time":"2025-09-03T20:10:22+00:00","og_image":[{"width":3000,"height":3000,"url":"https:\/\/darmes.ca\/wp-content\/uploads\/2023\/05\/HATABLBR_Sans-Fond-20230530.png","type":"image\/png"}],"twitter_card":"summary_large_image","twitter_misc":{"Dur\u00e9e de lecture estim\u00e9e":"1 minute"},"schema":{"@context":"https:\/\/schema.org","@graph":[{"@type":"WebPage","@id":"https:\/\/darmes.ca\/fr\/produit\/hartau-table\/","url":"https:\/\/darmes.ca\/fr\/produit\/hartau-table\/","name":"Hartau Table - Designers et fabricants de luminaires au Canada","isPartOf":{"@id":"https:\/\/darmes.ca\/fr\/#website"},"primaryImageOfPage":{"@id":"https:\/\/darmes.ca\/fr\/produit\/hartau-table\/#primaryimage"},"image":{"@id":"https:\/\/darmes.ca\/fr\/produit\/hartau-table\/#primaryimage"},"thumbnailUrl":"https:\/\/darmes.ca\/wp-content\/uploads\/2023\/05\/HATABLBR_Sans-Fond-20230530.png","datePublished":"2021-09-01T19:07:16+00:00","dateModified":"2025-09-03T20:10:22+00:00","description":"La collection Hartau, fabriqu\u00e9s \u00e0 la main au Canada, est caract\u00e9ris\u00e9 par son abat-jour dot\u00e9 de deux ouvertures, qui s'adapte \u00e0 tous les int\u00e9rieurs.","breadcrumb":{"@id":"https:\/\/darmes.ca\/fr\/produit\/hartau-table\/#breadcrumb"},"inLanguage":"fr-FR","potentialAction":[{"@type":"ReadAction","target":["https:\/\/darmes.ca\/fr\/produit\/hartau-table\/"]}]},{"@type":"ImageObject","inLanguage":"fr-FR","@id":"https:\/\/darmes.ca\/fr\/produit\/hartau-table\/#primaryimage","url":"https:\/\/darmes.ca\/wp-content\/uploads\/2023\/05\/HATABLBR_Sans-Fond-20230530.png","contentUrl":"https:\/\/darmes.ca\/wp-content\/uploads\/2023\/05\/HATABLBR_Sans-Fond-20230530.png","width":3000,"height":3000},{"@type":"BreadcrumbList","@id":"https:\/\/darmes.ca\/fr\/produit\/hartau-table\/#breadcrumb","itemListElement":[{"@type":"ListItem","position":1,"name":"Home","item":"https:\/\/darmes.ca\/fr\/"},{"@type":"ListItem","position":2,"name":"Darmes","item":"https:\/\/darmes.ca\/fr\/"},{"@type":"ListItem","position":3,"name":"Hartau Table"}]},{"@type":"WebSite","@id":"https:\/\/darmes.ca\/fr\/#website","url":"https:\/\/darmes.ca\/fr\/","name":"Designers et fabricants de luminaires au Canada","description":"","publisher":{"@id":"https:\/\/darmes.ca\/fr\/#organization"},"potentialAction":[{"@type":"SearchAction","target":{"@type":"EntryPoint","urlTemplate":"https:\/\/darmes.ca\/fr\/?s={search_term_string}"},"query-input":{"@type":"PropertyValueSpecification","valueRequired":true,"valueName":"search_term_string"}}],"inLanguage":"fr-FR"},{"@type":"Organization","@id":"https:\/\/darmes.ca\/fr\/#organization","name":"d'Armes","url":"https:\/\/darmes.ca\/fr\/","logo":{"@type":"ImageObject","inLanguage":"fr-FR","@id":"https:\/\/darmes.ca\/fr\/#\/schema\/logo\/image\/","url":"https:\/\/darmes.ca\/wp-content\/uploads\/2021\/07\/darmes-logo.png","contentUrl":"https:\/\/darmes.ca\/wp-content\/uploads\/2021\/07\/darmes-logo.png","width":250,"height":258,"caption":"d'Armes"},"image":{"@id":"https:\/\/darmes.ca\/fr\/#\/schema\/logo\/image\/"}}]}},"_links":{"self":[{"href":"https:\/\/darmes.ca\/fr\/wp-json\/wp\/v2\/product\/2626","targetHints":{"allow":["GET"]}}],"collection":[{"href":"https:\/\/darmes.ca\/fr\/wp-json\/wp\/v2\/product"}],"about":[{"href":"https:\/\/darmes.ca\/fr\/wp-json\/wp\/v2\/types\/product"}],"wp:featuredmedia":[{"embeddable":true,"href":"https:\/\/darmes.ca\/fr\/wp-json\/wp\/v2\/media\/4653"}],"wp:attachment":[{"href":"https:\/\/darmes.ca\/fr\/wp-json\/wp\/v2\/media?parent=2626"}],"wp:term":[{"taxonomy":"product_brand","embeddable":true,"href":"https:\/\/darmes.ca\/fr\/wp-json\/wp\/v2\/product_brand?post=2626"},{"taxonomy":"product_cat","embeddable":true,"href":"https:\/\/darmes.ca\/fr\/wp-json\/wp\/v2\/product_cat?post=2626"},{"taxonomy":"product_tag","embeddable":true,"href":"https:\/\/darmes.ca\/fr\/wp-json\/wp\/v2\/product_tag?post=2626"}],"curies":[{"name":"wp","href":"https:\/\/api.w.org\/{rel}","templated":true}]}}