{"id":2565,"date":"2021-09-13T15:47:52","date_gmt":"2021-09-13T19:47:52","guid":{"rendered":"https:\/\/darmes.flywheelsites.com\/product\/etat-des-lieux-1a\/"},"modified":"2025-09-03T16:15:09","modified_gmt":"2025-09-03T20:15:09","slug":"etat-des-lieux-1a","status":"publish","type":"product","link":"https:\/\/darmes.ca\/fr\/produit\/etat-des-lieux-1a\/","title":{"rendered":"Etat-des-Lieux &#8211; 1A"},"content":{"rendered":"<p><span style=\"font-weight: 400;\">Etat-des-Lieux, un<\/span><b> syst\u00e8me d\u2019\u00e9clairage contemporain<\/b><span style=\"font-weight: 400;\"> d\u00e9fini par sa silhouette variable, con\u00e7u avec un <\/span><b>design innovant<\/b><span style=\"font-weight: 400;\">, il offre des possibilit\u00e9s illimit\u00e9es de <\/span><b>modulation<\/b><span style=\"font-weight: 400;\"> de la lumi\u00e8re et de la forme. Ce syst\u00e8me de luminaire est inspir\u00e9 du <\/span><b>paysage des Laurentides<\/b><span style=\"font-weight: 400;\"> au Qu\u00e9bec, o\u00f9 est bas\u00e9 le studio darmes, empreint de po\u00e9sie et de sens. \u00c9pur\u00e9 et esth\u00e9tique, le syst\u00e8me modulaire offre de multiples mani\u00e8res d&#8217;investir l\u2019espace afin de cr\u00e9er une <\/span><b>\u0153uvre centrale<\/b><span style=\"font-weight: 400;\"> dans la pi\u00e8ce o\u00f9 il est agenc\u00e9.<\/span><\/p>\n<p><span style=\"font-weight: 400;\">Etat-des-Lieux est le seul luminaire \u00e0 utiliser une <\/span><b>large bande conductrice<\/b><span style=\"font-weight: 400;\"> flexible. D\u00e9velopp\u00e9e et fabriqu\u00e9e exclusivement pour Etat-des-Lieux, elle soutient les modules lumineux tout en assurant leur alimentation \u00e9lectrique. D\u2019un \u00e9l\u00e9gant noir mat, cette bande flexible permet \u00e0 l&#8217;architecte d&#8217;int\u00e9rieur ou au concepteur de l\u2019espace de jouer avec la g\u00e9om\u00e9trie et la tension.<\/span><\/p>\n<p><b>Le globe en verre souffl\u00e9 \u00e0 la main<\/b><span style=\"font-weight: 400;\"> est disponible en 4 couleurs : clair, rose, gris et ambr\u00e9 avec des finitions transparent ou givr\u00e9. Il abrite le module lumineux en <\/span><b>aluminium anodis\u00e9<\/b><span style=\"font-weight: 400;\"> clair et verre givr\u00e9, qui peut \u00eatre positionn\u00e9 vers le plafond ou vers le sol pour diffuser la lumi\u00e8re. Nous proposons diff\u00e9rentes configurations possibles dans notre<\/span><a href=\"https:\/\/darmes.ca\/?_series=etat-des-lieux#products\"> <span style=\"font-weight: 400;\">collection Etat-des-Lieux<\/span><\/a><span style=\"font-weight: 400;\"> avec un, deux ou trois globes en verre, elle peut s&#8217;adapter et rendre <\/span><b>unique<\/b><span style=\"font-weight: 400;\"> un espace.<\/span><\/p>\n<p><span style=\"font-weight: 400;\">La collection Etat-des-Lieux a gagn\u00e9 le prix au design award d\u2019<\/span><a href=\"https:\/\/awards.archiproducts.com\/winners-2020\/\"><span style=\"font-weight: 400;\">archiproducts<\/span><\/a><span style=\"font-weight: 400;\"> en 2020.<\/span><\/p>\n<p><img loading=\"lazy\" decoding=\"async\" class=\"alignnone wp-image-4619 \" src=\"https:\/\/darmes.ca\/wp-content\/uploads\/2023\/05\/badge_winner_2020_black-600x600.png\" alt=\"\" width=\"180\" height=\"180\" srcset=\"https:\/\/darmes.ca\/wp-content\/uploads\/2023\/05\/badge_winner_2020_black-600x600.png 600w, https:\/\/darmes.ca\/wp-content\/uploads\/2023\/05\/badge_winner_2020_black-300x300.png 300w, https:\/\/darmes.ca\/wp-content\/uploads\/2023\/05\/badge_winner_2020_black-768x768.png 768w, https:\/\/darmes.ca\/wp-content\/uploads\/2023\/05\/badge_winner_2020_black-150x150.png 150w, https:\/\/darmes.ca\/wp-content\/uploads\/2023\/05\/badge_winner_2020_black-800x800.png 800w, https:\/\/darmes.ca\/wp-content\/uploads\/2023\/05\/badge_winner_2020_black-100x100.png 100w, https:\/\/darmes.ca\/wp-content\/uploads\/2023\/05\/badge_winner_2020_black.png 1000w\" sizes=\"auto, (max-width: 180px) 100vw, 180px\" \/><\/p>\n<p><span style=\"font-weight: 400;\">Au niveau de la puissance d&#8217;\u00e9clairage, Etat-des-Lieux offre un \u00e9clairage LED puissant de 1288 lumens par module, avec un indice de rendu des couleurs (IRC) sup\u00e9rieur \u00e0 93, garantissant une lumi\u00e8re de haute qualit\u00e9. La temp\u00e9rature de couleur est ajustable de blanc chaud (2700 Kelvins) \u00e0 blanc froid (4000 Kelvins). De plus, la fonction de gradation \u00ab <\/span><b>dim to warm<\/b><span style=\"font-weight: 400;\"> \u00bb permet de r\u00e9chauffer la lumi\u00e8re jusqu\u2019\u00e0 2200 Kelvins.<\/span><\/p>\n<p><span style=\"font-weight: 400;\">Fonctionnalit\u00e9s :<\/span><\/p>\n<ul>\n<li style=\"font-weight: 400;\" aria-level=\"1\"><span style=\"font-weight: 400;\">\u00c9clairage direct, indirect ou combin\u00e9* (*uniquement disponible pour les configurations avec plus d\u2019un module)<\/span><\/li>\n<li style=\"font-weight: 400;\" aria-level=\"1\"><span style=\"font-weight: 400;\">LED Dim to warm 2700K \u00e0 2200K<\/span><\/li>\n<li style=\"font-weight: 400;\" aria-level=\"1\"><span style=\"font-weight: 400;\">LED Dim to warm 3000K \u00e0 2200K<\/span><\/li>\n<li style=\"font-weight: 400;\" aria-level=\"1\"><span style=\"font-weight: 400;\">LED Dim to warm 3500K \u00e0 2200K<\/span><\/li>\n<li style=\"font-weight: 400;\" aria-level=\"1\"><span style=\"font-weight: 400;\">LED Fix 2700K \/ 3000K \/ 3500K \/ 4000K<\/span><\/li>\n<\/ul>\n<p><span style=\"font-weight: 400;\">Les luminaires sont <\/span><b>assembl\u00e9s dans l\u2019atelier darmes<\/b><span style=\"font-weight: 400;\"> au Canada, utilisant de <\/span><b>l\u2019aluminium recyclables<\/b><span style=\"font-weight: 400;\">, en partenariat avec des <\/span><b>fournisseurs locaux<\/b><span style=\"font-weight: 400;\">. Ces collections sont exp\u00e9di\u00e9es dans le monde entier avec des mesures de <\/span><a href=\"https:\/\/darmes.ca\/fr\/livraison\/\"><b>compensation carbone<\/b><\/a><span style=\"font-weight: 400;\">.<\/span><\/p>\n<p><span style=\"font-weight: 400;\">Finitions disponibles :<\/span><\/p>\n<ul>\n<li style=\"font-weight: 400;\" aria-level=\"1\"><span style=\"font-weight: 400;\">Ambr\u00e9 Givr\u00e9<\/span><\/li>\n<li style=\"font-weight: 400;\" aria-level=\"1\"><span style=\"font-weight: 400;\">Ambr\u00e9 Transparent<\/span><\/li>\n<li style=\"font-weight: 400;\" aria-level=\"1\"><span style=\"font-weight: 400;\">Gris Clair<\/span><\/li>\n<li style=\"font-weight: 400;\" aria-level=\"1\"><span style=\"font-weight: 400;\">Gris Givr\u00e9<\/span><\/li>\n<li style=\"font-weight: 400;\" aria-level=\"1\"><span style=\"font-weight: 400;\">Rose Clair<\/span><\/li>\n<li style=\"font-weight: 400;\" aria-level=\"1\"><span style=\"font-weight: 400;\">Rose Givr\u00e9<\/span><\/li>\n<li style=\"font-weight: 400;\" aria-level=\"1\"><span style=\"font-weight: 400;\">Transparent Clair<\/span><\/li>\n<li style=\"font-weight: 400;\" aria-level=\"1\"><span style=\"font-weight: 400;\">Transparent Givr\u00e9<\/span><\/li>\n<\/ul>\n","protected":false},"excerpt":{"rendered":"<p>Etat-des-Lieux, un syst\u00e8me d\u2019\u00e9clairage contemporain d\u00e9fini par sa silhouette variable, con\u00e7u avec un design innovant, il offre des possibilit\u00e9s illimit\u00e9es de modulation de la lumi\u00e8re et de la forme. Ce syst\u00e8me de luminaire est inspir\u00e9 du paysage des Laurentides au Qu\u00e9bec, o\u00f9 est bas\u00e9 le studio darmes, empreint de po\u00e9sie et de sens. \u00c9pur\u00e9 et [&#8230;]<\/p>\n<p><a class=\"btn btn-secondary understrap-read-more-link\" href=\"https:\/\/darmes.ca\/fr\/produit\/etat-des-lieux-1a\/\">Lire plus&#8230;<\/a><\/p>\n","protected":false},"featured_media":3049,"template":"","meta":{"_acf_changed":false,"content-type":""},"product_brand":[],"product_cat":[58],"product_tag":[],"class_list":{"0":"post-2565","1":"product","2":"type-product","3":"status-publish","4":"has-post-thumbnail","6":"product_cat-plafond","7":"product_shipping_class-medium","8":"series-etat-des-lieux-fr","9":"madeinlocation-canada-fr","10":"certification-ce-fr-2","11":"certification-ul-fr-2","13":"first","14":"instock","15":"taxable","16":"shipping-taxable","17":"purchasable","18":"product-type-variable"},"acf":[],"yoast_head":"<!-- This site is optimized with the Yoast SEO plugin v27.2 - https:\/\/yoast.com\/product\/yoast-seo-wordpress\/ -->\n<title>Etat-des-Lieux - 1A - Designers et fabricants de luminaires au Canada<\/title>\n<meta name=\"description\" content=\"Etat-des-Lieux est un syst\u00e8me modulaire d\u2019\u00e9clairage contemporain, compos\u00e9 d&#039;un globe de verre souffl\u00e9 et d&#039;une large bande conductrice flexible.\" \/>\n<meta name=\"robots\" content=\"index, follow, max-snippet:-1, max-image-preview:large, max-video-preview:-1\" \/>\n<link rel=\"canonical\" href=\"https:\/\/darmes.ca\/fr\/produit\/etat-des-lieux-1a\/\" \/>\n<meta property=\"og:locale\" content=\"fr_FR\" \/>\n<meta property=\"og:type\" content=\"article\" \/>\n<meta property=\"og:title\" content=\"Etat-des-Lieux - 1A - Designers et fabricants de luminaires au Canada\" \/>\n<meta property=\"og:description\" content=\"Etat-des-Lieux est un syst\u00e8me modulaire d\u2019\u00e9clairage contemporain, compos\u00e9 d&#039;un globe de verre souffl\u00e9 et d&#039;une large bande conductrice flexible.\" \/>\n<meta property=\"og:url\" content=\"https:\/\/darmes.ca\/fr\/produit\/etat-des-lieux-1a\/\" \/>\n<meta property=\"og:site_name\" content=\"Designers et fabricants de luminaires au Canada\" \/>\n<meta property=\"article:modified_time\" content=\"2025-09-03T20:15:09+00:00\" \/>\n<meta property=\"og:image\" content=\"https:\/\/darmes.ca\/wp-content\/uploads\/2021\/08\/EDL1ACT_20210511-copie-1.png\" \/>\n\t<meta property=\"og:image:width\" content=\"2500\" \/>\n\t<meta property=\"og:image:height\" content=\"2500\" \/>\n\t<meta property=\"og:image:type\" content=\"image\/png\" \/>\n<meta name=\"twitter:card\" content=\"summary_large_image\" \/>\n<meta name=\"twitter:label1\" content=\"Dur\u00e9e de lecture estim\u00e9e\" \/>\n\t<meta name=\"twitter:data1\" content=\"2 minutes\" \/>\n<script type=\"application\/ld+json\" class=\"yoast-schema-graph\">{\"@context\":\"https:\/\/schema.org\",\"@graph\":[{\"@type\":\"WebPage\",\"@id\":\"https:\/\/darmes.ca\/fr\/produit\/etat-des-lieux-1a\/\",\"url\":\"https:\/\/darmes.ca\/fr\/produit\/etat-des-lieux-1a\/\",\"name\":\"Etat-des-Lieux - 1A - Designers et fabricants de luminaires au Canada\",\"isPartOf\":{\"@id\":\"https:\/\/darmes.ca\/fr\/#website\"},\"primaryImageOfPage\":{\"@id\":\"https:\/\/darmes.ca\/fr\/produit\/etat-des-lieux-1a\/#primaryimage\"},\"image\":{\"@id\":\"https:\/\/darmes.ca\/fr\/produit\/etat-des-lieux-1a\/#primaryimage\"},\"thumbnailUrl\":\"https:\/\/darmes.ca\/wp-content\/uploads\/2021\/08\/EDL1ACT_20210511-copie-1.png\",\"datePublished\":\"2021-09-13T19:47:52+00:00\",\"dateModified\":\"2025-09-03T20:15:09+00:00\",\"description\":\"Etat-des-Lieux est un syst\u00e8me modulaire d\u2019\u00e9clairage contemporain, compos\u00e9 d'un globe de verre souffl\u00e9 et d'une large bande conductrice flexible.\",\"breadcrumb\":{\"@id\":\"https:\/\/darmes.ca\/fr\/produit\/etat-des-lieux-1a\/#breadcrumb\"},\"inLanguage\":\"fr-FR\",\"potentialAction\":[{\"@type\":\"ReadAction\",\"target\":[\"https:\/\/darmes.ca\/fr\/produit\/etat-des-lieux-1a\/\"]}]},{\"@type\":\"ImageObject\",\"inLanguage\":\"fr-FR\",\"@id\":\"https:\/\/darmes.ca\/fr\/produit\/etat-des-lieux-1a\/#primaryimage\",\"url\":\"https:\/\/darmes.ca\/wp-content\/uploads\/2021\/08\/EDL1ACT_20210511-copie-1.png\",\"contentUrl\":\"https:\/\/darmes.ca\/wp-content\/uploads\/2021\/08\/EDL1ACT_20210511-copie-1.png\",\"width\":2500,\"height\":2500},{\"@type\":\"BreadcrumbList\",\"@id\":\"https:\/\/darmes.ca\/fr\/produit\/etat-des-lieux-1a\/#breadcrumb\",\"itemListElement\":[{\"@type\":\"ListItem\",\"position\":1,\"name\":\"Home\",\"item\":\"https:\/\/darmes.ca\/fr\/\"},{\"@type\":\"ListItem\",\"position\":2,\"name\":\"Darmes\",\"item\":\"https:\/\/darmes.ca\/fr\/\"},{\"@type\":\"ListItem\",\"position\":3,\"name\":\"Etat-des-Lieux &#8211; 1A\"}]},{\"@type\":\"WebSite\",\"@id\":\"https:\/\/darmes.ca\/fr\/#website\",\"url\":\"https:\/\/darmes.ca\/fr\/\",\"name\":\"Designers et fabricants de luminaires au Canada\",\"description\":\"\",\"publisher\":{\"@id\":\"https:\/\/darmes.ca\/fr\/#organization\"},\"potentialAction\":[{\"@type\":\"SearchAction\",\"target\":{\"@type\":\"EntryPoint\",\"urlTemplate\":\"https:\/\/darmes.ca\/fr\/?s={search_term_string}\"},\"query-input\":{\"@type\":\"PropertyValueSpecification\",\"valueRequired\":true,\"valueName\":\"search_term_string\"}}],\"inLanguage\":\"fr-FR\"},{\"@type\":\"Organization\",\"@id\":\"https:\/\/darmes.ca\/fr\/#organization\",\"name\":\"d'Armes\",\"url\":\"https:\/\/darmes.ca\/fr\/\",\"logo\":{\"@type\":\"ImageObject\",\"inLanguage\":\"fr-FR\",\"@id\":\"https:\/\/darmes.ca\/fr\/#\/schema\/logo\/image\/\",\"url\":\"https:\/\/darmes.ca\/wp-content\/uploads\/2021\/07\/darmes-logo.png\",\"contentUrl\":\"https:\/\/darmes.ca\/wp-content\/uploads\/2021\/07\/darmes-logo.png\",\"width\":250,\"height\":258,\"caption\":\"d'Armes\"},\"image\":{\"@id\":\"https:\/\/darmes.ca\/fr\/#\/schema\/logo\/image\/\"}}]}<\/script>\n<!-- \/ Yoast SEO plugin. -->","yoast_head_json":{"title":"Etat-des-Lieux - 1A - Designers et fabricants de luminaires au Canada","description":"Etat-des-Lieux est un syst\u00e8me modulaire d\u2019\u00e9clairage contemporain, compos\u00e9 d'un globe de verre souffl\u00e9 et d'une large bande conductrice flexible.","robots":{"index":"index","follow":"follow","max-snippet":"max-snippet:-1","max-image-preview":"max-image-preview:large","max-video-preview":"max-video-preview:-1"},"canonical":"https:\/\/darmes.ca\/fr\/produit\/etat-des-lieux-1a\/","og_locale":"fr_FR","og_type":"article","og_title":"Etat-des-Lieux - 1A - Designers et fabricants de luminaires au Canada","og_description":"Etat-des-Lieux est un syst\u00e8me modulaire d\u2019\u00e9clairage contemporain, compos\u00e9 d'un globe de verre souffl\u00e9 et d'une large bande conductrice flexible.","og_url":"https:\/\/darmes.ca\/fr\/produit\/etat-des-lieux-1a\/","og_site_name":"Designers et fabricants de luminaires au Canada","article_modified_time":"2025-09-03T20:15:09+00:00","og_image":[{"width":2500,"height":2500,"url":"https:\/\/darmes.ca\/wp-content\/uploads\/2021\/08\/EDL1ACT_20210511-copie-1.png","type":"image\/png"}],"twitter_card":"summary_large_image","twitter_misc":{"Dur\u00e9e de lecture estim\u00e9e":"2 minutes"},"schema":{"@context":"https:\/\/schema.org","@graph":[{"@type":"WebPage","@id":"https:\/\/darmes.ca\/fr\/produit\/etat-des-lieux-1a\/","url":"https:\/\/darmes.ca\/fr\/produit\/etat-des-lieux-1a\/","name":"Etat-des-Lieux - 1A - Designers et fabricants de luminaires au Canada","isPartOf":{"@id":"https:\/\/darmes.ca\/fr\/#website"},"primaryImageOfPage":{"@id":"https:\/\/darmes.ca\/fr\/produit\/etat-des-lieux-1a\/#primaryimage"},"image":{"@id":"https:\/\/darmes.ca\/fr\/produit\/etat-des-lieux-1a\/#primaryimage"},"thumbnailUrl":"https:\/\/darmes.ca\/wp-content\/uploads\/2021\/08\/EDL1ACT_20210511-copie-1.png","datePublished":"2021-09-13T19:47:52+00:00","dateModified":"2025-09-03T20:15:09+00:00","description":"Etat-des-Lieux est un syst\u00e8me modulaire d\u2019\u00e9clairage contemporain, compos\u00e9 d'un globe de verre souffl\u00e9 et d'une large bande conductrice flexible.","breadcrumb":{"@id":"https:\/\/darmes.ca\/fr\/produit\/etat-des-lieux-1a\/#breadcrumb"},"inLanguage":"fr-FR","potentialAction":[{"@type":"ReadAction","target":["https:\/\/darmes.ca\/fr\/produit\/etat-des-lieux-1a\/"]}]},{"@type":"ImageObject","inLanguage":"fr-FR","@id":"https:\/\/darmes.ca\/fr\/produit\/etat-des-lieux-1a\/#primaryimage","url":"https:\/\/darmes.ca\/wp-content\/uploads\/2021\/08\/EDL1ACT_20210511-copie-1.png","contentUrl":"https:\/\/darmes.ca\/wp-content\/uploads\/2021\/08\/EDL1ACT_20210511-copie-1.png","width":2500,"height":2500},{"@type":"BreadcrumbList","@id":"https:\/\/darmes.ca\/fr\/produit\/etat-des-lieux-1a\/#breadcrumb","itemListElement":[{"@type":"ListItem","position":1,"name":"Home","item":"https:\/\/darmes.ca\/fr\/"},{"@type":"ListItem","position":2,"name":"Darmes","item":"https:\/\/darmes.ca\/fr\/"},{"@type":"ListItem","position":3,"name":"Etat-des-Lieux &#8211; 1A"}]},{"@type":"WebSite","@id":"https:\/\/darmes.ca\/fr\/#website","url":"https:\/\/darmes.ca\/fr\/","name":"Designers et fabricants de luminaires au Canada","description":"","publisher":{"@id":"https:\/\/darmes.ca\/fr\/#organization"},"potentialAction":[{"@type":"SearchAction","target":{"@type":"EntryPoint","urlTemplate":"https:\/\/darmes.ca\/fr\/?s={search_term_string}"},"query-input":{"@type":"PropertyValueSpecification","valueRequired":true,"valueName":"search_term_string"}}],"inLanguage":"fr-FR"},{"@type":"Organization","@id":"https:\/\/darmes.ca\/fr\/#organization","name":"d'Armes","url":"https:\/\/darmes.ca\/fr\/","logo":{"@type":"ImageObject","inLanguage":"fr-FR","@id":"https:\/\/darmes.ca\/fr\/#\/schema\/logo\/image\/","url":"https:\/\/darmes.ca\/wp-content\/uploads\/2021\/07\/darmes-logo.png","contentUrl":"https:\/\/darmes.ca\/wp-content\/uploads\/2021\/07\/darmes-logo.png","width":250,"height":258,"caption":"d'Armes"},"image":{"@id":"https:\/\/darmes.ca\/fr\/#\/schema\/logo\/image\/"}}]}},"_links":{"self":[{"href":"https:\/\/darmes.ca\/fr\/wp-json\/wp\/v2\/product\/2565","targetHints":{"allow":["GET"]}}],"collection":[{"href":"https:\/\/darmes.ca\/fr\/wp-json\/wp\/v2\/product"}],"about":[{"href":"https:\/\/darmes.ca\/fr\/wp-json\/wp\/v2\/types\/product"}],"wp:featuredmedia":[{"embeddable":true,"href":"https:\/\/darmes.ca\/fr\/wp-json\/wp\/v2\/media\/3049"}],"wp:attachment":[{"href":"https:\/\/darmes.ca\/fr\/wp-json\/wp\/v2\/media?parent=2565"}],"wp:term":[{"taxonomy":"product_brand","embeddable":true,"href":"https:\/\/darmes.ca\/fr\/wp-json\/wp\/v2\/product_brand?post=2565"},{"taxonomy":"product_cat","embeddable":true,"href":"https:\/\/darmes.ca\/fr\/wp-json\/wp\/v2\/product_cat?post=2565"},{"taxonomy":"product_tag","embeddable":true,"href":"https:\/\/darmes.ca\/fr\/wp-json\/wp\/v2\/product_tag?post=2565"}],"curies":[{"name":"wp","href":"https:\/\/api.w.org\/{rel}","templated":true}]}}