{"id":5817,"date":"2026-03-05T14:33:00","date_gmt":"2026-03-05T19:33:00","guid":{"rendered":"https:\/\/darmes.ca\/?page_id=5817"},"modified":"2026-03-05T14:47:53","modified_gmt":"2026-03-05T19:47:53","slug":"studio","status":"publish","type":"page","link":"https:\/\/darmes.ca\/fr\/studio\/","title":{"rendered":"Studio"},"content":{"rendered":"<p>Alex Joncas et Gildas Le Bars ont fond\u00e9 DARMES en 2016 et \u00e9tabli leur si\u00e8ge social dans les Laurentides, au Qu\u00e9bec. Alex Joncas, designer en chef, repousse les limites de sa pratique personnelle, m\u00ealant la vision du studio \u00e0 son exploration de la forme, de la simplicit\u00e9 et \u00e0 <strong>une approche collaborative du design<\/strong>.<\/p>\n<p>Fort de ses exp\u00e9riences pass\u00e9es, Gildas contribue activement \u00e0 <strong>l&#8217;am\u00e9lioration de l&#8217;approvisionnement en mat\u00e9riaux<\/strong>, de la logistique et des processus op\u00e9rationnels. Aux c\u00f4t\u00e9s d&#8217;une \u00e9quipe de designers et d&#8217;artisans de renom, Alex et Gildas instaurent <strong>une culture de synergie collaborative et innovante.<\/strong><\/p>\n<p><img loading=\"lazy\" decoding=\"async\" class=\"wp-image-5477 size-thumbnail alignleft\" src=\"https:\/\/darmes.ca\/wp-content\/uploads\/2025\/09\/alex-gildas-studio-darmes-300x300.jpg\" alt=\"\" width=\"300\" height=\"300\" \/><\/p>\n<h3><\/h3>\n<h3><\/h3>\n<h3><\/h3>\n<h3><\/h3>\n<h3><\/h3>\n<h3><\/h3>\n<h3><\/h3>\n<h3><\/h3>\n<h3><b>Une vision singuli\u00e8re<\/b><\/h3>\n<p>DARMES explore une fronti\u00e8re unique o\u00f9 la fonctionnalit\u00e9 rencontre la sensibilit\u00e9 artistique, avec une approche personnelle guid\u00e9e par <strong>une vision libre et intemporelle<\/strong>. Con\u00e7us comme des \u0153uvres d&#8217;art \u00e0 part enti\u00e8re, les luminaires transcendent leur r\u00f4le utilitaire pour cr\u00e9er <strong>une atmosph\u00e8re empreinte de calme, de r\u00e9flexion et d&#8217;harmonie.<\/strong> Chaque cr\u00e9ation devient une exp\u00e9rience sensorielle, un dialogue silencieux entre la lumi\u00e8re, l&#8217;espace et l&#8217;\u00e9motion.<\/p>\n<h3><b>Artisanal et durable<\/b><\/h3>\n<p>Alex et Gildas partagent une vision globale o\u00f9 la cr\u00e9ativit\u00e9 et l&#8217;innovation sont indissociables de la <strong>responsabilit\u00e9 environnementale<\/strong>. Leur engagement se manifeste notamment par <strong>un processus de fabrication local<\/strong> \u00e0 90 %. Aujourd&#8217;hui, le studio travaille activement \u00e0 l&#8217;inclusion de processus de recyclage du verre dans ses nouvelles collections, confirmant ainsi cette approche durable. La philosophie mat\u00e9rielle de DARMES privil\u00e9gie <strong>l&#8217;essentiel en \u00e9liminant tout d\u00e9tail superflu<\/strong>, cr\u00e9ant ainsi des pi\u00e8ces intemporelles avec <strong>un profond respect pour les mat\u00e9riaux<\/strong>.<\/p>\n<h3><b>Une fabrication collaborative<\/b><\/h3>\n<p>La co-cr\u00e9ation d\u00e9finit la philosophie de DARMES. Alex et Gildas orchestrent un processus unique de s\u00e9lection des talents, rassemblant des designers et des artisans visionnaires. <a href=\"https:\/\/willchoui.com\/\"><span style=\"font-weight: 400;\">Will Choui<\/span><\/a><span style=\"font-weight: 400;\"> pour la collection <\/span><a href=\"https:\/\/darmes.ca\/?_series=1979#products\"><span style=\"font-weight: 400;\">1979<\/span><\/a><span style=\"font-weight: 400;\">, <\/span><a href=\"https:\/\/www.finkrstudio.com\/about\"><span style=\"font-weight: 400;\">Florian Martin<\/span><\/a><span style=\"font-weight: 400;\"> pour <\/span><span style=\"font-weight: 400;\">la collection <\/span><a href=\"https:\/\/darmes.ca\/fr\/?post_type=product&amp;p=4713\" target=\"_blank\" rel=\"noopener\"><span style=\"font-weight: 400;\">Doppler<\/span><\/a><span style=\"font-weight: 400;\">, <\/span><a href=\"https:\/\/www.verredonge.com\/\"><span style=\"font-weight: 400;\">Jeremie d\u2019Onge<\/span><\/a><span style=\"font-weight: 400;\"> pour la collection <\/span><a href=\"https:\/\/darmes.ca\/fr\/produit\/gigi-table\/\" target=\"_blank\" rel=\"noopener\"><span style=\"font-weight: 400;\">Gigi<\/span><\/a><span style=\"font-weight: 400;\"> et <\/span><a href=\"https:\/\/atelierg-ca.myshopify.com\/\"><span style=\"font-weight: 400;\">Greta Jonckheere<\/span><\/a><span style=\"font-weight: 400;\"> pour la production de la <a href=\"https:\/\/darmes.ca\/fr\/produit\/hyphen-suspension\/\" target=\"_blank\" rel=\"noopener\">finition porcelaine pour Hyphen<\/a><\/span><span style=\"font-weight: 400;\">.<\/span> Cette approche collaborative leur permet de repousser les limites des mat\u00e9riaux et des techniques, cr\u00e9ant ainsi des luminaires distinctifs et uniques.<\/p>\n","protected":false},"excerpt":{"rendered":"<p>Alex Joncas et Gildas Le Bars ont fond\u00e9 DARMES en 2016 et \u00e9tabli leur si\u00e8ge social dans les Laurentides, au Qu\u00e9bec. Alex Joncas, designer en chef, repousse les limites de sa pratique personnelle, m\u00ealant la vision du studio \u00e0 son exploration de la forme, de la simplicit\u00e9 et \u00e0 une approche collaborative du design. Fort [&#8230;]<\/p>\n<p><a class=\"btn btn-secondary understrap-read-more-link\" href=\"https:\/\/darmes.ca\/fr\/studio\/\">Lire plus&#8230;<\/a><\/p>\n","protected":false},"author":2001,"featured_media":0,"parent":0,"menu_order":0,"comment_status":"closed","ping_status":"closed","template":"page-templates\/about.php","meta":{"_acf_changed":false,"content-type":"","footnotes":""},"class_list":["post-5817","page","type-page","status-publish","hentry"],"acf":[],"yoast_head":"<!-- This site is optimized with the Yoast SEO plugin v27.2 - https:\/\/yoast.com\/product\/yoast-seo-wordpress\/ -->\n<title>Studio - Designers et fabricants de luminaires au Canada<\/title>\n<meta name=\"robots\" content=\"index, follow, max-snippet:-1, max-image-preview:large, max-video-preview:-1\" \/>\n<link rel=\"canonical\" href=\"https:\/\/darmes.ca\/fr\/studio\/\" \/>\n<meta property=\"og:locale\" content=\"fr_FR\" \/>\n<meta property=\"og:type\" content=\"article\" \/>\n<meta property=\"og:title\" content=\"Studio - Designers et fabricants de luminaires au Canada\" \/>\n<meta property=\"og:description\" content=\"Alex Joncas et Gildas Le Bars ont fond\u00e9 DARMES en 2016 et \u00e9tabli leur si\u00e8ge social dans les Laurentides, au Qu\u00e9bec. Alex Joncas, designer en chef, repousse les limites de sa pratique personnelle, m\u00ealant la vision du studio \u00e0 son exploration de la forme, de la simplicit\u00e9 et \u00e0 une approche collaborative du design. Fort [...]Lire plus...\" \/>\n<meta property=\"og:url\" content=\"https:\/\/darmes.ca\/fr\/studio\/\" \/>\n<meta property=\"og:site_name\" content=\"Designers et fabricants de luminaires au Canada\" \/>\n<meta property=\"article:modified_time\" content=\"2026-03-05T19:47:53+00:00\" \/>\n<meta property=\"og:image\" content=\"https:\/\/darmes.ca\/wp-content\/uploads\/2025\/09\/alex-gildas-studio-darmes-300x300.jpg\" \/>\n<meta name=\"twitter:card\" content=\"summary_large_image\" \/>\n<meta name=\"twitter:label1\" content=\"Dur\u00e9e de lecture estim\u00e9e\" \/>\n\t<meta name=\"twitter:data1\" content=\"2 minutes\" \/>\n<script type=\"application\/ld+json\" class=\"yoast-schema-graph\">{\"@context\":\"https:\/\/schema.org\",\"@graph\":[{\"@type\":\"WebPage\",\"@id\":\"https:\/\/darmes.ca\/fr\/studio\/\",\"url\":\"https:\/\/darmes.ca\/fr\/studio\/\",\"name\":\"Studio - Designers et fabricants de luminaires au Canada\",\"isPartOf\":{\"@id\":\"https:\/\/darmes.ca\/fr\/#website\"},\"primaryImageOfPage\":{\"@id\":\"https:\/\/darmes.ca\/fr\/studio\/#primaryimage\"},\"image\":{\"@id\":\"https:\/\/darmes.ca\/fr\/studio\/#primaryimage\"},\"thumbnailUrl\":\"https:\/\/darmes.ca\/wp-content\/uploads\/2025\/09\/alex-gildas-studio-darmes-300x300.jpg\",\"datePublished\":\"2026-03-05T19:33:00+00:00\",\"dateModified\":\"2026-03-05T19:47:53+00:00\",\"breadcrumb\":{\"@id\":\"https:\/\/darmes.ca\/fr\/studio\/#breadcrumb\"},\"inLanguage\":\"fr-FR\",\"potentialAction\":[{\"@type\":\"ReadAction\",\"target\":[\"https:\/\/darmes.ca\/fr\/studio\/\"]}]},{\"@type\":\"ImageObject\",\"inLanguage\":\"fr-FR\",\"@id\":\"https:\/\/darmes.ca\/fr\/studio\/#primaryimage\",\"url\":\"https:\/\/darmes.ca\/wp-content\/uploads\/2025\/09\/alex-gildas-studio-darmes-300x300.jpg\",\"contentUrl\":\"https:\/\/darmes.ca\/wp-content\/uploads\/2025\/09\/alex-gildas-studio-darmes-300x300.jpg\"},{\"@type\":\"BreadcrumbList\",\"@id\":\"https:\/\/darmes.ca\/fr\/studio\/#breadcrumb\",\"itemListElement\":[{\"@type\":\"ListItem\",\"position\":1,\"name\":\"Home\",\"item\":\"https:\/\/darmes.ca\/fr\/\"},{\"@type\":\"ListItem\",\"position\":2,\"name\":\"Studio\"}]},{\"@type\":\"WebSite\",\"@id\":\"https:\/\/darmes.ca\/fr\/#website\",\"url\":\"https:\/\/darmes.ca\/fr\/\",\"name\":\"Designers et fabricants de luminaires au Canada\",\"description\":\"\",\"publisher\":{\"@id\":\"https:\/\/darmes.ca\/fr\/#organization\"},\"potentialAction\":[{\"@type\":\"SearchAction\",\"target\":{\"@type\":\"EntryPoint\",\"urlTemplate\":\"https:\/\/darmes.ca\/fr\/?s={search_term_string}\"},\"query-input\":{\"@type\":\"PropertyValueSpecification\",\"valueRequired\":true,\"valueName\":\"search_term_string\"}}],\"inLanguage\":\"fr-FR\"},{\"@type\":\"Organization\",\"@id\":\"https:\/\/darmes.ca\/fr\/#organization\",\"name\":\"d'Armes\",\"url\":\"https:\/\/darmes.ca\/fr\/\",\"logo\":{\"@type\":\"ImageObject\",\"inLanguage\":\"fr-FR\",\"@id\":\"https:\/\/darmes.ca\/fr\/#\/schema\/logo\/image\/\",\"url\":\"https:\/\/darmes.ca\/wp-content\/uploads\/2021\/07\/darmes-logo.png\",\"contentUrl\":\"https:\/\/darmes.ca\/wp-content\/uploads\/2021\/07\/darmes-logo.png\",\"width\":250,\"height\":258,\"caption\":\"d'Armes\"},\"image\":{\"@id\":\"https:\/\/darmes.ca\/fr\/#\/schema\/logo\/image\/\"}}]}<\/script>\n<!-- \/ Yoast SEO plugin. -->","yoast_head_json":{"title":"Studio - Designers et fabricants de luminaires au Canada","robots":{"index":"index","follow":"follow","max-snippet":"max-snippet:-1","max-image-preview":"max-image-preview:large","max-video-preview":"max-video-preview:-1"},"canonical":"https:\/\/darmes.ca\/fr\/studio\/","og_locale":"fr_FR","og_type":"article","og_title":"Studio - Designers et fabricants de luminaires au Canada","og_description":"Alex Joncas et Gildas Le Bars ont fond\u00e9 DARMES en 2016 et \u00e9tabli leur si\u00e8ge social dans les Laurentides, au Qu\u00e9bec. Alex Joncas, designer en chef, repousse les limites de sa pratique personnelle, m\u00ealant la vision du studio \u00e0 son exploration de la forme, de la simplicit\u00e9 et \u00e0 une approche collaborative du design. Fort [...]Lire plus...","og_url":"https:\/\/darmes.ca\/fr\/studio\/","og_site_name":"Designers et fabricants de luminaires au Canada","article_modified_time":"2026-03-05T19:47:53+00:00","og_image":[{"url":"https:\/\/darmes.ca\/wp-content\/uploads\/2025\/09\/alex-gildas-studio-darmes-300x300.jpg","type":"","width":"","height":""}],"twitter_card":"summary_large_image","twitter_misc":{"Dur\u00e9e de lecture estim\u00e9e":"2 minutes"},"schema":{"@context":"https:\/\/schema.org","@graph":[{"@type":"WebPage","@id":"https:\/\/darmes.ca\/fr\/studio\/","url":"https:\/\/darmes.ca\/fr\/studio\/","name":"Studio - Designers et fabricants de luminaires au Canada","isPartOf":{"@id":"https:\/\/darmes.ca\/fr\/#website"},"primaryImageOfPage":{"@id":"https:\/\/darmes.ca\/fr\/studio\/#primaryimage"},"image":{"@id":"https:\/\/darmes.ca\/fr\/studio\/#primaryimage"},"thumbnailUrl":"https:\/\/darmes.ca\/wp-content\/uploads\/2025\/09\/alex-gildas-studio-darmes-300x300.jpg","datePublished":"2026-03-05T19:33:00+00:00","dateModified":"2026-03-05T19:47:53+00:00","breadcrumb":{"@id":"https:\/\/darmes.ca\/fr\/studio\/#breadcrumb"},"inLanguage":"fr-FR","potentialAction":[{"@type":"ReadAction","target":["https:\/\/darmes.ca\/fr\/studio\/"]}]},{"@type":"ImageObject","inLanguage":"fr-FR","@id":"https:\/\/darmes.ca\/fr\/studio\/#primaryimage","url":"https:\/\/darmes.ca\/wp-content\/uploads\/2025\/09\/alex-gildas-studio-darmes-300x300.jpg","contentUrl":"https:\/\/darmes.ca\/wp-content\/uploads\/2025\/09\/alex-gildas-studio-darmes-300x300.jpg"},{"@type":"BreadcrumbList","@id":"https:\/\/darmes.ca\/fr\/studio\/#breadcrumb","itemListElement":[{"@type":"ListItem","position":1,"name":"Home","item":"https:\/\/darmes.ca\/fr\/"},{"@type":"ListItem","position":2,"name":"Studio"}]},{"@type":"WebSite","@id":"https:\/\/darmes.ca\/fr\/#website","url":"https:\/\/darmes.ca\/fr\/","name":"Designers et fabricants de luminaires au Canada","description":"","publisher":{"@id":"https:\/\/darmes.ca\/fr\/#organization"},"potentialAction":[{"@type":"SearchAction","target":{"@type":"EntryPoint","urlTemplate":"https:\/\/darmes.ca\/fr\/?s={search_term_string}"},"query-input":{"@type":"PropertyValueSpecification","valueRequired":true,"valueName":"search_term_string"}}],"inLanguage":"fr-FR"},{"@type":"Organization","@id":"https:\/\/darmes.ca\/fr\/#organization","name":"d'Armes","url":"https:\/\/darmes.ca\/fr\/","logo":{"@type":"ImageObject","inLanguage":"fr-FR","@id":"https:\/\/darmes.ca\/fr\/#\/schema\/logo\/image\/","url":"https:\/\/darmes.ca\/wp-content\/uploads\/2021\/07\/darmes-logo.png","contentUrl":"https:\/\/darmes.ca\/wp-content\/uploads\/2021\/07\/darmes-logo.png","width":250,"height":258,"caption":"d'Armes"},"image":{"@id":"https:\/\/darmes.ca\/fr\/#\/schema\/logo\/image\/"}}]}},"_links":{"self":[{"href":"https:\/\/darmes.ca\/fr\/wp-json\/wp\/v2\/pages\/5817","targetHints":{"allow":["GET"]}}],"collection":[{"href":"https:\/\/darmes.ca\/fr\/wp-json\/wp\/v2\/pages"}],"about":[{"href":"https:\/\/darmes.ca\/fr\/wp-json\/wp\/v2\/types\/page"}],"author":[{"embeddable":true,"href":"https:\/\/darmes.ca\/fr\/wp-json\/wp\/v2\/users\/2001"}],"replies":[{"embeddable":true,"href":"https:\/\/darmes.ca\/fr\/wp-json\/wp\/v2\/comments?post=5817"}],"version-history":[{"count":4,"href":"https:\/\/darmes.ca\/fr\/wp-json\/wp\/v2\/pages\/5817\/revisions"}],"predecessor-version":[{"id":5824,"href":"https:\/\/darmes.ca\/fr\/wp-json\/wp\/v2\/pages\/5817\/revisions\/5824"}],"wp:attachment":[{"href":"https:\/\/darmes.ca\/fr\/wp-json\/wp\/v2\/media?parent=5817"}],"curies":[{"name":"wp","href":"https:\/\/api.w.org\/{rel}","templated":true}]}}